{"id":402,"date":"2025-06-02T16:47:15","date_gmt":"2025-06-02T14:47:15","guid":{"rendered":"https:\/\/serredelamadone.fr\/?page_id=402"},"modified":"2025-10-03T16:52:53","modified_gmt":"2025-10-03T14:52:53","slug":"press-and-professionals","status":"publish","type":"page","link":"https:\/\/serredelamadone.fr\/fr\/press-and-professionals\/","title":{"rendered":"Press and professionals"},"content":{"rendered":"<div class=\"wp-block-cover alignfull green-band wp-duotone-unset-1\" style=\"margin-top:0;margin-bottom:0;padding-top:var(--wp--preset--spacing--50);padding-right:var(--wp--preset--spacing--50);padding-bottom:var(--wp--preset--spacing--50);padding-left:var(--wp--preset--spacing--50);min-height:25vw;aspect-ratio:unset;\"><img loading=\"lazy\" decoding=\"async\" width=\"2000\" height=\"556\" class=\"wp-block-cover__image-background wp-image-1650 size-full\" alt=\"\" src=\"https:\/\/serredelamadone.fr\/wp-content\/uploads\/2025\/08\/professionals-header.jpg\" data-object-fit=\"cover\" srcset=\"https:\/\/serredelamadone.fr\/wp-content\/uploads\/2025\/08\/professionals-header.jpg 2000w, https:\/\/serredelamadone.fr\/wp-content\/uploads\/2025\/08\/professionals-header-768x214.jpg 768w, https:\/\/serredelamadone.fr\/wp-content\/uploads\/2025\/08\/professionals-header-1536x427.jpg 1536w, https:\/\/serredelamadone.fr\/wp-content\/uploads\/2025\/08\/professionals-header-18x5.jpg 18w\" sizes=\"auto, (max-width: 2000px) 100vw, 2000px\" \/><span aria-hidden=\"true\" class=\"wp-block-cover__background has-black-background-color has-background-dim-20 has-background-dim\"><\/span><div class=\"wp-block-cover__inner-container has-global-padding is-layout-constrained wp-container-core-cover-is-layout-d89aad35 wp-block-cover-is-layout-constrained\">\n<div class=\"wp-block-group alignwide has-global-padding is-content-justification-left is-layout-constrained wp-container-core-group-is-layout-12dd3699 wp-block-group-is-layout-constrained\">\n<h2 class=\"wp-block-heading has-text-align-left has-xx-large-font-size\">Presse &amp; professionels<\/h2>\n\n\n<\/div>\n<\/div><\/div>\n\n\n\n<div style=\"height:50px\" aria-hidden=\"true\" class=\"wp-block-spacer spacer-20-no-margin\"><\/div>\n\n\n\n<div class=\"wp-block-columns alignwide is-layout-flex wp-container-core-columns-is-layout-28f84493 wp-block-columns-is-layout-flex\">\n<div class=\"wp-block-column is-layout-flow wp-block-column-is-layout-flow\">\n<h2 class=\"wp-block-heading has-text-align-center\">Presse<\/h2>\n\n\n\n<div class=\"wp-block-columns is-layout-flex wp-container-core-columns-is-layout-28f84493 wp-block-columns-is-layout-flex\">\n<div class=\"wp-block-column is-layout-flow wp-block-column-is-layout-flow\">\n<p class=\"has-accent-1-color has-text-color has-link-color wp-elements-e9df2265a72dc03f7ef5d7588c8f7279\"><strong>Dossier de presse<\/strong><\/p>\n\n\n\n<p class=\"has-small-font-size\">Voir ou t\u00e9l\u00e9charger notre dossier de presse en cliquant l'image ou le lien ci-dessous. Pour plus d\u2019information, n'h\u00e9sitez pas \u00e0 <a href=\"https:\/\/serredelamadone.fr\/fr\/contact\/\" data-type=\"page\" data-id=\"190\">nous contacter<\/a>.<\/p>\n\n\n\n<figure class=\"wp-block-image size-full\"><a href=\"https:\/\/serredelamadone.fr\/wp-content\/uploads\/2025\/08\/dossier-presse-serre-de-la-madone.pdf\" target=\"_blank\" rel=\" noreferrer noopener\"><img loading=\"lazy\" decoding=\"async\" width=\"1000\" height=\"707\" src=\"https:\/\/serredelamadone.fr\/wp-content\/uploads\/2025\/08\/dossier-presse.jpg\" alt=\"\" class=\"wp-image-1893\" srcset=\"https:\/\/serredelamadone.fr\/wp-content\/uploads\/2025\/08\/dossier-presse.jpg 1000w, https:\/\/serredelamadone.fr\/wp-content\/uploads\/2025\/08\/dossier-presse-768x543.jpg 768w, https:\/\/serredelamadone.fr\/wp-content\/uploads\/2025\/08\/dossier-presse-18x12.jpg 18w\" sizes=\"auto, (max-width: 1000px) 100vw, 1000px\" \/><\/a><\/figure>\n\n\n\n<p style=\"margin-right:-10px\"><a href=\"https:\/\/serredelamadone.fr\/wp-content\/uploads\/2025\/08\/dossier-presse-serre-de-la-madone.pdf\" data-type=\"attachment\" data-id=\"1886\" target=\"_blank\" rel=\"noreferrer noopener\">T\u00e9l\u00e9charger\u00a0\u203a<\/a><\/p>\n\n\n\n<div style=\"height:20px\" aria-hidden=\"true\" class=\"wp-block-spacer spacer-20-no-margin\"><\/div>\n\n\n\n<p class=\"has-accent-1-color has-text-color has-link-color wp-elements-8837a372199c701e3f9307ec3647010e\"><strong>Communiqu\u00e9s de presse<\/strong><\/p>\n\n\n\n<p class=\"has-small-font-size\">Voir ou t\u00e9l\u00e9charger nos communiqu\u00e9s de presse en cliquant les liens ci-dessous. Pour plus d\u2019information, n'h\u00e9sitez pas \u00e0 <a href=\"https:\/\/serredelamadone.fr\/fr\/contact\/\" data-type=\"page\" data-id=\"190\">nous contacter<\/a>.<\/p>\n\n\n\n<p class=\"has-small-font-size\"><a href=\"https:\/\/serredelamadone.fr\/wp-content\/uploads\/2025\/09\/CP_REMISE_OFFICIELLE_LOTO_DU_PATRIMOINE_2025.pdf\" data-type=\"attachment\" data-id=\"2157\" target=\"_blank\" rel=\"noreferrer noopener\">Remise officielle du prix du Loto du Patrimoine<\/a> - septembre 2025<\/p>\n\n\n\n<p class=\"has-small-font-size\"><a href=\"https:\/\/serredelamadone.fr\/wp-content\/uploads\/2025\/09\/CP_REMISE_OFFICIELLE_LOTO_DU_PATRIMOINE_2025.pdf\" data-type=\"attachment\" data-id=\"2157\" target=\"_blank\" rel=\"noreferrer noopener\">Journ\u00e9es Europ\u00e9ennes du Patrimoine 2025<\/a> - le 15 septembre 2025<\/p>\n<\/div>\n\n\n\n<div class=\"wp-block-column is-layout-flow wp-block-column-is-layout-flow\">\n<p class=\"has-accent-1-color has-text-color has-link-color wp-elements-55171d7698a8c94d1ef7684d1a4358ce\"><strong>M\u00e9diath\u00e8que<\/strong><\/p>\n\n\n\n<p class=\"has-small-font-size\">Toutes les images dans la m\u00e9diath\u00e8que vous sont disponibles libres de droits. Pour d'autres images, veuillez <a href=\"https:\/\/serredelamadone.fr\/fr\/contact\/\" data-type=\"page\" data-id=\"190\">nous contacter<\/a>.<\/p>\n\n\n\n<figure class=\"wp-block-image size-full\"><a href=\"https:\/\/drive.google.com\/drive\/folders\/1iwah4XQ_S3vezKZ8IB77E2c7zQ0EqZWx?usp=sharing\" target=\"_blank\" rel=\" noreferrer noopener\"><img loading=\"lazy\" decoding=\"async\" width=\"1000\" height=\"707\" src=\"https:\/\/serredelamadone.fr\/wp-content\/uploads\/2025\/08\/selection-images.jpg\" alt=\"\" class=\"wp-image-1911\" srcset=\"https:\/\/serredelamadone.fr\/wp-content\/uploads\/2025\/08\/selection-images.jpg 1000w, https:\/\/serredelamadone.fr\/wp-content\/uploads\/2025\/08\/selection-images-768x543.jpg 768w, https:\/\/serredelamadone.fr\/wp-content\/uploads\/2025\/08\/selection-images-18x12.jpg 18w\" sizes=\"auto, (max-width: 1000px) 100vw, 1000px\" \/><\/a><\/figure>\n\n\n\n<p><a href=\"https:\/\/drive.google.com\/drive\/folders\/1iwah4XQ_S3vezKZ8IB77E2c7zQ0EqZWx?usp=sharing\" target=\"_blank\" rel=\"noreferrer noopener\">Ver la m\u00e9diath\u00e8que\u00a0\u203a<\/a><\/p>\n<\/div>\n<\/div>\n<\/div>\n\n\n\n<div class=\"wp-block-column is-layout-flow wp-block-column-is-layout-flow\">\n<h2 class=\"wp-block-heading has-text-align-center\">Professionels du voyage &amp; de l\u2019education<\/h2>\n<\/div>\n<\/div>\n\n\n\n<div style=\"height:50px\" aria-hidden=\"true\" class=\"wp-block-spacer\"><\/div>\n\n\n\n<p><\/p>","protected":false},"excerpt":{"rendered":"<p>Press Press Kit View or download our press kit by clicking the image or link below. If you\u2019d like further information, don&#8217;t hesitate to contact us. Download ( in French)&nbsp;\u203a [&hellip;]<\/p>","protected":false},"author":1,"featured_media":0,"parent":0,"menu_order":0,"comment_status":"closed","ping_status":"closed","template":"page-no-title","meta":{"_EventAllDay":false,"_EventTimezone":"","_EventStartDate":"","_EventEndDate":"","_EventStartDateUTC":"","_EventEndDateUTC":"","_EventShowMap":false,"_EventShowMapLink":false,"_EventURL":"","_EventCost":"","_EventCostDescription":"","_EventCurrencySymbol":"","_EventCurrencyCode":"","_EventCurrencyPosition":"","_EventDateTimeSeparator":"","_EventTimeRangeSeparator":"","_EventOrganizerID":[],"_EventVenueID":[],"_OrganizerEmail":"","_OrganizerPhone":"","_OrganizerWebsite":"","_VenueAddress":"","_VenueCity":"","_VenueCountry":"","_VenueProvince":"","_VenueState":"","_VenueZip":"","_VenuePhone":"","_VenueURL":"","_VenueStateProvince":"","_VenueLat":"","_VenueLng":"","_VenueShowMap":false,"_VenueShowMapLink":false,"footnotes":""},"class_list":["post-402","page","type-page","status-publish","hentry"],"_links":{"self":[{"href":"https:\/\/serredelamadone.fr\/fr\/wp-json\/wp\/v2\/pages\/402","targetHints":{"allow":["GET"]}}],"collection":[{"href":"https:\/\/serredelamadone.fr\/fr\/wp-json\/wp\/v2\/pages"}],"about":[{"href":"https:\/\/serredelamadone.fr\/fr\/wp-json\/wp\/v2\/types\/page"}],"author":[{"embeddable":true,"href":"https:\/\/serredelamadone.fr\/fr\/wp-json\/wp\/v2\/users\/1"}],"replies":[{"embeddable":true,"href":"https:\/\/serredelamadone.fr\/fr\/wp-json\/wp\/v2\/comments?post=402"}],"version-history":[{"count":27,"href":"https:\/\/serredelamadone.fr\/fr\/wp-json\/wp\/v2\/pages\/402\/revisions"}],"predecessor-version":[{"id":2345,"href":"https:\/\/serredelamadone.fr\/fr\/wp-json\/wp\/v2\/pages\/402\/revisions\/2345"}],"wp:attachment":[{"href":"https:\/\/serredelamadone.fr\/fr\/wp-json\/wp\/v2\/media?parent=402"}],"curies":[{"name":"wp","href":"https:\/\/api.w.org\/{rel}","templated":true}]}}