{"id":323,"date":"2025-06-01T15:10:30","date_gmt":"2025-06-01T13:10:30","guid":{"rendered":"https:\/\/serredelamadone.fr\/?page_id=323"},"modified":"2026-03-03T14:00:28","modified_gmt":"2026-03-03T13:00:28","slug":"plan-your-visit","status":"publish","type":"page","link":"https:\/\/serredelamadone.fr\/fr\/plan-your-visit\/","title":{"rendered":"Planifiez votre visite"},"content":{"rendered":"<div class=\"wp-block-cover alignfull img-top-center green-band wp-duotone-unset-1\" style=\"margin-top:0;margin-bottom:0;padding-top:var(--wp--preset--spacing--50);padding-right:var(--wp--preset--spacing--50);padding-bottom:var(--wp--preset--spacing--50);padding-left:var(--wp--preset--spacing--50);min-height:25vw;aspect-ratio:unset;\"><img loading=\"lazy\" decoding=\"async\" width=\"1800\" height=\"500\" class=\"wp-block-cover__image-background wp-image-705 size-full\" alt=\"\" src=\"https:\/\/serredelamadone.fr\/wp-content\/uploads\/2025\/07\/practical-info-header4.jpg\" data-object-fit=\"cover\" srcset=\"https:\/\/serredelamadone.fr\/wp-content\/uploads\/2025\/07\/practical-info-header4.jpg 1800w, https:\/\/serredelamadone.fr\/wp-content\/uploads\/2025\/07\/practical-info-header4-768x213.jpg 768w, https:\/\/serredelamadone.fr\/wp-content\/uploads\/2025\/07\/practical-info-header4-1536x427.jpg 1536w, https:\/\/serredelamadone.fr\/wp-content\/uploads\/2025\/07\/practical-info-header4-18x5.jpg 18w\" sizes=\"auto, (max-width: 1800px) 100vw, 1800px\" \/><span aria-hidden=\"true\" class=\"wp-block-cover__background has-black-background-color has-background-dim-20 has-background-dim\"><\/span><div class=\"wp-block-cover__inner-container has-global-padding is-layout-constrained wp-container-core-cover-is-layout-d89aad35 wp-block-cover-is-layout-constrained\">\n<div class=\"wp-block-group alignwide has-global-padding is-content-justification-left is-layout-constrained wp-container-core-group-is-layout-12dd3699 wp-block-group-is-layout-constrained\">\n<h2 class=\"wp-block-heading has-text-align-left shadow-text\" style=\"font-size:clamp(1.884rem, 1.884rem + ((1vw - 0.2rem) * 2.221), 3.3rem);\">Planifiez votre visite<\/h2>\n<\/div>\n<\/div><\/div>\n\n\n\n<div style=\"height:30px\" aria-hidden=\"true\" class=\"wp-block-spacer spacer-20-no-margin\"><\/div>\n\n\n\n<p class=\"has-text-align-center\">D\u00e9couvrez toutes les informations pratiques pour organiser votre visite au jardin Serre de la Madone, \u00e0 Menton.<\/p>\n\n\n\n<p class=\"has-text-align-center\">Pr\u00e9parez votre venue dans ce jardin remarquable class\u00e9 Monument historique, nich\u00e9 sur les hauteurs de la Riviera.<\/p>\n\n\n<nav class=\"has-text-color has-accent-1-color items-justified-center alignwide in-page-menu wp-block-navigation is-content-justification-center is-layout-flex wp-container-core-navigation-is-layout-a89b3969 wp-block-navigation-is-layout-flex\" aria-label=\"Menu\"><ul class=\"wp-block-navigation__container has-text-color has-accent-1-color items-justified-center alignwide in-page-menu wp-block-navigation\"><li class=\"wp-block-navigation-item wp-block-navigation-link\"><a class=\"wp-block-navigation-item__content\"  href=\"#open-hours\"><span class=\"wp-block-navigation-item__label\">Horaires d\u2019ouverture<\/span><\/a><\/li><li class=\"wp-block-navigation-item wp-block-navigation-link\"><a class=\"wp-block-navigation-item__content\"  href=\"#entry-fees\"><span class=\"wp-block-navigation-item__label\">Tarifs<\/span><\/a><\/li><li class=\"wp-block-navigation-item wp-block-navigation-link\"><a class=\"wp-block-navigation-item__content\"  href=\"#getting-here\"><span class=\"wp-block-navigation-item__label\">Emplacement et itin\u00e9raire<\/span><\/a><\/li><li class=\"wp-block-navigation-item wp-block-navigation-link\"><a class=\"wp-block-navigation-item__content\"  href=\"#accessibility\"><span class=\"wp-block-navigation-item__label\">Accessibilit\u00e9<\/span><\/a><\/li><li class=\"wp-block-navigation-item wp-block-navigation-link\"><a class=\"wp-block-navigation-item__content\"  href=\"#good-to-know\"><span class=\"wp-block-navigation-item__label\">Bon conseils<\/span><\/a><\/li><\/ul><\/nav>\n\n\n<div style=\"margin-top:0px;margin-bottom:0px;height:30px\" aria-hidden=\"true\" class=\"wp-block-spacer\"><\/div>\n\n\n\n<div class=\"wp-block-columns alignwide is-style-default is-layout-flex wp-container-core-columns-is-layout-28f84493 wp-block-columns-is-layout-flex\">\n<div class=\"wp-block-column is-layout-flow wp-block-column-is-layout-flow\" style=\"flex-basis:65%\">\n<figure class=\"wp-block-image size-full\"><img loading=\"lazy\" decoding=\"async\" width=\"900\" height=\"573\" src=\"https:\/\/serredelamadone.fr\/wp-content\/uploads\/2025\/07\/opening-hours2.jpg\" alt=\"\" class=\"wp-image-733\" srcset=\"https:\/\/serredelamadone.fr\/wp-content\/uploads\/2025\/07\/opening-hours2.jpg 900w, https:\/\/serredelamadone.fr\/wp-content\/uploads\/2025\/07\/opening-hours2-768x489.jpg 768w, https:\/\/serredelamadone.fr\/wp-content\/uploads\/2025\/07\/opening-hours2-18x12.jpg 18w\" sizes=\"auto, (max-width: 900px) 100vw, 900px\" \/><\/figure>\n<\/div>\n\n\n\n<div class=\"wp-block-column is-layout-flow wp-block-column-is-layout-flow\" style=\"flex-basis:35%\">\n<h2 class=\"wp-block-heading\" id=\"open-hours\">Horaires d\u2019ouverture<\/h2>\n\n\n <\/p><p class=\"clock\">Le jardin est ouvert aujourd\u2019hui <span>10h00 \u2013 17h00<\/span><\/p>\n<p>\n\n\n\n<p class=\"has-text-align-left\"><table class=\"opening-hours hours-right outside-flush no-border\">\r\n\t<tr class=\"day lundi past weekday closed\">\r\n\t\t<th class=\"day-name\">Lundi<\/th>\r\n\t\t<td class=\"hours\">Ferm\u00e9<\/td>\r\n\t<\/tr>\r\n\t<tr class=\"day mardi past weekday\">\r\n\t\t<th class=\"day-name\">Mardi<\/th>\r\n\t\t<td class=\"hours\">10h00 \u2013 17h00<\/td>\r\n\t<\/tr>\r\n\t<tr class=\"day mercredi past weekday\">\r\n\t\t<th class=\"day-name\">Mercredi<\/th>\r\n\t\t<td class=\"hours\">10h00 \u2013 17h00<\/td>\r\n\t<\/tr>\r\n\t<tr class=\"day jeudi past weekday\">\r\n\t\t<th class=\"day-name\">Jeudi<\/th>\r\n\t\t<td class=\"hours\">10h00 \u2013 17h00<\/td>\r\n\t<\/tr>\r\n\t<tr class=\"day vendredi past weekday\">\r\n\t\t<th class=\"day-name\">Vendredi<\/th>\r\n\t\t<td class=\"hours\">10h00 \u2013 17h00<\/td>\r\n\t<\/tr>\r\n\t<tr class=\"day samedi past weekend\">\r\n\t\t<th class=\"day-name\">Samedi<\/th>\r\n\t\t<td class=\"hours\">10h00 \u2013 17h00<\/td>\r\n\t<\/tr>\r\n\t<tr class=\"day dimanche today weekend\">\r\n\t\t<th class=\"day-name\">Dimanche<\/th>\r\n\t\t<td class=\"hours\">10h00 \u2013 17h00<\/td>\r\n\t<\/tr>\r\n<\/table>\r\n<\/p>\n\n\n\n<p><strong><em>N.B.<\/em><\/strong> in January, February &amp; March Serre de la Madone is open from 10h00 to 17h00 to account for shorter days.<\/p>\n<\/div>\n<\/div>\n\n\n\n<hr class=\"wp-block-separator has-text-color has-accent-1-color has-alpha-channel-opacity has-accent-1-background-color has-background is-style-wide is-style-wide--2\" style=\"margin-top:50px;margin-bottom:50px\" id=\"entry-fees\"\/>\n\n\n\n<div class=\"wp-block-columns alignwide is-style-default is-layout-flex wp-container-core-columns-is-layout-28f84493 wp-block-columns-is-layout-flex\">\n<div class=\"wp-block-column is-layout-flow wp-block-column-is-layout-flow\" style=\"flex-basis:65%\">\n<h2 class=\"wp-block-heading\">Tarifs d\u2019entr\u00e9e visites libres<\/h2>\n\n\n\n<div class=\"wp-block-columns flex-no-wrap is-layout-flex wp-container-core-columns-is-layout-28f84493 wp-block-columns-is-layout-flex\">\n<div class=\"wp-block-column is-layout-flow wp-block-column-is-layout-flow\" style=\"flex-basis:100px\">\n<figure class=\"wp-block-image size-full\"><img loading=\"lazy\" decoding=\"async\" width=\"470\" height=\"306\" src=\"https:\/\/serredelamadone.fr\/wp-content\/uploads\/2025\/07\/ticket.png\" alt=\"\" class=\"wp-image-754\" srcset=\"https:\/\/serredelamadone.fr\/wp-content\/uploads\/2025\/07\/ticket.png 470w, https:\/\/serredelamadone.fr\/wp-content\/uploads\/2025\/07\/ticket-18x12.png 18w\" sizes=\"auto, (max-width: 470px) 100vw, 470px\" \/><\/figure>\n<\/div>\n\n\n\n<div class=\"wp-block-column is-vertically-aligned-center price-column is-layout-flow wp-block-column-is-layout-flow\" style=\"flex-basis:65px\">\n<p class=\"has-text-align-center\">10\u20ac<\/p>\n<\/div>\n\n\n\n<div class=\"wp-block-column is-vertically-aligned-center is-layout-flow wp-block-column-is-layout-flow\" style=\"font-size:clamp(14.642px, 0.915rem + ((1vw - 3.2px) * 0.721), 22px);\">\n<p><strong>Adultes<\/strong> +18 ans<\/p>\n<\/div>\n<\/div>\n\n\n\n<div class=\"wp-block-columns flex-no-wrap is-layout-flex wp-container-core-columns-is-layout-28f84493 wp-block-columns-is-layout-flex\">\n<div class=\"wp-block-column is-layout-flow wp-block-column-is-layout-flow\" style=\"flex-basis:100px\">\n<figure class=\"wp-block-image size-full\"><img loading=\"lazy\" decoding=\"async\" width=\"470\" height=\"306\" src=\"https:\/\/serredelamadone.fr\/wp-content\/uploads\/2025\/07\/ticket.png\" alt=\"\" class=\"wp-image-754\" srcset=\"https:\/\/serredelamadone.fr\/wp-content\/uploads\/2025\/07\/ticket.png 470w, https:\/\/serredelamadone.fr\/wp-content\/uploads\/2025\/07\/ticket-18x12.png 18w\" sizes=\"auto, (max-width: 470px) 100vw, 470px\" \/><\/figure>\n<\/div>\n\n\n\n<div class=\"wp-block-column is-vertically-aligned-center price-column is-layout-flow wp-block-column-is-layout-flow\" style=\"flex-basis:65px\">\n<p class=\"has-text-align-center\">7\u20ac<\/p>\n<\/div>\n\n\n\n<div class=\"wp-block-column is-vertically-aligned-center is-layout-flow wp-block-column-is-layout-flow\" style=\"font-size:clamp(14.642px, 0.915rem + ((1vw - 3.2px) * 0.721), 22px);\">\n<p><strong>Enfants<\/strong> 6 \u00e0 18 ans<\/p>\n<\/div>\n<\/div>\n\n\n\n<div style=\"height:10px\" aria-hidden=\"true\" class=\"wp-block-spacer\"><\/div>\n\n\n\n<h2 class=\"wp-block-heading\">Tarifs d\u2019entr\u00e9e visites guid\u00e9es<\/h2>\n\n\n\n<div class=\"wp-block-columns flex-no-wrap is-layout-flex wp-container-core-columns-is-layout-28f84493 wp-block-columns-is-layout-flex\">\n<div class=\"wp-block-column is-layout-flow wp-block-column-is-layout-flow\" style=\"flex-basis:100px\">\n<figure class=\"wp-block-image size-full\"><img loading=\"lazy\" decoding=\"async\" width=\"470\" height=\"306\" src=\"https:\/\/serredelamadone.fr\/wp-content\/uploads\/2025\/07\/ticket.png\" alt=\"\" class=\"wp-image-754\" srcset=\"https:\/\/serredelamadone.fr\/wp-content\/uploads\/2025\/07\/ticket.png 470w, https:\/\/serredelamadone.fr\/wp-content\/uploads\/2025\/07\/ticket-18x12.png 18w\" sizes=\"auto, (max-width: 470px) 100vw, 470px\" \/><\/figure>\n<\/div>\n\n\n\n<div class=\"wp-block-column is-vertically-aligned-center price-column is-layout-flow wp-block-column-is-layout-flow\" style=\"flex-basis:65px\">\n<p class=\"has-text-align-center\">15\u20ac<\/p>\n<\/div>\n\n\n\n<div class=\"wp-block-column is-vertically-aligned-center is-layout-flow wp-block-column-is-layout-flow\" style=\"font-size:clamp(14.642px, 0.915rem + ((1vw - 3.2px) * 0.721), 22px);\">\n<p><strong>Adultes<\/strong> +18 ans<\/p>\n<\/div>\n<\/div>\n\n\n\n<div class=\"wp-block-columns flex-no-wrap is-layout-flex wp-container-core-columns-is-layout-28f84493 wp-block-columns-is-layout-flex\">\n<div class=\"wp-block-column is-layout-flow wp-block-column-is-layout-flow\" style=\"flex-basis:100px\">\n<figure class=\"wp-block-image size-full\"><img loading=\"lazy\" decoding=\"async\" width=\"470\" height=\"306\" src=\"https:\/\/serredelamadone.fr\/wp-content\/uploads\/2025\/07\/ticket.png\" alt=\"\" class=\"wp-image-754\" srcset=\"https:\/\/serredelamadone.fr\/wp-content\/uploads\/2025\/07\/ticket.png 470w, https:\/\/serredelamadone.fr\/wp-content\/uploads\/2025\/07\/ticket-18x12.png 18w\" sizes=\"auto, (max-width: 470px) 100vw, 470px\" \/><\/figure>\n<\/div>\n\n\n\n<div class=\"wp-block-column is-vertically-aligned-center price-column is-layout-flow wp-block-column-is-layout-flow\" style=\"flex-basis:65px\">\n<p class=\"has-text-align-center\">11\u20ac<\/p>\n<\/div>\n\n\n\n<div class=\"wp-block-column is-vertically-aligned-center is-layout-flow wp-block-column-is-layout-flow\" style=\"font-size:clamp(14.642px, 0.915rem + ((1vw - 3.2px) * 0.721), 22px);\">\n<p><strong>Enfants<\/strong> 6 \u00e0 18 ans<\/p>\n<\/div>\n<\/div>\n\n\n\n<p><br>Entr\u00e9e gratuite pour les enfants de moins de 6 ans.<\/p>\n\n\n\n<p><b>Visites libres :<\/b> billets en vente uniquement \u00e0 l\u2019entr\u00e9e, le jour de votre venue.<br>\n<b>Visites guid\u00e9es :<\/b> \u00e0 r\u00e9server \u00e0 l\u2019avance. Pour en savoir plus et r\u00e9server, <a href=\"https:\/\/serredelamadone.fr\/fr\/guided-tours\/\" data-type=\"page\" data-id=\"155\">cliquez ici<\/a> .<\/p>\n<\/div>\n\n\n\n<div class=\"wp-block-column is-layout-flow wp-block-column-is-layout-flow\" style=\"flex-basis:35%\">\n<figure class=\"wp-block-image size-full\"><img loading=\"lazy\" decoding=\"async\" width=\"800\" height=\"1160\" src=\"https:\/\/serredelamadone.fr\/wp-content\/uploads\/2025\/07\/entry-fees.jpg\" alt=\"\" class=\"wp-image-746\" srcset=\"https:\/\/serredelamadone.fr\/wp-content\/uploads\/2025\/07\/entry-fees.jpg 800w, https:\/\/serredelamadone.fr\/wp-content\/uploads\/2025\/07\/entry-fees-768x1114.jpg 768w, https:\/\/serredelamadone.fr\/wp-content\/uploads\/2025\/07\/entry-fees-8x12.jpg 8w\" sizes=\"auto, (max-width: 800px) 100vw, 800px\" \/><\/figure>\n<\/div>\n<\/div>\n\n\n\n<hr class=\"wp-block-separator has-text-color has-accent-1-color has-alpha-channel-opacity has-accent-1-background-color has-background is-style-wide is-style-wide--3\" style=\"margin-top:50px;margin-bottom:50px\" id=\"getting-here\"\/>\n\n\n\n<h2 class=\"wp-block-heading alignwide\">Emplacement &amp; itin\u00e9raire<\/h2>\n\n\n\n<div class=\"wp-block-group alignwide is-nowrap is-layout-flex wp-container-core-group-is-layout-6c531013 wp-block-group-is-layout-flex\">\n<iframe src=\"https:\/\/www.google.com\/maps\/embed?pb=!1m18!1m12!1m3!1d2880.9356190463086!2d7.473098477060972!3d43.77419524459554!2m3!1f0!2f0!3f0!3m2!1i1024!2i768!4f13.1!3m3!1m2!1s0x12cde98736821b0d%3A0x368d338a82833128!2sSerre%20de%20la%20Madone!5e0!3m2!1sen!2sfr!4v1753281576703!5m2!1sen!2sfr\" width=\"100%\" height=\"450\" style=\"border:0;\" allowfullscreen=\"\" loading=\"lazy\" referrerpolicy=\"no-referrer-when-downgrade\"><\/iframe>\n<\/div>\n\n\n\n<p>\u26a0\ufe0f <strong>Important :<br><\/strong> Adresse compl\u00e8te (\u00e0 privil\u00e9gier dans votre GPS) :\n74, Route de Gorbio \u2013 06500 Menton<br>\nCoordonn\u00e9es GPS recommand\u00e9es : 43\u00b046\u201927.2\u2033N \u2013 7\u00b028\u201932.5\u2033E<br>Attention : indiquer simplement \u201c<em>Serre de la Madone<\/em>\u201d dans votre GPS peut entra\u00eener une erreur d\u2019itin\u00e9raire.<\/p>\n\n\n\n<hr class=\"wp-block-separator has-text-color has-accent-1-color has-alpha-channel-opacity has-accent-1-background-color has-background is-style-wide is-style-wide--4\" style=\"margin-top:50px;margin-bottom:50px\" id=\"accessibility\"\/>\n\n\n\n<div class=\"wp-block-columns alignwide is-style-default is-layout-flex wp-container-core-columns-is-layout-28f84493 wp-block-columns-is-layout-flex\">\n<div class=\"wp-block-column is-layout-flow wp-block-column-is-layout-flow\" style=\"flex-basis:65%\">\n<figure class=\"wp-block-image size-full\"><img loading=\"lazy\" decoding=\"async\" width=\"900\" height=\"477\" src=\"https:\/\/serredelamadone.fr\/wp-content\/uploads\/2025\/07\/accessibility.jpg\" alt=\"\" class=\"wp-image-770\" srcset=\"https:\/\/serredelamadone.fr\/wp-content\/uploads\/2025\/07\/accessibility.jpg 900w, https:\/\/serredelamadone.fr\/wp-content\/uploads\/2025\/07\/accessibility-768x407.jpg 768w, https:\/\/serredelamadone.fr\/wp-content\/uploads\/2025\/07\/accessibility-18x10.jpg 18w\" sizes=\"auto, (max-width: 900px) 100vw, 900px\" \/><\/figure>\n<\/div>\n\n\n\n<div class=\"wp-block-column is-layout-flow wp-block-column-is-layout-flow\" style=\"flex-basis:35%\">\n<h2 class=\"wp-block-heading\" id=\"open-hours\">Accessibilit\u00e9<\/h2>\n\n\n\n<p>Le jardin est am\u00e9nag\u00e9 sur des restanques en pente, avec de nombreux escaliers en pierre et sentiers irr\u00e9guliers. L\u2019acc\u00e8s peut \u00eatre difficile selon les profils visiteurs.<\/p>\n\n\n\n<figure class=\"wp-block-table access-table\"><table><tbody><tr><td><p><span class=\"big-chair\">\u267f\ufe0e<\/span><\/p><\/td><td><span style=\"caret-color: rgb(0, 0, 0); color: rgb(0, 0, 0); font-family: -webkit-standard; font-size: medium; white-space: normal;\">Fauteuils roulants : accessibilit\u00e9 tr\u00e8s limit\u00e9e.<\/span><\/td><\/tr><tr><td><p>\ud83e\ude7c<\/p><\/td><td><span style=\"caret-color: rgb(0, 0, 0); color: rgb(0, 0, 0); font-family: -webkit-standard; font-size: medium; white-space: normal;\">Mobilit\u00e9 r\u00e9duite : d\u00e9conseill\u00e9 sauf accompagnement, terrain escarp\u00e9.<\/span><br><\/td><\/tr><tr><td>\ud83d\udc68\u200d\ud83e\uddaf\u200d\u27a1\ufe0f<\/td><td><span>Malvoyants : une exp\u00e9rience sensorielle riche \u00e0 vivre avec accompagnant voyant.<\/span><\/td><\/tr><\/tbody><\/table><\/figure>\n\n\n\n<p>Chaussures de marche recommand\u00e9es pour tous les visiteurs.<\/p>\n<\/div>\n<\/div>\n\n\n\n<hr class=\"wp-block-separator has-text-color has-accent-1-color has-alpha-channel-opacity has-accent-1-background-color has-background is-style-wide is-style-wide--5\" style=\"margin-top:50px;margin-bottom:50px\" id=\"good-to-know\"\/>\n\n\n\n<div class=\"wp-block-columns alignwide is-style-default is-layout-flex wp-container-core-columns-is-layout-28f84493 wp-block-columns-is-layout-flex\">\n<div class=\"wp-block-column good-to-know is-layout-flow wp-block-column-is-layout-flow\" style=\"flex-basis:65%\">\n<h2 class=\"wp-block-heading\">Bon conseils<\/h2>\n\n\n\n<div class=\"wp-block-columns flex-no-wrap is-layout-flex wp-container-core-columns-is-layout-28f84493 wp-block-columns-is-layout-flex\">\n<div class=\"wp-block-column is-vertically-aligned-center is-layout-flow wp-block-column-is-layout-flow\" style=\"flex-basis:100px\">\n<figure class=\"wp-block-image alignleft size-full\"><img loading=\"lazy\" decoding=\"async\" width=\"512\" height=\"512\" src=\"https:\/\/serredelamadone.fr\/wp-content\/uploads\/2025\/07\/pawprint.png\" alt=\"\" class=\"wp-image-788\" srcset=\"https:\/\/serredelamadone.fr\/wp-content\/uploads\/2025\/07\/pawprint.png 512w, https:\/\/serredelamadone.fr\/wp-content\/uploads\/2025\/07\/pawprint-12x12.png 12w\" sizes=\"auto, (max-width: 512px) 100vw, 512px\" \/><\/figure>\n<\/div>\n\n\n\n<div class=\"wp-block-column is-vertically-aligned-center is-layout-flow wp-block-column-is-layout-flow\">\n<p class=\"has-text-align-left\"><span class=\"green-title\">Animaux<\/span><br>Seuls les chiens guides et d\u2019assistance sont autoris\u00e9s.<\/p>\n<\/div>\n<\/div>\n\n\n\n<div class=\"wp-block-columns is-layout-flex wp-container-core-columns-is-layout-28f84493 wp-block-columns-is-layout-flex\">\n<div class=\"wp-block-column is-vertically-aligned-center is-layout-flow wp-block-column-is-layout-flow\" style=\"flex-basis:100px\">\n<figure class=\"wp-block-image alignleft size-full\"><img loading=\"lazy\" decoding=\"async\" width=\"512\" height=\"512\" src=\"https:\/\/serredelamadone.fr\/wp-content\/uploads\/2025\/07\/camera.png\" alt=\"\" class=\"wp-image-794\" srcset=\"https:\/\/serredelamadone.fr\/wp-content\/uploads\/2025\/07\/camera.png 512w, https:\/\/serredelamadone.fr\/wp-content\/uploads\/2025\/07\/camera-12x12.png 12w\" sizes=\"auto, (max-width: 512px) 100vw, 512px\" \/><\/figure>\n<\/div>\n\n\n\n<div class=\"wp-block-column is-vertically-aligned-center is-layout-flow wp-block-column-is-layout-flow\">\n<p class=\"has-text-align-left\"><span class=\"green-title\">Photos et vid\u00e9o<\/span><br>Libres dans le jardin. Les vid\u00e9os pendant les visites guid\u00e9es sont soumises \u00e0 l\u2019accord du guide. <\/p>\n<\/div>\n<\/div>\n\n\n\n<div class=\"wp-block-columns is-layout-flex wp-container-core-columns-is-layout-28f84493 wp-block-columns-is-layout-flex\">\n<div class=\"wp-block-column is-vertically-aligned-center is-layout-flow wp-block-column-is-layout-flow\" style=\"flex-basis:100px\">\n<figure class=\"wp-block-image alignleft size-full\"><img loading=\"lazy\" decoding=\"async\" width=\"512\" height=\"512\" src=\"https:\/\/serredelamadone.fr\/wp-content\/uploads\/2025\/07\/fast-food.png\" alt=\"\" class=\"wp-image-798\" srcset=\"https:\/\/serredelamadone.fr\/wp-content\/uploads\/2025\/07\/fast-food.png 512w, https:\/\/serredelamadone.fr\/wp-content\/uploads\/2025\/07\/fast-food-12x12.png 12w\" sizes=\"auto, (max-width: 512px) 100vw, 512px\" \/><\/figure>\n<\/div>\n\n\n\n<div class=\"wp-block-column is-vertically-aligned-center is-layout-flow wp-block-column-is-layout-flow\">\n<p class=\"has-text-align-left\"><span class=\"green-title\">Alimentation<\/span><br>Pique-nique autoris\u00e9 de fa\u00e7on raisonn\u00e9e. Merci de respecter la propret\u00e9 des lieux.<\/p>\n<\/div>\n<\/div>\n\n\n\n<div class=\"wp-block-columns is-layout-flex wp-container-core-columns-is-layout-28f84493 wp-block-columns-is-layout-flex\">\n<div class=\"wp-block-column is-vertically-aligned-center is-layout-flow wp-block-column-is-layout-flow\" style=\"flex-basis:100px\">\n<figure class=\"wp-block-image alignleft size-full\"><img loading=\"lazy\" decoding=\"async\" width=\"512\" height=\"512\" src=\"https:\/\/serredelamadone.fr\/wp-content\/uploads\/2025\/10\/nobike.png\" alt=\"\" class=\"wp-image-2359\" srcset=\"https:\/\/serredelamadone.fr\/wp-content\/uploads\/2025\/10\/nobike.png 512w, https:\/\/serredelamadone.fr\/wp-content\/uploads\/2025\/10\/nobike-12x12.png 12w\" sizes=\"auto, (max-width: 512px) 100vw, 512px\" \/><\/figure>\n<\/div>\n\n\n\n<div class=\"wp-block-column is-vertically-aligned-center is-layout-flow wp-block-column-is-layout-flow\">\n<p class=\"has-text-align-left\"><span class=\"green-title\">Mobilit\u00e9 douce<\/span><br>Trottinettes, v\u00e9los, rollers et engins \u00e0 roulettes interdits.<\/p>\n<\/div>\n<\/div>\n\n\n\n<div class=\"wp-block-columns is-layout-flex wp-container-core-columns-is-layout-28f84493 wp-block-columns-is-layout-flex\">\n<div class=\"wp-block-column is-vertically-aligned-center is-layout-flow wp-block-column-is-layout-flow\" style=\"flex-basis:100px\">\n<figure class=\"wp-block-image alignleft size-full\"><img loading=\"lazy\" decoding=\"async\" width=\"410\" height=\"410\" src=\"https:\/\/serredelamadone.fr\/wp-content\/uploads\/2025\/07\/no-smoking.png\" alt=\"\" class=\"wp-image-816\" srcset=\"https:\/\/serredelamadone.fr\/wp-content\/uploads\/2025\/07\/no-smoking.png 410w, https:\/\/serredelamadone.fr\/wp-content\/uploads\/2025\/07\/no-smoking-12x12.png 12w\" sizes=\"auto, (max-width: 410px) 100vw, 410px\" \/><\/figure>\n<\/div>\n\n\n\n<div class=\"wp-block-column is-vertically-aligned-center is-layout-flow wp-block-column-is-layout-flow\">\n<p class=\"has-text-align-left\"><span class=\"green-title\">Tabac<\/span><br>Interdiction totale de fumer dans le jardin, conform\u00e9ment \u00e0 la r\u00e9glementation de la Ville de Menton.<\/p>\n<\/div>\n<\/div>\n<\/div>\n\n\n\n<div class=\"wp-block-column is-layout-flow wp-block-column-is-layout-flow\" style=\"flex-basis:35%\">\n<figure class=\"wp-block-image size-full\"><img loading=\"lazy\" decoding=\"async\" width=\"800\" height=\"1056\" src=\"https:\/\/serredelamadone.fr\/wp-content\/uploads\/2025\/07\/good-to-know.jpg\" alt=\"\" class=\"wp-image-792\" srcset=\"https:\/\/serredelamadone.fr\/wp-content\/uploads\/2025\/07\/good-to-know.jpg 800w, https:\/\/serredelamadone.fr\/wp-content\/uploads\/2025\/07\/good-to-know-768x1014.jpg 768w, https:\/\/serredelamadone.fr\/wp-content\/uploads\/2025\/07\/good-to-know-9x12.jpg 9w\" sizes=\"auto, (max-width: 800px) 100vw, 800px\" \/><\/figure>\n<\/div>\n<\/div>\n\n\n\n<p><\/p>","protected":false},"excerpt":{"rendered":"<p>Here you\u2019ll find useful information to help plan your visit to Menton\u2019s Serre de la Madone. Pr\u00e9parez votre venue dans ce jardin remarquable class\u00e9 Monument historique, nich\u00e9 sur les hauteurs [&hellip;]<\/p>","protected":false},"author":1,"featured_media":0,"parent":0,"menu_order":0,"comment_status":"closed","ping_status":"closed","template":"page-no-title","meta":{"_EventAllDay":false,"_EventTimezone":"","_EventStartDate":"","_EventEndDate":"","_EventStartDateUTC":"","_EventEndDateUTC":"","_EventShowMap":false,"_EventShowMapLink":false,"_EventURL":"","_EventCost":"","_EventCostDescription":"","_EventCurrencySymbol":"","_EventCurrencyCode":"","_EventCurrencyPosition":"","_EventDateTimeSeparator":"","_EventTimeRangeSeparator":"","_EventOrganizerID":[],"_EventVenueID":[],"_OrganizerEmail":"","_OrganizerPhone":"","_OrganizerWebsite":"","_VenueAddress":"","_VenueCity":"","_VenueCountry":"","_VenueProvince":"","_VenueState":"","_VenueZip":"","_VenuePhone":"","_VenueURL":"","_VenueStateProvince":"","_VenueLat":"","_VenueLng":"","_VenueShowMap":false,"_VenueShowMapLink":false,"footnotes":""},"class_list":["post-323","page","type-page","status-publish","hentry"],"_links":{"self":[{"href":"https:\/\/serredelamadone.fr\/fr\/wp-json\/wp\/v2\/pages\/323","targetHints":{"allow":["GET"]}}],"collection":[{"href":"https:\/\/serredelamadone.fr\/fr\/wp-json\/wp\/v2\/pages"}],"about":[{"href":"https:\/\/serredelamadone.fr\/fr\/wp-json\/wp\/v2\/types\/page"}],"author":[{"embeddable":true,"href":"https:\/\/serredelamadone.fr\/fr\/wp-json\/wp\/v2\/users\/1"}],"replies":[{"embeddable":true,"href":"https:\/\/serredelamadone.fr\/fr\/wp-json\/wp\/v2\/comments?post=323"}],"version-history":[{"count":125,"href":"https:\/\/serredelamadone.fr\/fr\/wp-json\/wp\/v2\/pages\/323\/revisions"}],"predecessor-version":[{"id":2458,"href":"https:\/\/serredelamadone.fr\/fr\/wp-json\/wp\/v2\/pages\/323\/revisions\/2458"}],"wp:attachment":[{"href":"https:\/\/serredelamadone.fr\/fr\/wp-json\/wp\/v2\/media?parent=323"}],"curies":[{"name":"wp","href":"https:\/\/api.w.org\/{rel}","templated":true}]}}