{"id":322,"date":"2025-06-01T15:09:49","date_gmt":"2025-06-01T13:09:49","guid":{"rendered":"https:\/\/serredelamadone.fr\/?page_id=322"},"modified":"2025-09-18T16:37:32","modified_gmt":"2025-09-18T14:37:32","slug":"mission-stephane-bern","status":"publish","type":"page","link":"https:\/\/serredelamadone.fr\/fr\/mission-stephane-bern\/","title":{"rendered":"Mission St\u00e9phane Bern"},"content":{"rendered":"<div class=\"wp-block-cover alignfull yann-monel green-band wp-duotone-unset-1\" style=\"margin-top:0;margin-bottom:0;padding-top:var(--wp--preset--spacing--50);padding-right:var(--wp--preset--spacing--50);padding-bottom:var(--wp--preset--spacing--50);padding-left:var(--wp--preset--spacing--50);min-height:25vw;aspect-ratio:unset;\"><img loading=\"lazy\" decoding=\"async\" width=\"1024\" height=\"284\" class=\"wp-block-cover__image-background wp-image-643 size-large\" alt=\"\" src=\"https:\/\/serredelamadone.fr\/wp-content\/uploads\/2025\/07\/bern-header-1024x284.jpg\" data-object-fit=\"cover\" srcset=\"https:\/\/serredelamadone.fr\/wp-content\/uploads\/2025\/07\/bern-header-1024x284.jpg 1024w, https:\/\/serredelamadone.fr\/wp-content\/uploads\/2025\/07\/bern-header-300x83.jpg 300w, https:\/\/serredelamadone.fr\/wp-content\/uploads\/2025\/07\/bern-header-768x213.jpg 768w, https:\/\/serredelamadone.fr\/wp-content\/uploads\/2025\/07\/bern-header-1536x427.jpg 1536w, https:\/\/serredelamadone.fr\/wp-content\/uploads\/2025\/07\/bern-header-18x5.jpg 18w, https:\/\/serredelamadone.fr\/wp-content\/uploads\/2025\/07\/bern-header.jpg 1800w\" sizes=\"auto, (max-width: 1024px) 100vw, 1024px\" \/><span aria-hidden=\"true\" class=\"wp-block-cover__background has-black-background-color has-background-dim-20 has-background-dim\"><\/span><div class=\"wp-block-cover__inner-container has-global-padding is-layout-constrained wp-container-core-cover-is-layout-d89aad35 wp-block-cover-is-layout-constrained\">\n<div class=\"wp-block-group alignwide has-global-padding is-content-justification-left is-layout-constrained wp-container-core-group-is-layout-12dd3699 wp-block-group-is-layout-constrained\">\n<h2 class=\"wp-block-heading has-text-align-left has-xx-large-font-size\">Mission St\u00e9phane Bern<\/h2>\n\n\n\n<p class=\"header-subhead shadow-text\">Un point tournant pour la Serre de la Madone<\/p>\n<\/div>\n<\/div><\/div>\n\n\n\n<div style=\"height:50px\" aria-hidden=\"true\" class=\"wp-block-spacer spacer-20-no-margin\"><\/div>\n\n\n\n<h2 class=\"wp-block-heading has-text-align-center lo-pad-mobile translation-block\" style=\"padding-right:25%;padding-left:25%\">La s\u00e9lection de la Serre de la Madone par la prestigieuse <strong>Mission St\u00e9phane Bern<\/strong> marque un moment cl\u00e9 dans l\u2019histoire du jardin.<\/h2>\n\n\n\n<h2 class=\"wp-block-heading has-text-align-center lo-pad-mobile\" style=\"padding-right:20%;padding-left:20%\">D\u00e9couvrez ci-dessous comment vous pouvez contribuer \u00e0 cette grande aventure patrimoniale.<\/h2>\n\n\n\n<div style=\"height:50px\" aria-hidden=\"true\" class=\"wp-block-spacer spacer-20-no-margin\"><\/div>\n\n\n\n<div class=\"wp-block-columns alignwide is-style-default is-layout-flex wp-container-core-columns-is-layout-28f84493 wp-block-columns-is-layout-flex\">\n<div class=\"wp-block-column is-layout-flow wp-block-column-is-layout-flow\" style=\"flex-basis:50%\">\n<h2 class=\"wp-block-heading\">Un souffle vital pour la Serre de la Madone<\/h2>\n\n\n\n<p>Sous l\u2019impulsion de l\u2019animateur et d\u00e9fenseur du patrimoine <strong>St\u00e9phane Bern<\/strong>, cette mission nationale agit pour la sauvegarde des tr\u00e9sors fragiles du patrimoine fran\u00e7ais, dans toute leur diversit\u00e9.<\/p>\n\n\n\n<p>Elle est port\u00e9e par la <strong>Fondation du Patrimoine<\/strong>, avec le soutien du <strong>minist\u00e8re de la Culture<\/strong> et de la <strong>FDJ<\/strong>. Parmi plus de <strong>700 candidatures re\u00e7ues pour l\u2019ann\u00e9e 2025<\/strong>, seuls <strong>18 sites ont \u00e9t\u00e9 retenus<\/strong>, dont <strong>Serre de la Madone<\/strong> \u2014 le seul jardin s\u00e9lectionn\u00e9 !<\/p>\n\n\n\n<p>Notre projet de sauvegarde a \u00e9t\u00e9 d\u00e9sign\u00e9 <strong>\u00ab Projet embl\u00e9matique 2025 \u00bb pour la r\u00e9gion Provence-Alpes-C\u00f4te d\u2019Azur<\/strong>.<\/p>\n<\/div>\n\n\n\n<div class=\"wp-block-column is-layout-flow wp-block-column-is-layout-flow\" style=\"flex-basis:50%\">\n<figure class=\"wp-block-image size-full\"><img loading=\"lazy\" decoding=\"async\" width=\"934\" height=\"466\" src=\"https:\/\/serredelamadone.fr\/wp-content\/uploads\/2025\/07\/mission-fondation.jpg\" alt=\"\" class=\"wp-image-647\" srcset=\"https:\/\/serredelamadone.fr\/wp-content\/uploads\/2025\/07\/mission-fondation.jpg 934w, https:\/\/serredelamadone.fr\/wp-content\/uploads\/2025\/07\/mission-fondation-300x150.jpg 300w, https:\/\/serredelamadone.fr\/wp-content\/uploads\/2025\/07\/mission-fondation-768x383.jpg 768w, https:\/\/serredelamadone.fr\/wp-content\/uploads\/2025\/07\/mission-fondation-18x9.jpg 18w\" sizes=\"auto, (max-width: 934px) 100vw, 934px\" \/><\/figure>\n<\/div>\n<\/div>\n\n\n\n<div style=\"height:30px\" aria-hidden=\"true\" class=\"wp-block-spacer spacer-20-no-margin\"><\/div>\n\n\n\n<div class=\"wp-block-columns alignwide is-style-default is-layout-flex wp-container-core-columns-is-layout-28f84493 wp-block-columns-is-layout-flex\">\n<div class=\"wp-block-column is-layout-flow wp-block-column-is-layout-flow\" style=\"flex-basis:50%\">\n<h2 class=\"wp-block-heading\">Un coup de pouce d\u00e9cisif<\/h2>\n\n\n\n<p class=\"translation-block\">\u00ab <i>Cette reconnaissance va permettre d\u2019engager des travaux essentiels pour pr\u00e9server et mettre en valeur ce joyau botanique con\u00e7u par Lawrence Johnston, au c\u0153ur de Menton. Gr\u00e2ce \u00e0 ce soutien, nous pourrons transmettre l\u2019h\u00e9ritage exceptionnel de ce patrimoine vivant, tout en renfor\u00e7ant son r\u00f4le de lieu d\u2019histoire, de biodiversit\u00e9 et de culture.<\/i> \u00bb<br>\u2013 <strong>Gilles Deparis, directeur de l\u2019ASJEM<\/strong>.<\/p>\n\n\n\n<p>La Fondation du Patrimoine pr\u00e9voit un appui financier important, reflet d\u2019un engagement fort, \u00e0 la fois institutionnel et citoyen. Ce soutien vise notamment la pr\u00e9servation des structures fragiles du jardin et la s\u00e9curit\u00e9 des visiteurs. Vous pouvez augmenter ce soutien <a href=\"https:\/\/www.fondation-patrimoine.org\/les-projets\/domaine-de-serre-de-la-madone-a-menton\/100534\" target=\"_blank\" rel=\"noreferrer noopener\">sur ce lien<\/a>.<\/p>\n<\/div>\n\n\n\n<div class=\"wp-block-column is-layout-flow wp-block-column-is-layout-flow\" style=\"flex-basis:50%\">\n<figure class=\"wp-block-image size-full\"><img loading=\"lazy\" decoding=\"async\" width=\"800\" height=\"601\" src=\"https:\/\/serredelamadone.fr\/wp-content\/uploads\/2025\/07\/restoration-orangerie.jpg\" alt=\"\" class=\"wp-image-655\" srcset=\"https:\/\/serredelamadone.fr\/wp-content\/uploads\/2025\/07\/restoration-orangerie.jpg 800w, https:\/\/serredelamadone.fr\/wp-content\/uploads\/2025\/07\/restoration-orangerie-300x225.jpg 300w, https:\/\/serredelamadone.fr\/wp-content\/uploads\/2025\/07\/restoration-orangerie-768x577.jpg 768w, https:\/\/serredelamadone.fr\/wp-content\/uploads\/2025\/07\/restoration-orangerie-16x12.jpg 16w\" sizes=\"auto, (max-width: 800px) 100vw, 800px\" \/><\/figure>\n<\/div>\n<\/div>\n\n\n\n<div style=\"height:30px\" aria-hidden=\"true\" class=\"wp-block-spacer spacer-20-no-margin\"><\/div>\n\n\n\n<div class=\"wp-block-columns alignwide is-style-default is-layout-flex wp-container-core-columns-is-layout-28f84493 wp-block-columns-is-layout-flex\">\n<div class=\"wp-block-column is-layout-flow wp-block-column-is-layout-flow\" style=\"flex-basis:50%\">\n<h2 class=\"wp-block-heading\">Un jeu au service du patrimoine<\/h2>\n\n\n\n<p>En partenariat avec la <strong>Fondation du patrimoine<\/strong> et la <strong>FDJ<\/strong>, la Mission Bern organise chaque ann\u00e9e le <strong>Loto du Patrimoine<\/strong>. Les recettes de cette grande loterie nationale sont destin\u00e9es \u00e0 financer les projets s\u00e9lectionn\u00e9s.<\/p>\n\n\n\n<p>En achetant un billet en septembre prochain dans n\u2019importe quel point de vente FDJ en France, vous participez directement \u00e0 la restauration de la Serre de la Madone.<\/p>\n<\/div>\n\n\n\n<div class=\"wp-block-column is-layout-flow wp-block-column-is-layout-flow\" style=\"flex-basis:50%\">\n<figure class=\"wp-block-image size-full\"><img loading=\"lazy\" decoding=\"async\" width=\"1322\" height=\"972\" src=\"https:\/\/serredelamadone.fr\/wp-content\/uploads\/2025\/08\/ticket-loto-patrimoine.jpg\" alt=\"\" class=\"wp-image-1213\" srcset=\"https:\/\/serredelamadone.fr\/wp-content\/uploads\/2025\/08\/ticket-loto-patrimoine.jpg 1322w, https:\/\/serredelamadone.fr\/wp-content\/uploads\/2025\/08\/ticket-loto-patrimoine-768x565.jpg 768w, https:\/\/serredelamadone.fr\/wp-content\/uploads\/2025\/08\/ticket-loto-patrimoine-16x12.jpg 16w\" sizes=\"auto, (max-width: 1322px) 100vw, 1322px\" \/><\/figure>\n<\/div>\n<\/div>\n\n\n\n<div style=\"height:30px\" aria-hidden=\"true\" class=\"wp-block-spacer spacer-20-no-margin\"><\/div>\n\n\n\n<div class=\"wp-block-columns alignwide is-style-default is-layout-flex wp-container-core-columns-is-layout-28f84493 wp-block-columns-is-layout-flex\">\n<div class=\"wp-block-column is-layout-flow wp-block-column-is-layout-flow\" style=\"flex-basis:50%\">\n<h2 class=\"wp-block-heading\">Un programme ambitieux de restauration<\/h2>\n\n\n\n<p>Les travaux de restauration ont d\u00e9but\u00e9 d\u00e8s le d\u00e9but de l\u2019ann\u00e9e 2025. Planifi\u00e9s par \u00e9tapes, ils concernent notamment :<\/p>\n\n\n\n<ul class=\"wp-block-list no-margin\">\n<li>la restauration de la serre chauff\u00e9e, de la pergola, des murs en pierre et du belv\u00e9d\u00e8re<\/li>\n\n\n\n<li>la mise aux normes du syst\u00e8me hydraulique : bassins, fontaines, canaux<\/li>\n\n\n\n<li>la modernisation de la boutique, la cr\u00e9ation d\u2019une nouvelle p\u00e9pini\u00e8re<\/li>\n\n\n\n<li>la stabilisation de la villa et la restauration des sculptures<\/li>\n\n\n\n<li>la replantation des agrumes, parterres, haies, cact\u00e9es et jardins aquatiques<\/li>\n<\/ul>\n\n\n\n<p>Le patrimoine ne se limite pas \u00e0 la pierre\u2026 il pousse, il vit !<\/p>\n<\/div>\n\n\n\n<div class=\"wp-block-column is-layout-flow wp-block-column-is-layout-flow\" style=\"flex-basis:50%\">\n<figure class=\"wp-block-image size-full\"><img loading=\"lazy\" decoding=\"async\" width=\"800\" height=\"533\" src=\"https:\/\/serredelamadone.fr\/wp-content\/uploads\/2025\/07\/simulation-sentier.jpg\" alt=\"\" class=\"wp-image-657\" srcset=\"https:\/\/serredelamadone.fr\/wp-content\/uploads\/2025\/07\/simulation-sentier.jpg 800w, https:\/\/serredelamadone.fr\/wp-content\/uploads\/2025\/07\/simulation-sentier-300x200.jpg 300w, https:\/\/serredelamadone.fr\/wp-content\/uploads\/2025\/07\/simulation-sentier-768x512.jpg 768w, https:\/\/serredelamadone.fr\/wp-content\/uploads\/2025\/07\/simulation-sentier-18x12.jpg 18w\" sizes=\"auto, (max-width: 800px) 100vw, 800px\" \/><\/figure>\n<\/div>\n<\/div>\n\n\n\n<div style=\"height:30px\" aria-hidden=\"true\" class=\"wp-block-spacer spacer-20-no-margin\"><\/div>\n\n\n\n<div class=\"wp-block-columns alignwide is-style-default is-layout-flex wp-container-core-columns-is-layout-28f84493 wp-block-columns-is-layout-flex\">\n<div class=\"wp-block-column is-layout-flow wp-block-column-is-layout-flow\" style=\"flex-basis:50%\">\n<figure class=\"wp-block-image size-full\"><img loading=\"lazy\" decoding=\"async\" width=\"800\" height=\"448\" src=\"https:\/\/serredelamadone.fr\/wp-content\/uploads\/2025\/07\/dons-mission.jpg\" alt=\"\" class=\"wp-image-682\" srcset=\"https:\/\/serredelamadone.fr\/wp-content\/uploads\/2025\/07\/dons-mission.jpg 800w, https:\/\/serredelamadone.fr\/wp-content\/uploads\/2025\/07\/dons-mission-300x168.jpg 300w, https:\/\/serredelamadone.fr\/wp-content\/uploads\/2025\/07\/dons-mission-768x430.jpg 768w, https:\/\/serredelamadone.fr\/wp-content\/uploads\/2025\/07\/dons-mission-18x10.jpg 18w\" sizes=\"auto, (max-width: 800px) 100vw, 800px\" \/><\/figure>\n<\/div>\n\n\n\n<div class=\"wp-block-column is-layout-flow wp-block-column-is-layout-flow\" style=\"flex-basis:50%\">\n<h2 class=\"wp-block-heading\">Vous aussi, vous pouvez agir et aider !<\/h2>\n\n\n\n<p>La Mission St\u00e9phane Bern, la Fondation du Patrimoine et plus de 1 000 b\u00e9n\u00e9voles s\u2019engagent pour transmettre ce patrimoine aux g\u00e9n\u00e9rations futures. Vous pouvez vous joindre \u00e0 eux en faisant un don.<\/p>\n\n\n\n<p><strong>Votre don est d\u00e9ductible d\u2019imp\u00f4ts :<\/strong> si vous \u00eates un particulier ou une entreprise imposable en France, votre contribution peut \u00eatre d\u00e9duite \u00e0 hauteur de vos imp\u00f4ts. Particulier ou entreprise, d\u00e9couvrez les d\u00e9ductions possibles <a href=\"https:\/\/www.fondation-patrimoine.org\/c\/s-engager\/nous-donner\/mes-avantages-fiscaux\/760#section-en-resume\" target=\"_blank\" rel=\"noreferrer noopener\">sur ce lien<\/a>.<\/p>\n\n\n\n<p><a href=\"https:\/\/www.fondation-patrimoine.org\/les-projets\/domaine-de-serre-de-la-madone-a-menton\/100534\" target=\"_blank\" rel=\"noreferrer noopener\">Je veux faire un don<\/a>&nbsp;<strong>\u203a<\/strong><\/p>\n\n\n\n<p class=\"translation-block\">Et n\u2019oubliez pas d\u2019acheter votre billet du <strong>Loto du Patrimoine<\/strong> en septembre&nbsp;!<\/p>\n<\/div>\n<\/div>\n\n\n\n<div style=\"height:50px\" aria-hidden=\"true\" class=\"wp-block-spacer\"><\/div>\n\n\n\n<p><\/p>","protected":false},"excerpt":{"rendered":"<p>The prestigious imprimatur of the Mission St\u00e9phane Bern marks a key moment in the history of Serre de la Madone. Learn below how you can participate in this great heritage [&hellip;]<\/p>","protected":false},"author":1,"featured_media":0,"parent":0,"menu_order":0,"comment_status":"closed","ping_status":"closed","template":"page-no-title","meta":{"_EventAllDay":false,"_EventTimezone":"","_EventStartDate":"","_EventEndDate":"","_EventStartDateUTC":"","_EventEndDateUTC":"","_EventShowMap":false,"_EventShowMapLink":false,"_EventURL":"","_EventCost":"","_EventCostDescription":"","_EventCurrencySymbol":"","_EventCurrencyCode":"","_EventCurrencyPosition":"","_EventDateTimeSeparator":"","_EventTimeRangeSeparator":"","_EventOrganizerID":[],"_EventVenueID":[],"_OrganizerEmail":"","_OrganizerPhone":"","_OrganizerWebsite":"","_VenueAddress":"","_VenueCity":"","_VenueCountry":"","_VenueProvince":"","_VenueState":"","_VenueZip":"","_VenuePhone":"","_VenueURL":"","_VenueStateProvince":"","_VenueLat":"","_VenueLng":"","_VenueShowMap":false,"_VenueShowMapLink":false,"footnotes":""},"class_list":["post-322","page","type-page","status-publish","hentry"],"_links":{"self":[{"href":"https:\/\/serredelamadone.fr\/fr\/wp-json\/wp\/v2\/pages\/322","targetHints":{"allow":["GET"]}}],"collection":[{"href":"https:\/\/serredelamadone.fr\/fr\/wp-json\/wp\/v2\/pages"}],"about":[{"href":"https:\/\/serredelamadone.fr\/fr\/wp-json\/wp\/v2\/types\/page"}],"author":[{"embeddable":true,"href":"https:\/\/serredelamadone.fr\/fr\/wp-json\/wp\/v2\/users\/1"}],"replies":[{"embeddable":true,"href":"https:\/\/serredelamadone.fr\/fr\/wp-json\/wp\/v2\/comments?post=322"}],"version-history":[{"count":47,"href":"https:\/\/serredelamadone.fr\/fr\/wp-json\/wp\/v2\/pages\/322\/revisions"}],"predecessor-version":[{"id":2282,"href":"https:\/\/serredelamadone.fr\/fr\/wp-json\/wp\/v2\/pages\/322\/revisions\/2282"}],"wp:attachment":[{"href":"https:\/\/serredelamadone.fr\/fr\/wp-json\/wp\/v2\/media?parent=322"}],"curies":[{"name":"wp","href":"https:\/\/api.w.org\/{rel}","templated":true}]}}