{"id":299,"date":"2025-05-30T12:26:22","date_gmt":"2025-05-30T10:26:22","guid":{"rendered":"https:\/\/serredelamadone.fr\/?page_id=299"},"modified":"2025-09-18T16:29:08","modified_gmt":"2025-09-18T14:29:08","slug":"botanical-legacy","status":"publish","type":"page","link":"https:\/\/serredelamadone.fr\/fr\/botanical-legacy\/","title":{"rendered":"Patrimoine botanique"},"content":{"rendered":"<div class=\"wp-block-cover alignfull yann-monel green-band wp-duotone-unset-1\" style=\"margin-top:0;margin-bottom:0;padding-top:var(--wp--preset--spacing--50);padding-right:var(--wp--preset--spacing--50);padding-bottom:var(--wp--preset--spacing--50);padding-left:var(--wp--preset--spacing--50);min-height:25vw;aspect-ratio:unset;\"><img loading=\"lazy\" decoding=\"async\" width=\"1024\" height=\"284\" class=\"wp-block-cover__image-background wp-image-594 size-large\" alt=\"\" src=\"https:\/\/serredelamadone.fr\/wp-content\/uploads\/2025\/06\/botanical-legacy-1024x284.jpg\" data-object-fit=\"cover\" srcset=\"https:\/\/serredelamadone.fr\/wp-content\/uploads\/2025\/06\/botanical-legacy-1024x284.jpg 1024w, https:\/\/serredelamadone.fr\/wp-content\/uploads\/2025\/06\/botanical-legacy-300x83.jpg 300w, https:\/\/serredelamadone.fr\/wp-content\/uploads\/2025\/06\/botanical-legacy-768x213.jpg 768w, https:\/\/serredelamadone.fr\/wp-content\/uploads\/2025\/06\/botanical-legacy-1536x427.jpg 1536w, https:\/\/serredelamadone.fr\/wp-content\/uploads\/2025\/06\/botanical-legacy-18x5.jpg 18w, https:\/\/serredelamadone.fr\/wp-content\/uploads\/2025\/06\/botanical-legacy.jpg 1800w\" sizes=\"auto, (max-width: 1024px) 100vw, 1024px\" \/><span aria-hidden=\"true\" class=\"wp-block-cover__background has-black-background-color has-background-dim-40 has-background-dim\"><\/span><div class=\"wp-block-cover__inner-container has-global-padding is-layout-constrained wp-container-core-cover-is-layout-d89aad35 wp-block-cover-is-layout-constrained\">\n<div class=\"wp-block-group alignwide has-global-padding is-content-justification-left is-layout-constrained wp-container-core-group-is-layout-12dd3699 wp-block-group-is-layout-constrained\">\n<h2 class=\"wp-block-heading has-text-align-left shadow-text has-xx-large-font-size\">Patrimoine botanique<\/h2>\n\n\n\n<p class=\"shadow-text header-subhead\">100 ans apr\u00e8s sa cr\u00e9ation, l\u2019herbier vivant de Johnston rayonne toujours.<\/p>\n<\/div>\n<\/div><\/div>\n\n\n\n<div style=\"height:30px\" aria-hidden=\"true\" class=\"wp-block-spacer spacer-20-no-margin\"><\/div>\n\n\n\n<div class=\"wp-block-columns alignwide is-style-default is-layout-flex wp-container-core-columns-is-layout-28f84493 wp-block-columns-is-layout-flex\">\n<div class=\"wp-block-column is-layout-flow wp-block-column-is-layout-flow\" style=\"flex-basis:40%\">\n<h2 class=\"wp-block-heading\">Un tr\u00e9sor botanique pr\u00e9cieusement pr\u00e9serv\u00e9<\/h2>\n\n\n\n<p>Le programme de conservation de la Serre de la Madone puise profond\u00e9ment ses racines dans l\u2019h\u00e9ritage de Lawrence Johnston, grand explorateur botanique et collectionneur de plantes.<\/p>\n\n\n\n<p>Con\u00e7u comme un herbier vivant, le jardin a \u00e9t\u00e9 pens\u00e9 dans les moindres d\u00e9tails : chaque plante y a \u00e9t\u00e9 choisie, implant\u00e9e et cultiv\u00e9e pour s\u2019\u00e9panouir dans un microclimat sp\u00e9cifique.<\/p>\n\n\n\n<p>Aujourd\u2019hui encore, cet esprit perdure \u00e0 travers un travail rigoureux de s\u00e9lection, de plantation et de conservation de sp\u00e9cimens historiques \u00e0 forte valeur patrimoniale.<\/p>\n\n\n\n<p><\/p>\n<\/div>\n\n\n\n<div class=\"wp-block-column is-layout-flow wp-block-column-is-layout-flow\" style=\"flex-basis:60%\">\n<figure class=\"wp-block-image size-full yann-monel\"><img loading=\"lazy\" decoding=\"async\" width=\"1024\" height=\"683\" src=\"https:\/\/serredelamadone.fr\/wp-content\/uploads\/2025\/07\/botanical-legacy-intro.jpg\" alt=\"A view across the valley from a terrace at Serre de la Madone.\" class=\"wp-image-608\" srcset=\"https:\/\/serredelamadone.fr\/wp-content\/uploads\/2025\/07\/botanical-legacy-intro.jpg 1024w, https:\/\/serredelamadone.fr\/wp-content\/uploads\/2025\/07\/botanical-legacy-intro-300x200.jpg 300w, https:\/\/serredelamadone.fr\/wp-content\/uploads\/2025\/07\/botanical-legacy-intro-768x512.jpg 768w, https:\/\/serredelamadone.fr\/wp-content\/uploads\/2025\/07\/botanical-legacy-intro-18x12.jpg 18w\" sizes=\"auto, (max-width: 1024px) 100vw, 1024px\" \/><\/figure>\n<\/div>\n<\/div>\n\n\n\n<div style=\"height:30px\" aria-hidden=\"true\" class=\"wp-block-spacer spacer-20-no-margin\"><\/div>\n\n\n\n<div class=\"wp-block-group alignwide is-content-justification-center is-nowrap is-layout-flex wp-container-core-group-is-layout-23441af8 wp-block-group-is-layout-flex\">\n<h2 class=\"wp-block-heading\">Trois collections nationales de r\u00e9f\u00e9rence<\/h2>\n<\/div>\n\n\n\n<p class=\"has-text-align-center\" style=\"padding-right:var(--wp--preset--spacing--50);padding-left:var(--wp--preset--spacing--50)\">Le jardin accueille trois collections v\u00e9g\u00e9tales agr\u00e9\u00e9es au niveau national par le CCVS (Conservatoire des Collections V\u00e9g\u00e9tales Sp\u00e9cialis\u00e9es, qui a pour mission de pr\u00e9server la richesse et la diversit\u00e9 du patrimoine v\u00e9g\u00e9tal), qui t\u00e9moignent de son r\u00f4le en mati\u00e8re de conservation, de p\u00e9dagogie et de recherche.<\/p>\n\n\n\n<div class=\"wp-block-columns alignwide is-layout-flex wp-container-core-columns-is-layout-28f84493 wp-block-columns-is-layout-flex\">\n<div class=\"wp-block-column is-layout-flow wp-block-column-is-layout-flow\">\n<div class=\"wp-block-cover\"><img loading=\"lazy\" decoding=\"async\" width=\"800\" height=\"558\" class=\"wp-block-cover__image-background wp-image-610 size-full\" alt=\"\" src=\"https:\/\/serredelamadone.fr\/wp-content\/uploads\/2025\/07\/araliaceae.jpg\" data-object-fit=\"cover\" srcset=\"https:\/\/serredelamadone.fr\/wp-content\/uploads\/2025\/07\/araliaceae.jpg 800w, https:\/\/serredelamadone.fr\/wp-content\/uploads\/2025\/07\/araliaceae-300x209.jpg 300w, https:\/\/serredelamadone.fr\/wp-content\/uploads\/2025\/07\/araliaceae-768x536.jpg 768w, https:\/\/serredelamadone.fr\/wp-content\/uploads\/2025\/07\/araliaceae-18x12.jpg 18w\" sizes=\"auto, (max-width: 800px) 100vw, 800px\" \/><span aria-hidden=\"true\" class=\"wp-block-cover__background has-accent-1-background-color has-background-dim\"><\/span><div class=\"wp-block-cover__inner-container has-global-padding is-layout-constrained wp-block-cover-is-layout-constrained\">\n<h2 class=\"wp-block-heading has-text-align-center is-style-default shadow-text has-xx-large-font-size\">Araliac\u00e9es<\/h2>\n<\/div><\/div>\n\n\n\n<p class=\"translation-block\">Avec des esp\u00e8ces rares telles que <i>Tetrapanax papyrifer<\/i>, aux feuilles g\u00e9antes et au port spectaculaire qui habillent certaines terrasses d\u2019une silhouette exotique.<\/p>\n<\/div>\n\n\n\n<div class=\"wp-block-column is-layout-flow wp-block-column-is-layout-flow\">\n<div class=\"wp-block-cover\"><img loading=\"lazy\" decoding=\"async\" width=\"800\" height=\"534\" class=\"wp-block-cover__image-background wp-image-614 size-full\" alt=\"\" src=\"https:\/\/serredelamadone.fr\/wp-content\/uploads\/2025\/07\/pittosporaceae.jpg\" data-object-fit=\"cover\" srcset=\"https:\/\/serredelamadone.fr\/wp-content\/uploads\/2025\/07\/pittosporaceae.jpg 800w, https:\/\/serredelamadone.fr\/wp-content\/uploads\/2025\/07\/pittosporaceae-300x200.jpg 300w, https:\/\/serredelamadone.fr\/wp-content\/uploads\/2025\/07\/pittosporaceae-768x513.jpg 768w, https:\/\/serredelamadone.fr\/wp-content\/uploads\/2025\/07\/pittosporaceae-18x12.jpg 18w\" sizes=\"auto, (max-width: 800px) 100vw, 800px\" \/><span aria-hidden=\"true\" class=\"wp-block-cover__background has-accent-1-background-color has-background-dim-40 has-background-dim\"><\/span><div class=\"wp-block-cover__inner-container has-global-padding is-layout-constrained wp-block-cover-is-layout-constrained\">\n<h2 class=\"wp-block-heading has-text-align-center is-style-default shadow-text has-base-color has-text-color has-link-color has-xx-large-font-size wp-elements-182904e097202e9d6e218db5dfe21d8f\">Pittosporac\u00e9es<\/h2>\n<\/div><\/div>\n\n\n\n<p class=\"translation-block\">Une famille d\u2019arbustes \u00e0 feuillage persistant et \u00e0 floraison odorante (<em>Pittosporum undulatum, P. tobira<\/em>), qui participent \u00e0 la signature olfactive du jardin.<\/p>\n<\/div>\n\n\n\n<div class=\"wp-block-column is-layout-flow wp-block-column-is-layout-flow\">\n<div class=\"wp-block-cover\"><img loading=\"lazy\" decoding=\"async\" width=\"800\" height=\"533\" class=\"wp-block-cover__image-background wp-image-617 size-full\" alt=\"\" src=\"https:\/\/serredelamadone.fr\/wp-content\/uploads\/2025\/07\/proteaceae.jpg\" data-object-fit=\"cover\" srcset=\"https:\/\/serredelamadone.fr\/wp-content\/uploads\/2025\/07\/proteaceae.jpg 800w, https:\/\/serredelamadone.fr\/wp-content\/uploads\/2025\/07\/proteaceae-300x200.jpg 300w, https:\/\/serredelamadone.fr\/wp-content\/uploads\/2025\/07\/proteaceae-768x512.jpg 768w, https:\/\/serredelamadone.fr\/wp-content\/uploads\/2025\/07\/proteaceae-18x12.jpg 18w\" sizes=\"auto, (max-width: 800px) 100vw, 800px\" \/><span aria-hidden=\"true\" class=\"wp-block-cover__background has-accent-1-background-color has-background-dim-40 has-background-dim\"><\/span><div class=\"wp-block-cover__inner-container has-global-padding is-layout-constrained wp-block-cover-is-layout-constrained\">\n<h2 class=\"wp-block-heading has-text-align-center is-style-default shadow-text has-base-color has-text-color has-link-color has-xx-large-font-size wp-elements-4f3574efa56ff19b5b6e778bfa90c273\">Prot\u00e9ac\u00e9es<\/h2>\n<\/div><\/div>\n\n\n\n<p class=\"translation-block\">Venant de l\u2019h\u00e9misph\u00e8re sud, ces plantes \u00e9tonnent par leur morphologie singuli\u00e8re et leurs floraisons \u00e9clatantes, telles que <em>Leucospermum, Grevillea<\/em> ou <em>Banksia<\/em>.<\/p>\n<\/div>\n<\/div>\n\n\n\n<div style=\"height:30px\" aria-hidden=\"true\" class=\"wp-block-spacer spacer-no-spacer\"><\/div>\n\n\n\n<div class=\"wp-block-columns alignwide is-style-default is-layout-flex wp-container-core-columns-is-layout-28f84493 wp-block-columns-is-layout-flex\">\n<div class=\"wp-block-column is-layout-flow wp-block-column-is-layout-flow\" style=\"flex-basis:50%\">\n<h2 class=\"wp-block-heading\">Un sanctuaire v\u00e9g\u00e9tal en constante \u00e9volution<\/h2>\n\n\n\n<p>Loin d\u2019\u00eatre fig\u00e9es, ces collections s\u2019enrichissent chaque ann\u00e9e gr\u00e2ce \u00e0 des \u00e9changes avec des jardins botaniques et des p\u00e9pini\u00e8res sp\u00e9cialis\u00e9es. Les sujets vieillissants sont suivis avec attention et remplac\u00e9s, lorsque c\u2019est possible, par des plants issus des m\u00eames lign\u00e9es g\u00e9n\u00e9tiques.<\/p>\n\n\n\n<p class=\"translation-block\">La Serre de la Madone accueille \u00e9galement de nombreuses esp\u00e8ces rares provenant d\u2019autres familles botaniques, telles que <em>Mahonia lomariifolia, Acacia pravissima, Chasmanthe floribunda, Stenocarpus sinuatus<\/em> ou encore <em>Cussonia paniculata<\/em>. Beaucoup d\u2019entre elles furent introduites pour la premi\u00e8re fois en Europe gr\u00e2ce \u00e0 Lawrence Johnston.<\/p>\n<\/div>\n\n\n\n<div class=\"wp-block-column is-layout-flow wp-block-column-is-layout-flow\" style=\"flex-basis:50%\">\n<figure class=\"wp-block-image size-full yann-monel\"><img loading=\"lazy\" decoding=\"async\" width=\"800\" height=\"533\" src=\"https:\/\/serredelamadone.fr\/wp-content\/uploads\/2025\/07\/safe-haven.jpg\" alt=\"\" class=\"wp-image-626\" srcset=\"https:\/\/serredelamadone.fr\/wp-content\/uploads\/2025\/07\/safe-haven.jpg 800w, https:\/\/serredelamadone.fr\/wp-content\/uploads\/2025\/07\/safe-haven-300x200.jpg 300w, https:\/\/serredelamadone.fr\/wp-content\/uploads\/2025\/07\/safe-haven-768x512.jpg 768w, https:\/\/serredelamadone.fr\/wp-content\/uploads\/2025\/07\/safe-haven-18x12.jpg 18w\" sizes=\"auto, (max-width: 800px) 100vw, 800px\" \/><\/figure>\n<\/div>\n<\/div>\n\n\n\n<div style=\"height:30px\" aria-hidden=\"true\" class=\"wp-block-spacer spacer-20-no-margin\"><\/div>\n\n\n\n<div class=\"wp-block-columns alignwide is-style-default is-layout-flex wp-container-core-columns-is-layout-28f84493 wp-block-columns-is-layout-flex\">\n<div class=\"wp-block-column is-layout-flow wp-block-column-is-layout-flow\" style=\"flex-basis:50%\">\n<h2 class=\"wp-block-heading\">Une conservation rigoureuse et engag\u00e9e<\/h2>\n\n\n\n<p>La pr\u00e9servation du jardin passe par la restauration des terrasses historiques, la gestion ma\u00eetris\u00e9e des boisements et des ressources en eau, ainsi qu\u2019une adaptation continue face aux d\u00e9fis climatiques : s\u00e9cheresse, canicules, pathog\u00e8nes\u2026<\/p>\n\n\n\n<p>L\u2019objectif : pr\u00e9server la structure artistique du jardin tout en assurant sa r\u00e9silience.<\/p>\n\n\n\n<p>Les pratiques horticoles s\u2019inspirent d\u00e9sormais des principes du jardinage \u00e9cologique et d\u2019une gestion raisonn\u00e9e de l\u2019eau, dans la continuit\u00e9 de l\u2019approche empirique et pragmatique de Johnston.<\/p>\n\n\n\n<p><\/p>\n\n\n\n<p><\/p>\n\n\n\n<p><\/p>\n<\/div>\n\n\n\n<div class=\"wp-block-column is-layout-flow wp-block-column-is-layout-flow\" style=\"flex-basis:50%\">\n<figure class=\"wp-block-image size-full\"><img loading=\"lazy\" decoding=\"async\" width=\"800\" height=\"529\" src=\"https:\/\/serredelamadone.fr\/wp-content\/uploads\/2025\/07\/restauration-escaler.jpg\" alt=\"\" class=\"wp-image-677\" srcset=\"https:\/\/serredelamadone.fr\/wp-content\/uploads\/2025\/07\/restauration-escaler.jpg 800w, https:\/\/serredelamadone.fr\/wp-content\/uploads\/2025\/07\/restauration-escaler-300x198.jpg 300w, https:\/\/serredelamadone.fr\/wp-content\/uploads\/2025\/07\/restauration-escaler-768x508.jpg 768w, https:\/\/serredelamadone.fr\/wp-content\/uploads\/2025\/07\/restauration-escaler-18x12.jpg 18w\" sizes=\"auto, (max-width: 800px) 100vw, 800px\" \/><\/figure>\n<\/div>\n<\/div>\n\n\n\n<hr class=\"wp-block-separator has-text-color has-accent-1-color has-alpha-channel-opacity has-accent-1-background-color has-background is-style-wide is-style-wide--2\" style=\"margin-top:var(--wp--preset--spacing--50);margin-bottom:var(--wp--preset--spacing--50)\"\/>\n\n\n\n<h2 class=\"wp-block-heading\">Soutenez la pr\u00e9servation de ce patrimoine botanique exceptionnel<\/h2>\n\n\n\n<p class=\"translation-block\">Entretenir un jardin d\u2019acclimatation de cette ampleur exige des ressources importantes, humaines comme financi\u00e8res. La Ville de Menton et l\u2019association ASJEM sont pleinement mobilis\u00e9es, mais votre soutien est essentiel pour garantir la p\u00e9rennit\u00e9 de cet \u00e9crin de biodiversit\u00e9. Pour d\u00e9couvrir comment contribuer, quel que soit le montant, rendez-vous sur notre page <a href=\"https:\/\/serredelamadone.fr\/fr\/donate\/\" target=\"_self\">Faire un don<\/a>.<\/p>\n\n\n\n<p class=\"translation-block\">Pour en savoir plus sur nos chantiers de restauration et de conservation, visitez la page <a href=\"https:\/\/serredelamadone.fr\/fr\/management-and-restoration\/\" target=\"_self\">Restauration<\/a>.<\/p>\n\n\n\n<p class=\"translation-block\">Pour d\u00e9couvrir d\u2019autres fa\u00e7ons de vous engager, consultez la page <a href=\"https:\/\/serredelamadone.fr\/fr\/get-involved\/\" target=\"_self\">S\u2019impliquer<\/a>.<\/p>\n\n\n\n<div style=\"height:50px\" aria-hidden=\"true\" class=\"wp-block-spacer\"><\/div>","protected":false},"excerpt":{"rendered":"<p>Johnston\u2019s treasures, carefully conserved The conservation program at Serre de la Madone is deeply rooted in Johnston\u2019s legacy as a plant hunter and collector. The garden is designed as a [&hellip;]<\/p>","protected":false},"author":1,"featured_media":0,"parent":0,"menu_order":0,"comment_status":"closed","ping_status":"closed","template":"page-no-title","meta":{"_EventAllDay":false,"_EventTimezone":"","_EventStartDate":"","_EventEndDate":"","_EventStartDateUTC":"","_EventEndDateUTC":"","_EventShowMap":false,"_EventShowMapLink":false,"_EventURL":"","_EventCost":"","_EventCostDescription":"","_EventCurrencySymbol":"","_EventCurrencyCode":"","_EventCurrencyPosition":"","_EventDateTimeSeparator":"","_EventTimeRangeSeparator":"","_EventOrganizerID":[],"_EventVenueID":[],"_OrganizerEmail":"","_OrganizerPhone":"","_OrganizerWebsite":"","_VenueAddress":"","_VenueCity":"","_VenueCountry":"","_VenueProvince":"","_VenueState":"","_VenueZip":"","_VenuePhone":"","_VenueURL":"","_VenueStateProvince":"","_VenueLat":"","_VenueLng":"","_VenueShowMap":false,"_VenueShowMapLink":false,"footnotes":""},"class_list":["post-299","page","type-page","status-publish","hentry"],"_links":{"self":[{"href":"https:\/\/serredelamadone.fr\/fr\/wp-json\/wp\/v2\/pages\/299","targetHints":{"allow":["GET"]}}],"collection":[{"href":"https:\/\/serredelamadone.fr\/fr\/wp-json\/wp\/v2\/pages"}],"about":[{"href":"https:\/\/serredelamadone.fr\/fr\/wp-json\/wp\/v2\/types\/page"}],"author":[{"embeddable":true,"href":"https:\/\/serredelamadone.fr\/fr\/wp-json\/wp\/v2\/users\/1"}],"replies":[{"embeddable":true,"href":"https:\/\/serredelamadone.fr\/fr\/wp-json\/wp\/v2\/comments?post=299"}],"version-history":[{"count":44,"href":"https:\/\/serredelamadone.fr\/fr\/wp-json\/wp\/v2\/pages\/299\/revisions"}],"predecessor-version":[{"id":2276,"href":"https:\/\/serredelamadone.fr\/fr\/wp-json\/wp\/v2\/pages\/299\/revisions\/2276"}],"wp:attachment":[{"href":"https:\/\/serredelamadone.fr\/fr\/wp-json\/wp\/v2\/media?parent=299"}],"curies":[{"name":"wp","href":"https:\/\/api.w.org\/{rel}","templated":true}]}}