{"id":175,"date":"2025-05-16T15:52:44","date_gmt":"2025-05-16T13:52:44","guid":{"rendered":"https:\/\/serredelamadone.fr\/?page_id=175"},"modified":"2025-09-19T13:00:36","modified_gmt":"2025-09-19T11:00:36","slug":"get-involved","status":"publish","type":"page","link":"https:\/\/serredelamadone.fr\/fr\/get-involved\/","title":{"rendered":"S\u2019impliquer"},"content":{"rendered":"<div class=\"wp-block-cover alignfull green-band patrick-blanc wp-duotone-unset-1\" style=\"margin-top:0;margin-bottom:0;padding-top:var(--wp--preset--spacing--50);padding-right:var(--wp--preset--spacing--50);padding-bottom:var(--wp--preset--spacing--50);padding-left:var(--wp--preset--spacing--50);min-height:25vw;aspect-ratio:unset;\"><img loading=\"lazy\" decoding=\"async\" width=\"1929\" height=\"536\" class=\"wp-block-cover__image-background wp-image-2133 size-full\" alt=\"\" src=\"https:\/\/serredelamadone.fr\/wp-content\/uploads\/2025\/09\/get-involved-header.jpg\" data-object-fit=\"cover\" srcset=\"https:\/\/serredelamadone.fr\/wp-content\/uploads\/2025\/09\/get-involved-header.jpg 1929w, https:\/\/serredelamadone.fr\/wp-content\/uploads\/2025\/09\/get-involved-header-768x213.jpg 768w, https:\/\/serredelamadone.fr\/wp-content\/uploads\/2025\/09\/get-involved-header-1536x427.jpg 1536w, https:\/\/serredelamadone.fr\/wp-content\/uploads\/2025\/09\/get-involved-header-18x5.jpg 18w\" sizes=\"auto, (max-width: 1929px) 100vw, 1929px\" \/><span aria-hidden=\"true\" class=\"wp-block-cover__background has-black-background-color has-background-dim-30 has-background-dim\"><\/span><div class=\"wp-block-cover__inner-container has-global-padding is-layout-constrained wp-container-core-cover-is-layout-d89aad35 wp-block-cover-is-layout-constrained\">\n<div class=\"wp-block-group alignwide has-global-padding is-content-justification-left is-layout-constrained wp-container-core-group-is-layout-12dd3699 wp-block-group-is-layout-constrained\">\n<h2 class=\"wp-block-heading has-text-align-left shadow-text has-xx-large-font-size\">S\u2019impliquer<\/h2>\n\n\n\n<p class=\"shadow-text header-subhead\" style=\"font-size:clamp(0.984rem, 0.984rem + ((1vw - 0.2rem) * 0.809), 1.5rem);\"><strong>Mettez vos talents, votre r\u00e9seau ou vos ressources au service d\u2019un lieu unique.<\/strong><br>Chaque geste compte pour la survie de ce patrimoine exceptionnel.<\/p>\n<\/div>\n<\/div><\/div>\n\n\n\n<div style=\"height:50px\" aria-hidden=\"true\" class=\"wp-block-spacer spacer-20-no-margin\"><\/div>\n\n\n\n<div class=\"wp-block-columns alignwide is-layout-flex wp-container-core-columns-is-layout-28f84493 wp-block-columns-is-layout-flex\">\n<div class=\"wp-block-column is-layout-flow wp-block-column-is-layout-flow\">\n<figure class=\"wp-block-image size-full yann-monel\"><img loading=\"lazy\" decoding=\"async\" width=\"1200\" height=\"800\" src=\"https:\/\/serredelamadone.fr\/wp-content\/uploads\/2025\/09\/get-involved-together.jpg\" alt=\"\" class=\"wp-image-2138\" srcset=\"https:\/\/serredelamadone.fr\/wp-content\/uploads\/2025\/09\/get-involved-together.jpg 1200w, https:\/\/serredelamadone.fr\/wp-content\/uploads\/2025\/09\/get-involved-together-768x512.jpg 768w, https:\/\/serredelamadone.fr\/wp-content\/uploads\/2025\/09\/get-involved-together-18x12.jpg 18w\" sizes=\"auto, (max-width: 1200px) 100vw, 1200px\" \/><\/figure>\n<\/div>\n\n\n\n<div class=\"wp-block-column is-layout-flow wp-block-column-is-layout-flow\">\n<h2 class=\"wp-block-heading\">\u00ab Seuls, nous pouvons si peu ; ensemble, nous pouvons tant.\u00a0\u00bb <span style=\"font-size:var(--wp--preset--font-size--large);font-style:normal;\">\u2013&nbsp;Helen Keller<\/span><\/h2>\n\n\n\n<p>Le jardin Serre de la Madone a la chance de pouvoir compter sur le soutien pr\u00e9cieux de partenaires tels que la Ville de Menton, le Conservatoire du littoral et la Fondation du patrimoine. Gr\u00e2ce \u00e0 eux, des avanc\u00e9es d\u00e9cisives ont d\u00e9j\u00e0 \u00e9t\u00e9 r\u00e9alis\u00e9es pour pr\u00e9server ce site remarquable.<\/p>\n\n\n\n<p>L\u2019avenir du jardin d\u00e9pend aussi de vous. Ce qui para\u00eet une petite contribution, une fois additionn\u00e9e \u00e0 tant d\u2019autres, devient un mouvement collectif capable de tout changer.<\/p>\n\n\n\n<p>D\u00e9couvrez ci-dessous comment vous impliquer. Quelle que soit la forme de votre contribution, grande ou petite, elle aidera \u00e0 transmettre la vitalit\u00e9 de Serre de la Madone aux g\u00e9n\u00e9rations futures.<\/p>\n<\/div>\n<\/div>\n\n\n\n<hr class=\"wp-block-separator alignwide has-text-color has-accent-1-color has-alpha-channel-opacity has-accent-1-background-color has-background is-style-wide is-style-wide--2\" style=\"margin-top:50px;margin-bottom:50px\"\/>\n\n\n\n<div class=\"wp-block-columns alignwide are-vertically-aligned-center is-layout-flex wp-container-core-columns-is-layout-28f84493 wp-block-columns-is-layout-flex\">\n<div class=\"wp-block-column is-vertically-aligned-center is-layout-flow wp-block-column-is-layout-flow\" style=\"flex-basis:66.66%\">\n<h2 class=\"wp-block-heading\">Visiter le jardin<\/h2>\n\n\n\n<p class=\"no-margin\">Cela peut sembler \u00e9vident, mais l\u2019une des meilleures fa\u00e7ons de soutenir Serre de la Madone est simplement de venir le visiter\u2026 et d\u2019y revenir. Chaque billet d\u2019entr\u00e9e contribue directement aux frais de fonctionnement : ainsi, votre visite peut permettre de reproduire une plante tropicale rare ou d\u2019entretenir un vieil oranger.<\/p>\n\n\n\n<p>En partageant cette exp\u00e9rience avec vos proches, vous devenez aussi un ambassadeur. Le bouche-\u00e0-oreille est notre meilleure publicit\u00e9 : deux visiteurs qui en parlent \u00e0 deux autres, qui \u00e0 leur tour en parlent autour d\u2019eux\u2026 et l\u2019effet se multiplie. Une simple visite peut donc avoir un impact consid\u00e9rable.<\/p>\n<\/div>\n\n\n\n<div class=\"wp-block-column is-vertically-aligned-center is-layout-flow wp-block-column-is-layout-flow\" style=\"flex-basis:33.33%\">\n<figure class=\"wp-block-image size-full\"><img loading=\"lazy\" decoding=\"async\" width=\"800\" height=\"450\" src=\"https:\/\/serredelamadone.fr\/wp-content\/uploads\/2025\/08\/section-8.jpg\" alt=\"\" class=\"wp-image-2019\" srcset=\"https:\/\/serredelamadone.fr\/wp-content\/uploads\/2025\/08\/section-8.jpg 800w, https:\/\/serredelamadone.fr\/wp-content\/uploads\/2025\/08\/section-8-768x432.jpg 768w, https:\/\/serredelamadone.fr\/wp-content\/uploads\/2025\/08\/section-8-18x10.jpg 18w\" sizes=\"auto, (max-width: 800px) 100vw, 800px\" \/><\/figure>\n<\/div>\n<\/div>\n\n\n\n<div style=\"height:10px\" aria-hidden=\"true\" class=\"wp-block-spacer\"><\/div>\n\n\n\n<div class=\"wp-block-columns alignwide are-vertically-aligned-center is-layout-flex wp-container-core-columns-is-layout-28f84493 wp-block-columns-is-layout-flex\">\n<div class=\"wp-block-column is-vertically-aligned-center is-layout-flow wp-block-column-is-layout-flow\" style=\"flex-basis:66.66%\">\n<h2 class=\"wp-block-heading\">Partager sur les r\u00e9seaux sociaux<\/h2>\n\n\n\n<p class=\"no-margin\">Que vous comptiez quelques abonn\u00e9s ou des milliers, chaque regard partag\u00e9 sur le jardin a de la valeur. Publier vos photos et impressions de Serre de la Madone sur les r\u00e9seaux sociaux contribue \u00e0 faire d\u00e9couvrir ce havre de biodiversit\u00e9 \u00e0 de nouveaux visiteurs.<\/p>\n\n\n\n<p>Photographiez, filmez, racontez : la magie des lieux se pr\u00eate \u00e0 toutes les inspirations. Avant de filmer une visite guid\u00e9e, pensez simplement \u00e0 demander l\u2019accord du guide. Et surtout, utilisez le hashtag <strong>#serredelamadone<\/strong> pour que chacun puisse retrouver vos publications.<\/p>\n<\/div>\n\n\n\n<div class=\"wp-block-column is-vertically-aligned-center is-layout-flow wp-block-column-is-layout-flow\" style=\"flex-basis:33.33%\">\n<figure class=\"wp-block-image size-full\"><img loading=\"lazy\" decoding=\"async\" width=\"1027\" height=\"625\" src=\"https:\/\/serredelamadone.fr\/wp-content\/uploads\/2025\/09\/social-media-icons.png\" alt=\"\" class=\"wp-image-2185\" srcset=\"https:\/\/serredelamadone.fr\/wp-content\/uploads\/2025\/09\/social-media-icons.png 1027w, https:\/\/serredelamadone.fr\/wp-content\/uploads\/2025\/09\/social-media-icons-768x467.png 768w, https:\/\/serredelamadone.fr\/wp-content\/uploads\/2025\/09\/social-media-icons-18x12.png 18w\" sizes=\"auto, (max-width: 1027px) 100vw, 1027px\" \/><\/figure>\n<\/div>\n<\/div>\n\n\n\n<div style=\"height:10px\" aria-hidden=\"true\" class=\"wp-block-spacer\"><\/div>\n\n\n\n<div class=\"wp-block-columns alignwide are-vertically-aligned-center is-layout-flex wp-container-core-columns-is-layout-28f84493 wp-block-columns-is-layout-flex\">\n<div class=\"wp-block-column is-vertically-aligned-center is-layout-flow wp-block-column-is-layout-flow\" style=\"flex-basis:66.66%\">\n<h2 class=\"wp-block-heading\">Rester en contact<\/h2>\n\n\n\n<p class=\"no-margin\">La vie du jardin est rythm\u00e9e par des \u00e9v\u00e9nements, des floraisons, des rendez-vous culturels. Pour ne rien manquer, inscrivez-vous \u00e0 notre newsletter trimestrielle. Vous y trouverez actualit\u00e9s, agenda, coulisses et inspirations.<\/p>\n\n\n\n<p>L\u2019inscription se fait en quelques secondes via le formulaire au bas de cette page. Vous recevrez directement dans votre bo\u00eete mail les nouvelles de Serre de la Madone.<\/p>\n<\/div>\n\n\n\n<div class=\"wp-block-column is-vertically-aligned-center is-layout-flow wp-block-column-is-layout-flow\" style=\"flex-basis:33.33%\">\n<figure class=\"wp-block-image size-full\"><img loading=\"lazy\" decoding=\"async\" width=\"1000\" height=\"738\" src=\"https:\/\/serredelamadone.fr\/wp-content\/uploads\/2025\/09\/newsletter.jpg\" alt=\"\" class=\"wp-image-2193\" srcset=\"https:\/\/serredelamadone.fr\/wp-content\/uploads\/2025\/09\/newsletter.jpg 1000w, https:\/\/serredelamadone.fr\/wp-content\/uploads\/2025\/09\/newsletter-768x567.jpg 768w, https:\/\/serredelamadone.fr\/wp-content\/uploads\/2025\/09\/newsletter-16x12.jpg 16w\" sizes=\"auto, (max-width: 1000px) 100vw, 1000px\" \/><\/figure>\n<\/div>\n<\/div>\n\n\n\n<div style=\"height:10px\" aria-hidden=\"true\" class=\"wp-block-spacer\"><\/div>\n\n\n\n<div class=\"wp-block-columns alignwide are-vertically-aligned-center is-layout-flex wp-container-core-columns-is-layout-28f84493 wp-block-columns-is-layout-flex\">\n<div class=\"wp-block-column is-vertically-aligned-center is-layout-flow wp-block-column-is-layout-flow\" style=\"flex-basis:66.66%\">\n<h2 class=\"wp-block-heading\">Devenir m\u00e9c\u00e8ne<\/h2>\n\n\n\n<p class=\"no-margin\">Qu\u2019il s\u2019agisse d\u2019un engagement individuel, d\u2019une fondation, d\u2019un groupe ou d\u2019une entreprise, chaque m\u00e9c\u00e8ne contribue \u00e0 pr\u00e9server, embellir et ouvrir ce patrimoine d\u2019exception au plus grand nombre.<\/p>\n\n\n\n<p>En devenant m\u00e9c\u00e8ne :<\/p>\n\n\n\n<ul class=\"wp-block-list no-margin\">\n<li><strong>Affirmez<\/strong> votre engagement pour la culture, l\u2019environnement, l\u2019\u00e9ducation et la transmission.<\/li>\n\n\n\n<li><strong>B\u00e9n\u00e9ficiez<\/strong> de contreparties adapt\u00e9es, dans le cadre l\u00e9gal : visibilit\u00e9, acc\u00e8s privil\u00e9gi\u00e9s, invitations \u00e0 des \u00e9v\u00e9nements exclusifs.<\/li>\n\n\n\n<li><strong>Participez<\/strong> \u00e0 une histoire en mouvement, initi\u00e9e il y a plus d\u2019un si\u00e8cle.<\/li>\n\n\n\n<li><strong>Rencontrez<\/strong> d\u2019autres acteurs engag\u00e9s lors de moments privil\u00e9gi\u00e9s avec donateurs, partenaires et \u00e9quipes du jardin.<\/li>\n<\/ul>\n\n\n\n<p>Pour en savoir plus, t\u00e9l\u00e9chargez notre plaquette m\u00e9c\u00e9nat <a href=\"https:\/\/serredelamadone.fr\/wp-content\/uploads\/2025\/09\/brochure-mecenat-fr.pdf\" data-type=\"attachment\" data-id=\"2202\" target=\"_blank\" rel=\"noreferrer noopener\">en cliquant ici<\/a>.<\/p>\n<\/div>\n\n\n\n<div class=\"wp-block-column is-vertically-aligned-center is-layout-flow wp-block-column-is-layout-flow\" style=\"flex-basis:33.33%\">\n<figure class=\"wp-block-image size-full\"><a href=\"https:\/\/serredelamadone.fr\/wp-content\/uploads\/2025\/09\/brochure-mecenat-fr.pdf\" target=\"_blank\" rel=\" noreferrer noopener\"><img loading=\"lazy\" decoding=\"async\" width=\"1000\" height=\"707\" src=\"https:\/\/serredelamadone.fr\/wp-content\/uploads\/2025\/09\/devenir-mecene.jpg\" alt=\"\" class=\"wp-image-2199\" srcset=\"https:\/\/serredelamadone.fr\/wp-content\/uploads\/2025\/09\/devenir-mecene.jpg 1000w, https:\/\/serredelamadone.fr\/wp-content\/uploads\/2025\/09\/devenir-mecene-768x543.jpg 768w, https:\/\/serredelamadone.fr\/wp-content\/uploads\/2025\/09\/devenir-mecene-18x12.jpg 18w\" sizes=\"auto, (max-width: 1000px) 100vw, 1000px\" \/><\/a><\/figure>\n<\/div>\n<\/div>\n\n\n\n<div style=\"height:50px\" aria-hidden=\"true\" class=\"wp-block-spacer\"><\/div>\n\n\n\n<p><\/p>","protected":false},"excerpt":{"rendered":"<p>\u201cAlone we can do so little; together we can do so much.\u201d \u2013&nbsp;Helen Keller Serre de la Madone has the good fortune to be supported by excellent partners like the [&hellip;]<\/p>","protected":false},"author":1,"featured_media":0,"parent":0,"menu_order":0,"comment_status":"closed","ping_status":"closed","template":"page-no-title","meta":{"_EventAllDay":false,"_EventTimezone":"","_EventStartDate":"","_EventEndDate":"","_EventStartDateUTC":"","_EventEndDateUTC":"","_EventShowMap":false,"_EventShowMapLink":false,"_EventURL":"","_EventCost":"","_EventCostDescription":"","_EventCurrencySymbol":"","_EventCurrencyCode":"","_EventCurrencyPosition":"","_EventDateTimeSeparator":"","_EventTimeRangeSeparator":"","_EventOrganizerID":[],"_EventVenueID":[],"_OrganizerEmail":"","_OrganizerPhone":"","_OrganizerWebsite":"","_VenueAddress":"","_VenueCity":"","_VenueCountry":"","_VenueProvince":"","_VenueState":"","_VenueZip":"","_VenuePhone":"","_VenueURL":"","_VenueStateProvince":"","_VenueLat":"","_VenueLng":"","_VenueShowMap":false,"_VenueShowMapLink":false,"footnotes":""},"class_list":["post-175","page","type-page","status-publish","hentry"],"_links":{"self":[{"href":"https:\/\/serredelamadone.fr\/fr\/wp-json\/wp\/v2\/pages\/175","targetHints":{"allow":["GET"]}}],"collection":[{"href":"https:\/\/serredelamadone.fr\/fr\/wp-json\/wp\/v2\/pages"}],"about":[{"href":"https:\/\/serredelamadone.fr\/fr\/wp-json\/wp\/v2\/types\/page"}],"author":[{"embeddable":true,"href":"https:\/\/serredelamadone.fr\/fr\/wp-json\/wp\/v2\/users\/1"}],"replies":[{"embeddable":true,"href":"https:\/\/serredelamadone.fr\/fr\/wp-json\/wp\/v2\/comments?post=175"}],"version-history":[{"count":34,"href":"https:\/\/serredelamadone.fr\/fr\/wp-json\/wp\/v2\/pages\/175\/revisions"}],"predecessor-version":[{"id":2312,"href":"https:\/\/serredelamadone.fr\/fr\/wp-json\/wp\/v2\/pages\/175\/revisions\/2312"}],"wp:attachment":[{"href":"https:\/\/serredelamadone.fr\/fr\/wp-json\/wp\/v2\/media?parent=175"}],"curies":[{"name":"wp","href":"https:\/\/api.w.org\/{rel}","templated":true}]}}