{"id":174,"date":"2025-05-16T15:53:14","date_gmt":"2025-05-16T13:53:14","guid":{"rendered":"https:\/\/serredelamadone.fr\/?page_id=174"},"modified":"2025-09-19T12:59:09","modified_gmt":"2025-09-19T10:59:09","slug":"adopt-a-tree","status":"publish","type":"page","link":"https:\/\/serredelamadone.fr\/fr\/adopt-a-tree\/","title":{"rendered":"Parrainez un citronnier"},"content":{"rendered":"<div class=\"wp-block-cover alignfull green-band wp-duotone-unset-1\" style=\"margin-top:0;margin-bottom:0;padding-top:var(--wp--preset--spacing--50);padding-right:var(--wp--preset--spacing--50);padding-bottom:var(--wp--preset--spacing--50);padding-left:var(--wp--preset--spacing--50);min-height:25vw;aspect-ratio:unset;\"><img loading=\"lazy\" decoding=\"async\" width=\"2000\" height=\"556\" class=\"wp-block-cover__image-background wp-image-2076 size-full\" alt=\"\" src=\"https:\/\/serredelamadone.fr\/wp-content\/uploads\/2025\/09\/adopt-header.jpg\" data-object-fit=\"cover\" srcset=\"https:\/\/serredelamadone.fr\/wp-content\/uploads\/2025\/09\/adopt-header.jpg 2000w, https:\/\/serredelamadone.fr\/wp-content\/uploads\/2025\/09\/adopt-header-768x214.jpg 768w, https:\/\/serredelamadone.fr\/wp-content\/uploads\/2025\/09\/adopt-header-1536x427.jpg 1536w, https:\/\/serredelamadone.fr\/wp-content\/uploads\/2025\/09\/adopt-header-18x5.jpg 18w\" sizes=\"auto, (max-width: 2000px) 100vw, 2000px\" \/><span aria-hidden=\"true\" class=\"wp-block-cover__background has-black-background-color has-background-dim-20 has-background-dim\"><\/span><div class=\"wp-block-cover__inner-container has-global-padding is-layout-constrained wp-container-core-cover-is-layout-d89aad35 wp-block-cover-is-layout-constrained\">\n<div class=\"wp-block-group alignwide has-global-padding is-content-justification-left is-layout-constrained wp-container-core-group-is-layout-12dd3699 wp-block-group-is-layout-constrained\">\n<h2 class=\"wp-block-heading has-text-align-left has-xx-large-font-size\">Parrainez un citronnier !<\/h2>\n\n\n\n<p class=\"header-subhead\" style=\"font-size:clamp(14.642px, 0.915rem + ((1vw - 3.2px) * 0.721), 22px);\">Participez \u00e0 un projet vivant de conservation et de transmission.<\/p>\n<\/div>\n<\/div><\/div>\n\n\n\n<div style=\"height:50px\" aria-hidden=\"true\" class=\"wp-block-spacer spacer-20-no-margin\"><\/div>\n\n\n\n<div class=\"wp-block-columns alignwide is-layout-flex wp-container-core-columns-is-layout-28f84493 wp-block-columns-is-layout-flex\">\n<div class=\"wp-block-column is-layout-flow wp-block-column-is-layout-flow\">\n<figure class=\"wp-block-image size-full\"><img loading=\"lazy\" decoding=\"async\" width=\"1200\" height=\"600\" src=\"https:\/\/serredelamadone.fr\/wp-content\/uploads\/2025\/09\/terrasse-citron.jpg\" alt=\"\" class=\"wp-image-2083\" srcset=\"https:\/\/serredelamadone.fr\/wp-content\/uploads\/2025\/09\/terrasse-citron.jpg 1200w, https:\/\/serredelamadone.fr\/wp-content\/uploads\/2025\/09\/terrasse-citron-768x384.jpg 768w, https:\/\/serredelamadone.fr\/wp-content\/uploads\/2025\/09\/terrasse-citron-18x9.jpg 18w\" sizes=\"auto, (max-width: 1200px) 100vw, 1200px\" \/><\/figure>\n<\/div>\n\n\n\n<div class=\"wp-block-column is-layout-flow wp-block-column-is-layout-flow\">\n<h2 class=\"wp-block-heading\">Pr\u00e9server un patrimoine agrumicole unique<\/h2>\n\n\n\n<p>Menton est reconnue comme la <strong>\u00ab capitale du citron \u00bb<\/strong>. Gr\u00e2ce \u00e0 son climat exceptionnel \u2013 doux et temp\u00e9r\u00e9, berc\u00e9 par l\u2019influence maritime \u2013 la ville b\u00e9n\u00e9ficie d\u2019un <strong>microclimat unique, id\u00e9al pour la culture de ce fruit d\u2019or<\/strong>.<\/p>\n\n\n\n<p>Bien avant que Lawrence Johnston ne cr\u00e9e le jardin Serre de la Madone, le domaine \u00e9tait une propri\u00e9t\u00e9 agricole. Une grande partie des terrains, am\u00e9nag\u00e9s en restanques, \u00e9tait consacr\u00e9e aux <strong>vergers de citronniers et d\u2019orangers<\/strong>.<\/p>\n\n\n\n<p>Aujourd\u2019hui, le projet de restauration rend hommage \u00e0 ces racines agricoles en r\u00e9introduisant une <strong>collection de citronniers<\/strong>, d\u00e9di\u00e9e \u00e0 la conservation, \u00e0 la p\u00e9dagogie et \u00e0 la production.<\/p>\n<\/div>\n<\/div>\n\n\n\n<div style=\"height:50px\" aria-hidden=\"true\" class=\"wp-block-spacer spacer-no-spacer\"><\/div>\n\n\n\n<div class=\"wp-block-columns alignwide is-layout-flex wp-container-core-columns-is-layout-28f84493 wp-block-columns-is-layout-flex\">\n<div class=\"wp-block-column is-layout-flow wp-block-column-is-layout-flow\" style=\"flex-basis:30%\"><div id=\"simpay-embedded-form-wrap-2099\" data-id=\"simpay-form-2099-wrap\" class=\"simpay-form-wrap simpay-embedded-form-wrap\"><div class=\"simpay-embedded-heading simpay-styled\"><h3 class=\"simpay-form-title\">Parrainez un Citronnier !<\/h3><p class=\"simpay-form-description\">R\u00e9servez votre arbre d\u00e8s aujourd'hui<\/p><\/div><form action=\"\" method=\"post\" class=\"simpay-checkout-form simpay-form-2099 simpay-styled simpay-checkout-form--embedded\" id=\"simpay-form-2099\" data-simpay-form-id=\"2099\" data-trp-original-action=\"\" >\n\t\t\t\t\t<div\n\t\t\t\tclass=\"simpay-form-control simpay-email-container simpay-link-authentication-container\"\n\t\t\t\tdata-default=\"\"\n\t\t\t><\/div>\n\t\t\t<div class=\"simpay-email-error simpay-errors\" aria-live=\"assertive\" aria-relevant=\"additions text\" aria-atomic=\"true\"><\/div>\n\t\t\t<input\n\t\t\t\ttype=\"hidden\"\n\t\t\t\tname=\"simpay_email\"\n\t\t\t\tid=\"simpay-form-2099-field-1\"\n\t\t\t\tclass=\"simpay-email\"\n\t\t\t\tvalue=\"\"\n\t\t\t\tplaceholder=\"\"\n\t\t\t\trequired\n\t\t\t\t\t\/>\n\t\t\n\t\t\n\t\t<div class=\"simpay-form-control simpay-telephone-container\">\n\t\t\t\n\t\t<div class=\"simpay-telephone-label simpay-label-wrap\">\n\t\t\t<label for=\"simpay-form-2099-field-6\" class=\"\">\n\t\t\t\tT\u00e9l\u00e9phone\t\t\t\t\t\t\t<\/label>\n\t\t<\/div>\n\n\t\t\t\t\t<div class=\"simpay-telephone-wrap simpay-telephone-field simpay-field-wrap\">\n\t\t\t\t<input\n\t\t\t\t\ttype=\"tel\"\n\t\t\t\t\t\t\t\t\t\t\tname=\"simpay_telephone_intl\"\n\t\t\t\t\t\t\t\t\t\tid=\"simpay-form-2099-field-6\"\n\t\t\t\t\tclass=\"simpay-telephone\"\n\t\t\t\t\tvalue=\"\"\n\t\t\t\t\tplaceholder=\"\"\n\t\t\t\t\t\t\t\t\t\t\trequired\n\t\t\t\t\t\t\t\t\t\t\t\/>\n\t\t\t<\/div>\n\t\t<\/div>\n\n\t\t\t\t\t<div class=\"simpay-phone-error simpay-errors\" aria-live=\"assertive\" aria-relevant=\"additions text\" aria-atomic=\"true\"><\/div>\n\t\t\t\n\t\t<fieldset\n\t\t\tclass=\"simpay-form-control simpay-plan-select-container\"\n\t\t\tdata-display-type=\"radio\"\n\t\t\tstyle=\"display: none\"\n\t\t>\n\t\t\t<div class=\"simpay-plan_select-label simpay-label-wrap\">\n\t\t\t\t<legend class=\"screen-reader-text\">\n\t\t\t\t\tplan_select\t\t\t\t<\/legend>\n\t\t\t<\/div>\n\n\t\t\t<div class=\"simpay-plan-wrapper simpay-field-wrap simpay-dropdown-wrap\">\n\t\t\t\t<ul class=\"simpay-multi-plan-radio-group\">\n\t\t\t\t\t\t\t\t\t<li class=\"simpay-price-selection-label\">\n\t\t\t\t\t\t\t\t\t\t\t\t\t<label for=\"price_1S2rXABr1sL9Vfd2nuGVYnjj-instance-447\">\n\t\t\t\t\t\t\t<input\n\t\t\t\t\t\t\t\ttype=\"radio\"\n\t\t\t\t\t\t\t\t\n\t\t\tid=\"price_1S2rXABr1sL9Vfd2nuGVYnjj-instance-447\"\n\t\t\tclass=\"simpay-multi-sub simpay-price-option-price_1S2rXABr1sL9Vfd2nuGVYnjj\"\n\t\t\tdata-price='{\"instance_id\":\"2f18ef35-bfa5-42f5-b452-88b13660b389\",\"product_id\":\"prod_Smv0G5PnjatmPq\",\"id\":\"price_1S2rXABr1sL9Vfd2nuGVYnjj\",\"default\":true,\"required\":false,\"label\":null,\"currency\":\"eur\",\"currency_symbol\":\"&euro;\",\"is_zero_decimal\":false,\"unit_amount\":115000,\"unit_amount_min\":null,\"unit_amount_max\":null,\"can_recur\":false,\"can_recur_selected_by_default\":false,\"recurring\":null,\"line_items\":null,\"quantity_toggle\":null,\"quantity_label\":null,\"quantity_minimum\":null,\"quantity_maximum\":null,\"recurring_amount_toggle_label\":null,\"__unstable_unsaved\":null,\"generated_label\":\"1,150.00 &euro;\",\"simplified_label\":\"1,150.00 &euro;\",\"currency_min_amount\":100}'\n\t\t\tname=\"simpay_price\"\n\t\t\t checked='checked'\n\t\t\t\n\t\t\t\n\t\t\tvalue=\"price_1S2rXABr1sL9Vfd2nuGVYnjj\"\n\t\t\tdata-plan-id=\"price_1S2rXABr1sL9Vfd2nuGVYnjj\"\n\t\t\tdata-plan-amount=\"1150\"\n\t\t\t\n\t\t\t\t\t\t\t\t\t\t\/>\n\t\t\t\t\t\t\t1,150.00 &euro;\t\t\t\t\t\t<\/label>\n\t\t\t\t\t\t\t\t\t\t\t<\/li>\n\t\t\t\t\t\t\t\t<\/ul>\n\t\t\t<\/div>\n\t\t<\/fieldset>\n\n\t\t\n\t\t\n\t\t<fieldset class=\"simpay-form-control simpay-address-container simpay-address-container-upe simpay-billing-address-container\">\n\t\t\t\t\t\t<legend class=\"simpay-address-billing-container-label simpay-label-wrap\">\n\t\t\t\tAdresse de facturation\t\t\t<\/legend>\n\t\t\t\n\t\t\t\t\t\t<div\n\t\t\t\tclass=\"simpay-address-element\"\n\t\t\t\tdata-allowed-countries='[]'\n\t\t\t\tdata-default-line1=\"\"\n\t\t\t\tdata-default-line2=\"\"\n\t\t\t\tdata-default-city=\"\"\n\t\t\t\tdata-default-state=\"\"\n\t\t\t\tdata-default-postal-code=\"\"\n\t\t\t\tdata-default-country=\"\"\n\t\t\t><\/div>\n\t\t\t\t<\/fieldset>\n\n\t\t\n\t\t<div class=\"simpay-address-error simpay-errors\" aria-live=\"assertive\" aria-relevant=\"additions text\" aria-atomic=\"true\"><\/div>\n\n\t\t\n\t\t<div class=\"simpay-form-control simpay-text-container\">\n\t\t\t\n\t\t<div class=\"simpay-text-label simpay-label-wrap\">\n\t\t\t<label for=\"simpay-form-2099-field-7\" class=\"\">\n\t\t\t\tPlaque comm\u00e9morative\t\t\t\t\t\t\t<\/label>\n\t\t<\/div>\n\n\t\t\t\t\t<div class=\"simpay-text-wrap simpay-field-wrap\">\n\t\t\t\t\t\t\t\t\t<input\n\t\t\t\t\t\ttype=\"text\"\n\t\t\t\t\t\tname=\"simpay_field[Tree name]\"\n\t\t\t\t\t\tid=\"simpay-form-2099-field-7\"\n\t\t\t\t\t\tplaceholder=\"Le nom qui appara\u00eetra sur la plaque\"\n\t\t\t\t\t\tvalue=\"\"\n\t\t\t\t\t\tmaxlength=\"500\"\n\t\t\t\t\t\t\t\t\t\t\t\t\trequired\n\t\t\t\t\t\t\t\t\t\t\t\t\t\/>\n\t\t\t\t\t\t\t<\/div>\n\t\t<\/div>\n\n\t\t\n        <div class=\"simpay-form-control simpay-form-control--card simpay-card-container\"\n             data-payment-method-display-type=\"tabs\"\n             data-visible-accordion-items=\"5\"\n             data-default-collapsed=\"false\">\n                        \n\t\t<div\n\t\t\tid=\"simpay-upe-element-simpay-form-2099-field-3\"\n\t\t\tclass=\"simpay-upe-wrap simpay-field-wrap\"\n\t\t>\n\t\t<\/div>\n\n\t\t\t        <\/div>\n\n\n\t\t<div class=\"simpay-payment-method-error simpay-errors\" aria-live=\"assertive\" aria-relevant=\"additions text\" aria-atomic=\"true\"><\/div>\n\n\t\t\n\t\t<div\n\t\t\tclass=\"simpay-form-control simpay-checkout-btn-container\"\n\t\t>\n\t\t\t<button\n\t\t\t\tid=\"simpay-form-2099-field-4\"\n\t\t\t\tclass=\"simpay-btn simpay-checkout-btn\"\n\t\t\t\ttype=\"submit\"\n\t\t\t\tdisabled\n\t\t\t>\n\t\t\t\t<span>\n\t\t\t\t\tPlease wait...\t\t\t\t<\/span>\n\t\t\t<\/button>\n\t\t<\/div>\n\t\t<div class=\"simpay-generic-error simpay-errors\" id=\"simpay-form-2099-error\" aria-live=\"assertive\" aria-relevant=\"additions text\" aria-atomic=\"true\"><\/div><input type=\"hidden\" name=\"simpay_form_id\" value=\"2099\" \/><input type=\"hidden\" name=\"simpay_amount\" value=\"\" class=\"simpay-amount\" \/><input type=\"hidden\" name=\"simpay_tax_amount\" value=\"\" class=\"simpay-tax-amount\" \/><input type=\"hidden\" id=\"_wpnonce\" name=\"_wpnonce\" value=\"c2b60095c0\" \/><input type=\"hidden\" name=\"_wp_http_referer\" value=\"\/fr\/wp-json\/wp\/v2\/pages\/174\" \/><input type=\"hidden\" name=\"trp-form-language\" value=\"fr\"\/><\/form><\/div>\n<\/div>\n\n\n\n<div class=\"wp-block-column is-layout-flow wp-block-column-is-layout-flow\" style=\"flex-basis:70%\">\n<h2 class=\"wp-block-heading\">Inscrivez votre nom dans l\u2019histoire de Menton<\/h2>\n\n\n\n<p>Trois terrasses basses, accessibles au public par un chemin de d\u00e9couverte, accueilleront une collection de vari\u00e9t\u00e9s de citronniers \u00e0 vocation \u00e9ducative et de conservation. Plus haut, quatorze autres restanques seront am\u00e9nag\u00e9es pour la production agricole.<\/p>\n\n\n\n<p>Jusqu\u2019\u00e0 <strong>100 arbres sont propos\u00e9s au parrainage<\/strong>.<br>Les premi\u00e8res plantations d\u00e9buteront en 2026, mais il est d\u00e9j\u00e0 possible de r\u00e9server votre arbre pour un budget de 1 150 \u20ac.<br>En soutenant la plantation d\u2019un citronnier , vous financez son entretien durable et vous contribuez \u00e0 la transmission de ce patrimoine vivant. Une <strong>plaque comm\u00e9morative personnalis\u00e9e<\/strong> sera fix\u00e9e sur votre arbre.<\/p>\n\n\n\n<p>Une fois votre arbre plant\u00e9, vous serez inform\u00e9 et, si vous le souhaitez, convi\u00e9 \u00e0 la c\u00e9r\u00e9monie de pose de la plaque.<\/p>\n\n\n\n<p><strong>Un geste durable et porteur de sens<\/strong>. Parrainer un citronnier, c\u2019est inscrire votre engagement dans le temps, c\u00e9l\u00e9brer l\u2019histoire de Menton ou offrir un hommage vivant \u00e0 une personne ch\u00e8re.<\/p>\n\n\n\n<figure class=\"wp-block-image size-full\"><img loading=\"lazy\" decoding=\"async\" width=\"1200\" height=\"844\" src=\"https:\/\/serredelamadone.fr\/wp-content\/uploads\/2025\/09\/lemon-map.jpg\" alt=\"\" class=\"wp-image-2093\" srcset=\"https:\/\/serredelamadone.fr\/wp-content\/uploads\/2025\/09\/lemon-map.jpg 1200w, https:\/\/serredelamadone.fr\/wp-content\/uploads\/2025\/09\/lemon-map-768x540.jpg 768w, https:\/\/serredelamadone.fr\/wp-content\/uploads\/2025\/09\/lemon-map-18x12.jpg 18w\" sizes=\"auto, (max-width: 1200px) 100vw, 1200px\" \/><\/figure>\n<\/div>\n<\/div>\n\n\n\n<div style=\"height:100px\" aria-hidden=\"true\" class=\"wp-block-spacer\"><\/div>","protected":false},"excerpt":{"rendered":"<p>Honoring a rich citrus history Menton is known as the \u201clemon capital\u201d. Thanks to its exceptional climate, with moderate conditions and a coastal environment, the area benefits from a microclimate [&hellip;]<\/p>","protected":false},"author":1,"featured_media":0,"parent":0,"menu_order":0,"comment_status":"closed","ping_status":"closed","template":"page-no-title","meta":{"_EventAllDay":false,"_EventTimezone":"","_EventStartDate":"","_EventEndDate":"","_EventStartDateUTC":"","_EventEndDateUTC":"","_EventShowMap":false,"_EventShowMapLink":false,"_EventURL":"","_EventCost":"","_EventCostDescription":"","_EventCurrencySymbol":"","_EventCurrencyCode":"","_EventCurrencyPosition":"","_EventDateTimeSeparator":"","_EventTimeRangeSeparator":"","_EventOrganizerID":[],"_EventVenueID":[],"_OrganizerEmail":"","_OrganizerPhone":"","_OrganizerWebsite":"","_VenueAddress":"","_VenueCity":"","_VenueCountry":"","_VenueProvince":"","_VenueState":"","_VenueZip":"","_VenuePhone":"","_VenueURL":"","_VenueStateProvince":"","_VenueLat":"","_VenueLng":"","_VenueShowMap":false,"_VenueShowMapLink":false,"footnotes":""},"class_list":["post-174","page","type-page","status-publish","hentry"],"_links":{"self":[{"href":"https:\/\/serredelamadone.fr\/fr\/wp-json\/wp\/v2\/pages\/174","targetHints":{"allow":["GET"]}}],"collection":[{"href":"https:\/\/serredelamadone.fr\/fr\/wp-json\/wp\/v2\/pages"}],"about":[{"href":"https:\/\/serredelamadone.fr\/fr\/wp-json\/wp\/v2\/types\/page"}],"author":[{"embeddable":true,"href":"https:\/\/serredelamadone.fr\/fr\/wp-json\/wp\/v2\/users\/1"}],"replies":[{"embeddable":true,"href":"https:\/\/serredelamadone.fr\/fr\/wp-json\/wp\/v2\/comments?post=174"}],"version-history":[{"count":22,"href":"https:\/\/serredelamadone.fr\/fr\/wp-json\/wp\/v2\/pages\/174\/revisions"}],"predecessor-version":[{"id":2310,"href":"https:\/\/serredelamadone.fr\/fr\/wp-json\/wp\/v2\/pages\/174\/revisions\/2310"}],"wp:attachment":[{"href":"https:\/\/serredelamadone.fr\/fr\/wp-json\/wp\/v2\/media?parent=174"}],"curies":[{"name":"wp","href":"https:\/\/api.w.org\/{rel}","templated":true}]}}