{"id":173,"date":"2025-05-16T15:52:30","date_gmt":"2025-05-16T13:52:30","guid":{"rendered":"https:\/\/serredelamadone.fr\/?page_id=173"},"modified":"2025-09-19T12:29:07","modified_gmt":"2025-09-19T10:29:07","slug":"donate","status":"publish","type":"page","link":"https:\/\/serredelamadone.fr\/fr\/donate\/","title":{"rendered":"Faire un don"},"content":{"rendered":"<div class=\"wp-block-cover alignfull img-top-center green-band wp-duotone-unset-1\" style=\"margin-top:0;margin-bottom:0;padding-top:var(--wp--preset--spacing--50);padding-right:var(--wp--preset--spacing--50);padding-bottom:var(--wp--preset--spacing--50);padding-left:var(--wp--preset--spacing--50);min-height:25vw;aspect-ratio:unset;\"><img loading=\"lazy\" decoding=\"async\" width=\"2000\" height=\"556\" class=\"wp-block-cover__image-background wp-image-835 size-full\" alt=\"\" src=\"https:\/\/serredelamadone.fr\/wp-content\/uploads\/2025\/07\/donate-header.jpg\" data-object-fit=\"cover\" srcset=\"https:\/\/serredelamadone.fr\/wp-content\/uploads\/2025\/07\/donate-header.jpg 2000w, https:\/\/serredelamadone.fr\/wp-content\/uploads\/2025\/07\/donate-header-768x214.jpg 768w, https:\/\/serredelamadone.fr\/wp-content\/uploads\/2025\/07\/donate-header-1536x427.jpg 1536w, https:\/\/serredelamadone.fr\/wp-content\/uploads\/2025\/07\/donate-header-18x5.jpg 18w\" sizes=\"auto, (max-width: 2000px) 100vw, 2000px\" \/><span aria-hidden=\"true\" class=\"wp-block-cover__background has-black-background-color has-background-dim-20 has-background-dim\"><\/span><div class=\"wp-block-cover__inner-container has-global-padding is-layout-constrained wp-container-core-cover-is-layout-d89aad35 wp-block-cover-is-layout-constrained\">\n<div class=\"wp-block-group alignwide has-global-padding is-content-justification-left is-layout-constrained wp-container-core-group-is-layout-12dd3699 wp-block-group-is-layout-constrained\">\n<h2 class=\"wp-block-heading has-text-align-left shadow-text\" style=\"font-size:clamp(1.884rem, 1.884rem + ((1vw - 0.2rem) * 2.221), 3.3rem);\">Faire un don au jardin Serre de la Madone<\/h2>\n<\/div>\n<\/div><\/div>\n\n\n\n<div style=\"height:30px\" aria-hidden=\"true\" class=\"wp-block-spacer spacer-20-no-margin\"><\/div>\n\n\n\n<div class=\"wp-block-columns alignwide is-layout-flex wp-container-core-columns-is-layout-28f84493 wp-block-columns-is-layout-flex\">\n<div class=\"wp-block-column is-vertically-aligned-center is-layout-flow wp-block-column-is-layout-flow\" style=\"flex-basis:66.66%\">\n<h2 class=\"wp-block-heading\">L\u2019avenir du jardin Serre de la Madone se joue actuellement<\/h2>\n\n\n\n<p>Victime de l\u2019\u00e9preuve du temps, du changement climatique et d\u2019infrastructures vieillissantes, le jardin Serre de la Madone montre aujourd\u2019hui des signes de fragilit\u00e9 pr\u00e9occupants. Terrasses en cours d\u2019\u00e9rosion, serres d\u00e9labr\u00e9es, r\u00e9seau d\u2019irrigation d\u00e9faillant, all\u00e9es rendues dangereuses par l\u2019irr\u00e9gularit\u00e9 du sol\u2026 L\u2019\u00e9quilibre subtil de ce lieu d\u2019exception est d\u00e9sormais menac\u00e9.<\/p>\n\n\n\n<p>Sans intervention d\u2019envergure, ce haut lieu du patrimoine botanique m\u00e9diterran\u00e9en, cr\u00e9\u00e9 avec passion par Lawrence Johnston, pourrait dispara\u00eetre.<\/p>\n<\/div>\n\n\n\n<div class=\"wp-block-column is-layout-flow wp-block-column-is-layout-flow\" style=\"flex-basis:33.33%\">\n<figure class=\"wp-block-image size-full\"><img loading=\"lazy\" decoding=\"async\" width=\"800\" height=\"492\" src=\"https:\/\/serredelamadone.fr\/wp-content\/uploads\/2025\/08\/section-13.jpg\" alt=\"\" class=\"wp-image-2018\" srcset=\"https:\/\/serredelamadone.fr\/wp-content\/uploads\/2025\/08\/section-13.jpg 800w, https:\/\/serredelamadone.fr\/wp-content\/uploads\/2025\/08\/section-13-768x472.jpg 768w, https:\/\/serredelamadone.fr\/wp-content\/uploads\/2025\/08\/section-13-18x12.jpg 18w\" sizes=\"auto, (max-width: 800px) 100vw, 800px\" \/><\/figure>\n<\/div>\n<\/div>\n\n\n\n<div class=\"wp-block-columns alignwide is-layout-flex wp-container-core-columns-is-layout-28f84493 wp-block-columns-is-layout-flex\">\n<div class=\"wp-block-column is-vertically-aligned-center is-layout-flow wp-block-column-is-layout-flow\" style=\"flex-basis:66.66%\">\n<h2 class=\"wp-block-heading\">Une mobilisation collective pour pr\u00e9server ce jardin d\u2019exception<\/h2>\n\n\n\n<p>Face \u00e0 cette situation, une mobilisation s\u2019est mise en place. Trois partenaires majeurs ont uni leurs forces pour initier un vaste chantier de restauration\u00a0:<\/p>\n\n\n\n<ul class=\"wp-block-list no-margin\">\n<li>la Ville de Menton,<\/li>\n\n\n\n<li>le Conservatoire du littoral,<\/li>\n\n\n\n<li>et l\u2019Association pour la Sauvegarde des Jardins d\u2019Exception du Mentonnais (ASJEM).<\/li>\n<\/ul>\n\n\n\n<p>Mais cette mission exige des moyens financiers cons\u00e9quents. Leur engagement ne suffira pas \u00e0 couvrir l\u2019int\u00e9gralit\u00e9 des travaux sans le soutien de donateurs.<\/p>\n<\/div>\n\n\n\n<div class=\"wp-block-column is-layout-flow wp-block-column-is-layout-flow\" style=\"flex-basis:33.33%\">\n<figure class=\"wp-block-image size-full\"><img loading=\"lazy\" decoding=\"async\" width=\"800\" height=\"450\" src=\"https:\/\/serredelamadone.fr\/wp-content\/uploads\/2025\/08\/section-8.jpg\" alt=\"\" class=\"wp-image-2019\" srcset=\"https:\/\/serredelamadone.fr\/wp-content\/uploads\/2025\/08\/section-8.jpg 800w, https:\/\/serredelamadone.fr\/wp-content\/uploads\/2025\/08\/section-8-768x432.jpg 768w, https:\/\/serredelamadone.fr\/wp-content\/uploads\/2025\/08\/section-8-18x10.jpg 18w\" sizes=\"auto, (max-width: 800px) 100vw, 800px\" \/><\/figure>\n<\/div>\n<\/div>\n\n\n\n<div class=\"wp-block-columns alignwide is-layout-flex wp-container-core-columns-is-layout-28f84493 wp-block-columns-is-layout-flex\">\n<div class=\"wp-block-column is-vertically-aligned-center is-layout-flow wp-block-column-is-layout-flow\" style=\"flex-basis:66.66%\">\n<h2 class=\"wp-block-heading\">Un projet reconnu par la Fondation du Patrimoine<\/h2>\n\n\n\n<p class=\"translation-block\">Bonne nouvelle : en 2025, la <em>Mission Patrimoine<\/em> port\u00e9e par St\u00e9phane Bern, d\u00e9ploy\u00e9 par la <strong><em>Fondation du Patrimoine<\/em><\/strong>, a s\u00e9lectionn\u00e9 le jardin Serre de la Madone comme <em>projet embl\u00e9matique national<\/em>. Cette distinction ouvre plusieurs leviers essentiels :<\/p>\n\n\n\n<ul class=\"wp-block-list no-margin\">\n<li class=\"translation-block\">La cr\u00e9ation d\u2019un <strong>fonds de collecte d\u00e9di\u00e9<\/strong>, via la Fondation du Patrimoine,<\/li>\n\n\n\n<li class=\"translation-block\">son inclusion dans le <strong>Loto du Patrimoine<\/strong>,<\/li>\n\n\n\n<li>et l\u2019appui strat\u00e9gique et m\u00e9diatique de la Mission Bern pour solliciter des dons suppl\u00e9mentaires. L\u2019objectif : r\u00e9unir au moins 100 000 euros en compl\u00e9ment des financements d\u00e9j\u00e0 acquis.<\/li>\n<\/ul>\n\n\n\n<p>Ce soutien est d\u00e9terminant, mais il ne permet pas, \u00e0 lui seul, de sauver le jardin. C\u2019est pourquoi nous lan\u00e7ons un appel \u00e0 la g\u00e9n\u00e9rosit\u00e9 de tous : particuliers, entreprises et fondations.<\/p>\n<\/div>\n\n\n\n<div class=\"wp-block-column is-layout-flow wp-block-column-is-layout-flow\" style=\"flex-basis:33.33%\">\n<figure class=\"wp-block-image size-full\"><img loading=\"lazy\" decoding=\"async\" width=\"1322\" height=\"972\" src=\"https:\/\/serredelamadone.fr\/wp-content\/uploads\/2025\/08\/ticket-loto-patrimoine.jpg\" alt=\"\" class=\"wp-image-1213\" srcset=\"https:\/\/serredelamadone.fr\/wp-content\/uploads\/2025\/08\/ticket-loto-patrimoine.jpg 1322w, https:\/\/serredelamadone.fr\/wp-content\/uploads\/2025\/08\/ticket-loto-patrimoine-768x565.jpg 768w, https:\/\/serredelamadone.fr\/wp-content\/uploads\/2025\/08\/ticket-loto-patrimoine-16x12.jpg 16w\" sizes=\"auto, (max-width: 1322px) 100vw, 1322px\" \/><\/figure>\n<\/div>\n<\/div>\n\n\n\n<div style=\"height:10px\" aria-hidden=\"true\" class=\"wp-block-spacer\"><\/div>\n\n\n\n<div class=\"wp-block-columns is-layout-flex wp-container-core-columns-is-layout-28f84493 wp-block-columns-is-layout-flex\">\n<div class=\"wp-block-column is-layout-flow wp-block-column-is-layout-flow\" style=\"flex-basis:100%\">\n<h2 class=\"wp-block-heading\">Deux fa\u00e7ons de soutenir Serre de la Madone<\/h2>\n\n\n\n<div class=\"wp-block-columns bottom-pad-20 is-layout-flex wp-container-core-columns-is-layout-28f84493 wp-block-columns-is-layout-flex\">\n<div class=\"wp-block-column is-vertically-aligned-center is-layout-flow wp-block-column-is-layout-flow\" style=\"flex-basis:80px\">\n<figure class=\"wp-block-image size-full half-width-img\"><img loading=\"lazy\" decoding=\"async\" width=\"467\" height=\"466\" src=\"https:\/\/serredelamadone.fr\/wp-content\/uploads\/2025\/09\/fondation-logo.jpg\" alt=\"\" class=\"wp-image-2147\" srcset=\"https:\/\/serredelamadone.fr\/wp-content\/uploads\/2025\/09\/fondation-logo.jpg 467w, https:\/\/serredelamadone.fr\/wp-content\/uploads\/2025\/09\/fondation-logo-12x12.jpg 12w\" sizes=\"auto, (max-width: 467px) 100vw, 467px\" \/><\/figure>\n<\/div>\n\n\n\n<div class=\"wp-block-column is-vertically-aligned-center is-layout-flow wp-block-column-is-layout-flow\">\n<p>Votre don \u00e0 la Fondation du Patrimoine finance directement les phases 2 et 3 de la restauration du jardin. Un re\u00e7u fiscal sera \u00e9mais par la Fondation.<\/p>\n\n\n\n<div class=\"wp-block-buttons fondation-don is-layout-flex wp-block-buttons-is-layout-flex\">\n<div class=\"wp-block-button donate-button\"><a class=\"wp-block-button__link wp-element-button\" href=\"https:\/\/www.fondation-patrimoine.org\/les-projets\/domaine-de-serre-de-la-madone-a-menton\/100534\" style=\"border-radius:6px\" target=\"_blank\" rel=\"noreferrer noopener\">FAIRE UN DON<\/a><\/div>\n<\/div>\n<\/div>\n<\/div>\n\n\n\n<div class=\"wp-block-columns bottom-pad-20 is-layout-flex wp-container-core-columns-is-layout-28f84493 wp-block-columns-is-layout-flex\">\n<div class=\"wp-block-column is-vertically-aligned-center is-layout-flow wp-block-column-is-layout-flow\" style=\"flex-basis:80px\">\n<figure class=\"wp-block-image size-full half-width-img\"><img loading=\"lazy\" decoding=\"async\" width=\"400\" height=\"400\" src=\"https:\/\/serredelamadone.fr\/wp-content\/uploads\/2025\/07\/loto-patrimoine2.jpg\" alt=\"\" class=\"wp-image-848\" srcset=\"https:\/\/serredelamadone.fr\/wp-content\/uploads\/2025\/07\/loto-patrimoine2.jpg 400w, https:\/\/serredelamadone.fr\/wp-content\/uploads\/2025\/07\/loto-patrimoine2-12x12.jpg 12w\" sizes=\"auto, (max-width: 400px) 100vw, 400px\" \/><\/figure>\n<\/div>\n\n\n\n<div class=\"wp-block-column is-vertically-aligned-center is-layout-flow wp-block-column-is-layout-flow\">\n<p><strong>Participer au loto du patrimoine<\/strong> en achetant <em><span style=\"font-style:normal\">un ticket<\/span><\/em> dans l\u2019un des points de vente agr\u00e9\u00e9s partout en France, d\u00e8s le 1<sup>er<\/sup> septembre.<\/p>\n<\/div>\n<\/div>\n\n\n\n<div style=\"height:20px\" aria-hidden=\"true\" class=\"wp-block-spacer spacer-no-spacer\"><\/div>\n\n\n\n<h2 class=\"wp-block-heading\">Avantages fiscaux<\/h2>\n\n\n\n<p>En effectuant un don, vous b\u00e9n\u00e9ficiez d\u2019une r\u00e9duction d\u2019imp\u00f4t (France)&nbsp;:<\/p>\n\n\n\n<ul class=\"wp-block-list no-margin\">\n<li><strong>Particuliers :<\/strong> 66 % du montant de votre don d\u00e9ductible de l\u2019imp\u00f4t sur le revenu, dans la limite de 20 % du revenu imposable annuel.<\/li>\n\n\n\n<li><strong>Entreprises :<\/strong> 60 % du montant du don d\u00e9ductible de l\u2019imp\u00f4t sur les soci\u00e9t\u00e9s, dans la limite de 20 000 \u20ac ou de 0,5 % du chiffre d\u2019affaires annuel.<\/li>\n<\/ul>\n\n\n\n<div style=\"height:10px\" aria-hidden=\"true\" class=\"wp-block-spacer spacer-20-no-margin\"><\/div>\n\n\n\n<h2 class=\"wp-block-heading\">Aidez-nous \u00e0 pr\u00e9server le jardin Serre de la Madone<\/h2>\n\n\n\n<p>Chaque contribution, quelle que soit sa taille, participe \u00e0 la sauvegarde d\u2019un patrimoine naturel et culturel unique sur la C\u00f4te d\u2019Azur.<\/p>\n\n\n\n<p>Donner, c\u2019est s\u2019engager pour la transmission, la beaut\u00e9, la biodiversit\u00e9 et la m\u00e9moire d\u2019un lieu habit\u00e9 par pr\u00e8s d\u2019un si\u00e8cle d\u2019histoire v\u00e9g\u00e9tale.<\/p>\n<\/div>\n<\/div>\n\n\n\n<div style=\"height:50px\" aria-hidden=\"true\" class=\"wp-block-spacer\"><\/div>","protected":false},"excerpt":{"rendered":"<p>The future of Serre de la Madone is in play Years of neglect, along with time, climate change, and outdated infrastructure have all contributed to eroding terraces, hothouses in disrepair, [&hellip;]<\/p>","protected":false},"author":1,"featured_media":0,"parent":0,"menu_order":0,"comment_status":"closed","ping_status":"closed","template":"page-no-title","meta":{"_EventAllDay":false,"_EventTimezone":"","_EventStartDate":"","_EventEndDate":"","_EventStartDateUTC":"","_EventEndDateUTC":"","_EventShowMap":false,"_EventShowMapLink":false,"_EventURL":"","_EventCost":"","_EventCostDescription":"","_EventCurrencySymbol":"","_EventCurrencyCode":"","_EventCurrencyPosition":"","_EventDateTimeSeparator":"","_EventTimeRangeSeparator":"","_EventOrganizerID":[],"_EventVenueID":[],"_OrganizerEmail":"","_OrganizerPhone":"","_OrganizerWebsite":"","_VenueAddress":"","_VenueCity":"","_VenueCountry":"","_VenueProvince":"","_VenueState":"","_VenueZip":"","_VenuePhone":"","_VenueURL":"","_VenueStateProvince":"","_VenueLat":"","_VenueLng":"","_VenueShowMap":false,"_VenueShowMapLink":false,"footnotes":""},"class_list":["post-173","page","type-page","status-publish","hentry"],"_links":{"self":[{"href":"https:\/\/serredelamadone.fr\/fr\/wp-json\/wp\/v2\/pages\/173","targetHints":{"allow":["GET"]}}],"collection":[{"href":"https:\/\/serredelamadone.fr\/fr\/wp-json\/wp\/v2\/pages"}],"about":[{"href":"https:\/\/serredelamadone.fr\/fr\/wp-json\/wp\/v2\/types\/page"}],"author":[{"embeddable":true,"href":"https:\/\/serredelamadone.fr\/fr\/wp-json\/wp\/v2\/users\/1"}],"replies":[{"embeddable":true,"href":"https:\/\/serredelamadone.fr\/fr\/wp-json\/wp\/v2\/comments?post=173"}],"version-history":[{"count":35,"href":"https:\/\/serredelamadone.fr\/fr\/wp-json\/wp\/v2\/pages\/173\/revisions"}],"predecessor-version":[{"id":2306,"href":"https:\/\/serredelamadone.fr\/fr\/wp-json\/wp\/v2\/pages\/173\/revisions\/2306"}],"wp:attachment":[{"href":"https:\/\/serredelamadone.fr\/fr\/wp-json\/wp\/v2\/media?parent=173"}],"curies":[{"name":"wp","href":"https:\/\/api.w.org\/{rel}","templated":true}]}}