{"id":155,"date":"2025-05-16T12:41:49","date_gmt":"2025-05-16T10:41:49","guid":{"rendered":"https:\/\/serredelamadone.fr\/?page_id=155"},"modified":"2026-03-03T12:59:21","modified_gmt":"2026-03-03T11:59:21","slug":"guided-tours","status":"publish","type":"page","link":"https:\/\/serredelamadone.fr\/fr\/guided-tours\/","title":{"rendered":"Visites guid\u00e9es"},"content":{"rendered":"<div class=\"wp-block-cover alignfull yann-monel green-band wp-duotone-unset-1\" style=\"margin-top:0;margin-bottom:0;padding-top:var(--wp--preset--spacing--50);padding-right:var(--wp--preset--spacing--50);padding-bottom:var(--wp--preset--spacing--50);padding-left:var(--wp--preset--spacing--50);min-height:25vw;aspect-ratio:unset;\"><img loading=\"lazy\" decoding=\"async\" width=\"2000\" height=\"556\" class=\"wp-block-cover__image-background wp-image-1116 size-full\" alt=\"\" src=\"https:\/\/serredelamadone.fr\/wp-content\/uploads\/2025\/08\/gdpr-header.jpg\" data-object-fit=\"cover\" srcset=\"https:\/\/serredelamadone.fr\/wp-content\/uploads\/2025\/08\/gdpr-header.jpg 2000w, https:\/\/serredelamadone.fr\/wp-content\/uploads\/2025\/08\/gdpr-header-768x214.jpg 768w, https:\/\/serredelamadone.fr\/wp-content\/uploads\/2025\/08\/gdpr-header-1536x427.jpg 1536w, https:\/\/serredelamadone.fr\/wp-content\/uploads\/2025\/08\/gdpr-header-18x5.jpg 18w\" sizes=\"auto, (max-width: 2000px) 100vw, 2000px\" \/><span aria-hidden=\"true\" class=\"wp-block-cover__background has-black-background-color has-background-dim-20 has-background-dim\"><\/span><div class=\"wp-block-cover__inner-container has-global-padding is-layout-constrained wp-container-core-cover-is-layout-d89aad35 wp-block-cover-is-layout-constrained\">\n<div class=\"wp-block-group alignwide has-global-padding is-content-justification-left is-layout-constrained wp-container-core-group-is-layout-12dd3699 wp-block-group-is-layout-constrained\">\n<h2 class=\"wp-block-heading has-text-align-left has-xx-large-font-size\">Visite guid\u00e9e du jardin Serre de la Madone<\/h2>\n\n\n\n<p class=\"header-subhead\" style=\"font-size:clamp(14.642px, 0.915rem + ((1vw - 3.2px) * 0.721), 22px);\">Explorez l\u2019\u00e2me d\u2019un jardin d\u2019exception, guid\u00e9 par un passionn\u00e9 du vivant.<\/p>\n<\/div>\n<\/div><\/div>\n\n\n\n<div style=\"height:50px\" aria-hidden=\"true\" class=\"wp-block-spacer spacer-20-no-margin\"><\/div>\n\n\n\n<h2 class=\"wp-block-heading has-text-align-center lo-pad-mobile\" style=\"padding-right:25%;padding-left:25%\">Class\u00e9 Monument historique et labellis\u00e9 Jardin Remarquable, le jardin Serre de la Madone, ne se d\u00e9voile jamais aussi bien qu\u2019en visite guid\u00e9e.<\/h2>\n\n\n\n<h2 class=\"wp-block-heading has-text-align-center lo-pad-mobile\" style=\"padding-right:25%;padding-left:25%\">S\u2019il est d\u00e9j\u00e0 magique en d\u00e9ambulation libre, il r\u00e9v\u00e8le toute sa richesse, son histoire et sa po\u00e9sie lors d\u2019une <strong>visite guid\u00e9e<\/strong> men\u00e9e par un guide conf\u00e9rencier engag\u00e9 et inspirant.<\/h2>\n\n\n\n<div style=\"height:50px\" aria-hidden=\"true\" class=\"wp-block-spacer spacer-20-no-margin\"><\/div>\n\n\n\n<div class=\"wp-block-columns alignwide is-style-default is-layout-flex wp-container-core-columns-is-layout-28f84493 wp-block-columns-is-layout-flex\">\n<div class=\"wp-block-column is-layout-flow wp-block-column-is-layout-flow\" style=\"flex-basis:50%\">\n<h2 class=\"wp-block-heading\">Pourquoi opter pour la visite guid\u00e9e&nbsp;?<\/h2>\n\n\n\n<p>Que vous soyez curieux de nature, jardinier amateur ou botaniste en herbe en qu\u00eate de beaut\u00e9, cette <strong>exploration guid\u00e9e de 1h30<\/strong> transforme votre regard.<\/p>\n\n\n\n<p>\u00c0 travers les all\u00e9es sinueuses, les terrasses discr\u00e8tes et les perspectives v\u00e9g\u00e9tales soigneusement compos\u00e9es, le guide partage&nbsp;:<\/p>\n\n\n\n<ul class=\"wp-block-list\">\n<li>des anecdotes in\u00e9dites sur <em>Lawrence Johnston<\/em>, cr\u00e9ateur visionnaire du jardin,<\/li>\n\n\n\n<li>des cl\u00e9s de lecture accessibles sur la flore, les essences rares, les arbres centenaires,<\/li>\n\n\n\n<li>une interpr\u00e9tation vivante de l\u2019architecture paysag\u00e8re, inspir\u00e9e des grands jardins europ\u00e9ens,<\/li>\n\n\n\n<li>des histoires botaniques insolites, des conseils et des secrets de passionn\u00e9.  <\/li>\n<\/ul>\n\n\n\n<p><a href=\"https:\/\/boutique.menton-riviera-merveilles.fr\/jardins-culture\/visite-guidees\/001-jardin-serre-de-la-madone\" target=\"_blank\" rel=\"noreferrer noopener\">R\u00e9server ma visite guid\u00e9e\u00a0\u203a<\/a><\/p>\n<\/div>\n\n\n\n<div class=\"wp-block-column is-layout-flow wp-block-column-is-layout-flow\" style=\"flex-basis:50%\">\n<figure class=\"wp-block-image size-full\"><img loading=\"lazy\" decoding=\"async\" width=\"998\" height=\"831\" src=\"https:\/\/serredelamadone.fr\/wp-content\/uploads\/2025\/08\/guided-tour1b.jpg\" alt=\"\" class=\"wp-image-1515\" srcset=\"https:\/\/serredelamadone.fr\/wp-content\/uploads\/2025\/08\/guided-tour1b.jpg 998w, https:\/\/serredelamadone.fr\/wp-content\/uploads\/2025\/08\/guided-tour1b-768x639.jpg 768w, https:\/\/serredelamadone.fr\/wp-content\/uploads\/2025\/08\/guided-tour1b-14x12.jpg 14w\" sizes=\"auto, (max-width: 998px) 100vw, 998px\" \/><\/figure>\n<\/div>\n<\/div>\n\n\n\n<hr class=\"wp-block-separator alignwide has-text-color has-accent-1-color has-alpha-channel-opacity has-accent-1-background-color has-background is-style-wide is-style-wide--2\" style=\"margin-top:var(--wp--preset--spacing--60);margin-bottom:var(--wp--preset--spacing--60)\"\/>\n\n\n\n<div class=\"wp-block-columns alignwide is-style-default is-layout-flex wp-container-core-columns-is-layout-28f84493 wp-block-columns-is-layout-flex\">\n<div class=\"wp-block-column is-layout-flow wp-block-column-is-layout-flow\" style=\"flex-basis:50%\">\n<h2 class=\"wp-block-heading\">Une immersion guid\u00e9e, sensible et vivante<\/h2>\n\n\n\n<p>Suivre ce parcours accompagn\u00e9, c\u2019est bien plus que d\u00e9couvrir un jardin : c\u2019est entrer dans l\u2019univers intime de Lawrence Johnston, percevoir l\u2019harmonie cach\u00e9e derri\u00e8re chaque all\u00e9e, chaque floraison, chaque bassin.<\/p>\n\n\n\n<p>C\u2019est aussi prendre le temps d\u2019observer, de ressentir, de questionner\u2026 jusqu\u2019\u00e0 se laisser emporter par l\u2019imaginaire.<\/p>\n\n\n\n<p>C\u2019est tellement immersif que l\u2019on se surprend \u00e0 imaginer les aboiements des chiens r\u00e9sonnant \u00e0 travers les all\u00e9es, comme au temps de Johnston&nbsp;!<\/p>\n\n\n\n<p><a href=\"https:\/\/boutique.menton-riviera-merveilles.fr\/jardins-culture\/visite-guidees\/001-jardin-serre-de-la-madone\" target=\"_blank\" rel=\"noreferrer noopener\">R\u00e9server ma visite guid\u00e9e\u00a0\u203a<\/a><\/p>\n<\/div>\n\n\n\n<div class=\"wp-block-column is-layout-flow wp-block-column-is-layout-flow\" style=\"flex-basis:50%\">\n<figure class=\"wp-block-image size-full\"><img loading=\"lazy\" decoding=\"async\" width=\"1080\" height=\"753\" src=\"https:\/\/serredelamadone.fr\/wp-content\/uploads\/2025\/08\/garden-guide.jpg\" alt=\"\" class=\"wp-image-1528\" srcset=\"https:\/\/serredelamadone.fr\/wp-content\/uploads\/2025\/08\/garden-guide.jpg 1080w, https:\/\/serredelamadone.fr\/wp-content\/uploads\/2025\/08\/garden-guide-768x535.jpg 768w, https:\/\/serredelamadone.fr\/wp-content\/uploads\/2025\/08\/garden-guide-18x12.jpg 18w\" sizes=\"auto, (max-width: 1080px) 100vw, 1080px\" \/><\/figure>\n<\/div>\n<\/div>\n\n\n\n<hr class=\"wp-block-separator alignwide has-text-color has-accent-1-color has-alpha-channel-opacity has-accent-1-background-color has-background is-style-wide is-style-wide--3\" style=\"margin-top:var(--wp--preset--spacing--60);margin-bottom:var(--wp--preset--spacing--60)\"\/>\n\n\n\n<div class=\"wp-block-columns alignwide is-style-default is-layout-flex wp-container-core-columns-is-layout-28f84493 wp-block-columns-is-layout-flex\">\n<div class=\"wp-block-column good-to-know is-layout-flow wp-block-column-is-layout-flow\" style=\"flex-basis:65%\">\n<h2 class=\"wp-block-heading\">Informations pratiques<\/h2>\n\n\n\n<div class=\"wp-block-columns is-layout-flex wp-container-core-columns-is-layout-28f84493 wp-block-columns-is-layout-flex\">\n<div class=\"wp-block-column is-vertically-aligned-center is-layout-flow wp-block-column-is-layout-flow\" style=\"flex-basis:100px\">\n<figure class=\"wp-block-image alignleft size-full\"><img loading=\"lazy\" decoding=\"async\" width=\"512\" height=\"512\" src=\"https:\/\/serredelamadone.fr\/wp-content\/uploads\/2025\/08\/calendar.png\" alt=\"\" class=\"wp-image-1552\" srcset=\"https:\/\/serredelamadone.fr\/wp-content\/uploads\/2025\/08\/calendar.png 512w, https:\/\/serredelamadone.fr\/wp-content\/uploads\/2025\/08\/calendar-12x12.png 12w\" sizes=\"auto, (max-width: 512px) 100vw, 512px\" \/><\/figure>\n<\/div>\n\n\n\n<div class=\"wp-block-column is-vertically-aligned-center is-layout-flow wp-block-column-is-layout-flow\">\n<p class=\"has-text-align-left\"><span class=\"green-title\">Dates<\/span><br>Tous les mardis, jeudis, et samedis <\/p>\n<\/div>\n<\/div>\n\n\n\n<div class=\"wp-block-columns is-layout-flex wp-container-core-columns-is-layout-28f84493 wp-block-columns-is-layout-flex\">\n<div class=\"wp-block-column is-vertically-aligned-center is-layout-flow wp-block-column-is-layout-flow\" style=\"flex-basis:100px\">\n<figure class=\"wp-block-image alignleft size-full\"><img loading=\"lazy\" decoding=\"async\" width=\"512\" height=\"512\" src=\"https:\/\/serredelamadone.fr\/wp-content\/uploads\/2025\/08\/find.png\" alt=\"\" class=\"wp-image-1566\" srcset=\"https:\/\/serredelamadone.fr\/wp-content\/uploads\/2025\/08\/find.png 512w, https:\/\/serredelamadone.fr\/wp-content\/uploads\/2025\/08\/find-12x12.png 12w\" sizes=\"auto, (max-width: 512px) 100vw, 512px\" \/><\/figure>\n<\/div>\n\n\n\n<div class=\"wp-block-column is-vertically-aligned-center is-layout-flow wp-block-column-is-layout-flow\">\n<p class=\"has-text-align-left\"><span class=\"green-title\">Lieu<\/span><br>Rendez-vous avec votre guide conf\u00e9rencier \u00e0 l\u2019accueil-boutique du jardin<\/p>\n<\/div>\n<\/div>\n\n\n\n<div class=\"wp-block-columns is-layout-flex wp-container-core-columns-is-layout-28f84493 wp-block-columns-is-layout-flex\">\n<div class=\"wp-block-column is-vertically-aligned-center is-layout-flow wp-block-column-is-layout-flow\" style=\"flex-basis:100px\">\n<figure class=\"wp-block-image alignleft size-full\"><img loading=\"lazy\" decoding=\"async\" width=\"512\" height=\"512\" src=\"https:\/\/serredelamadone.fr\/wp-content\/uploads\/2025\/08\/clock.png\" alt=\"\" class=\"wp-image-1558\" srcset=\"https:\/\/serredelamadone.fr\/wp-content\/uploads\/2025\/08\/clock.png 512w, https:\/\/serredelamadone.fr\/wp-content\/uploads\/2025\/08\/clock-12x12.png 12w\" sizes=\"auto, (max-width: 512px) 100vw, 512px\" \/><\/figure>\n<\/div>\n\n\n\n<div class=\"wp-block-column is-vertically-aligned-center is-layout-flow wp-block-column-is-layout-flow\">\n<p class=\"has-text-align-left\"><span class=\"green-title\">Horaire<\/span><br>La visite guid\u00e9e commence \u00e0 15h00, dur\u00e9e de 1h30<\/p>\n<\/div>\n<\/div>\n\n\n\n<div class=\"wp-block-columns is-layout-flex wp-container-core-columns-is-layout-28f84493 wp-block-columns-is-layout-flex\">\n<div class=\"wp-block-column is-vertically-aligned-center is-layout-flow wp-block-column-is-layout-flow\" style=\"flex-basis:100px\">\n<figure class=\"wp-block-image alignleft size-full\"><img loading=\"lazy\" decoding=\"async\" width=\"512\" height=\"512\" src=\"https:\/\/serredelamadone.fr\/wp-content\/uploads\/2025\/08\/tickets.png\" alt=\"\" class=\"wp-image-1560\" srcset=\"https:\/\/serredelamadone.fr\/wp-content\/uploads\/2025\/08\/tickets.png 512w, https:\/\/serredelamadone.fr\/wp-content\/uploads\/2025\/08\/tickets-12x12.png 12w\" sizes=\"auto, (max-width: 512px) 100vw, 512px\" \/><\/figure>\n<\/div>\n\n\n\n<div class=\"wp-block-column is-vertically-aligned-center is-layout-flow wp-block-column-is-layout-flow\">\n<p class=\"has-text-align-left\"><span class=\"green-title\">Tarifs<\/span><br>Ces tarifs comprennent le tarif d\u2019entr\u00e9e<\/p>\n\n\n\n<ul class=\"wp-block-list no-margin\">\n<li>Adulte : 15 \u20ac<\/li>\n\n\n\n<li>Enfant (6 \u00e0 18 ans) : 11 \u20ac<\/li>\n\n\n\n<li>Gratuit pour les moins de 6 ans<\/li>\n<\/ul>\n<\/div>\n<\/div>\n\n\n\n<div class=\"wp-block-columns is-layout-flex wp-container-core-columns-is-layout-28f84493 wp-block-columns-is-layout-flex\">\n<div class=\"wp-block-column is-vertically-aligned-center is-layout-flow wp-block-column-is-layout-flow\" style=\"flex-basis:100px\">\n<figure class=\"wp-block-image alignleft size-full\"><img loading=\"lazy\" decoding=\"async\" width=\"512\" height=\"512\" src=\"https:\/\/serredelamadone.fr\/wp-content\/uploads\/2025\/08\/reserved.png\" alt=\"\" class=\"wp-image-1586\" srcset=\"https:\/\/serredelamadone.fr\/wp-content\/uploads\/2025\/08\/reserved.png 512w, https:\/\/serredelamadone.fr\/wp-content\/uploads\/2025\/08\/reserved-12x12.png 12w\" sizes=\"auto, (max-width: 512px) 100vw, 512px\" \/><\/figure>\n<\/div>\n\n\n\n<div class=\"wp-block-column is-vertically-aligned-center is-layout-flow wp-block-column-is-layout-flow\">\n<p class=\"has-text-align-left translation-block\"><span class=\"green-title\">R\u00e9servation obligatoire<\/span><\/p>\n\n\n\n<ul class=\"wp-block-list no-margin\">\n<li>R\u00e9server et payer en ligne <a href=\"https:\/\/boutique.menton-riviera-merveilles.fr\/jardins-culture\/visite-guidees\/001-jardin-serre-de-la-madone\" target=\"_blank\" rel=\"noreferrer noopener\">via ce lien<\/a><\/li>\n\n\n\n<li>R\u00e9server par t\u00e9l\u00e9phone, payer sur place : +33 7 49 18 29 16<\/li>\n\n\n\n<li>R\u00e9server par email, payer sur place : <a href=\"mailto:jardinsexception@ville-menton.fr\">jardinsexception@ville-menton.fr<\/a><\/li>\n<\/ul>\n<\/div>\n<\/div>\n\n\n\n<p class=\"has-text-align-center no-margin p-lo-pad has-accent-1-color has-text-color has-link-color wp-elements-e2a61cab602e9d37dfa494c85ef9b99a\" style=\"padding-top:30px;font-size:clamp(15.747px, 0.984rem + ((1vw - 3.2px) * 0.809), 24px);\"><em><strong>R\u00e9servez votre visite guid\u00e9e d\u00e8s maintenant<\/strong><\/em><\/p>\n\n\n\n<p class=\"has-text-align-center no-margin p-lo-pad has-accent-1-color has-text-color has-link-color wp-elements-cf5f97bf4f260deffd2885f1833410ea\" style=\"padding-right:var(--wp--preset--spacing--70);padding-left:var(--wp--preset--spacing--70)\"><em><strong>et laissez-vous surprendre par la richesse cach\u00e9e de ce jardin rare, intime et profond\u00e9ment vivant.<\/strong><\/em><\/p>\n\n\n\n<div class=\"wp-block-buttons is-content-justification-center is-layout-flex wp-container-core-buttons-is-layout-a89b3969 wp-block-buttons-is-layout-flex\">\n<div class=\"wp-block-button plan-button\"><a class=\"wp-block-button__link wp-element-button\" href=\"https:\/\/boutique.menton-riviera-merveilles.fr\/jardins-culture\/visite-guidees\/001-jardin-serre-de-la-madone\" style=\"border-radius:6px\" target=\"_blank\" rel=\"noreferrer noopener\">R\u00c9SERVER MA VISITE GUID\u00c9E<\/a><\/div>\n<\/div>\n<\/div>\n\n\n\n<div class=\"wp-block-column is-layout-flow wp-block-column-is-layout-flow\" style=\"flex-basis:35%\">\n<figure class=\"wp-block-image size-full yann-monel\"><img loading=\"lazy\" decoding=\"async\" width=\"1000\" height=\"1654\" src=\"https:\/\/serredelamadone.fr\/wp-content\/uploads\/2025\/08\/guided-tour-useful.jpg\" alt=\"\" class=\"wp-image-1583\" srcset=\"https:\/\/serredelamadone.fr\/wp-content\/uploads\/2025\/08\/guided-tour-useful.jpg 1000w, https:\/\/serredelamadone.fr\/wp-content\/uploads\/2025\/08\/guided-tour-useful-768x1270.jpg 768w, https:\/\/serredelamadone.fr\/wp-content\/uploads\/2025\/08\/guided-tour-useful-929x1536.jpg 929w, https:\/\/serredelamadone.fr\/wp-content\/uploads\/2025\/08\/guided-tour-useful-7x12.jpg 7w\" sizes=\"auto, (max-width: 1000px) 100vw, 1000px\" \/><\/figure>\n<\/div>\n<\/div>\n\n\n\n<div style=\"height:30px\" aria-hidden=\"true\" class=\"wp-block-spacer\"><\/div>\n\n\n\n<p class=\"has-text-align-center\">Des visites guid\u00e9es priv\u00e9es pour les groupes scolaires, les associations ou les tours op\u00e9rateurs peuvent \u00eatre r\u00e9serv\u00e9es tous les jours de la semaine en contactant <a href=\"mailto:jardinsdexception@ville-menton\" data-type=\"mailto\" data-id=\"mailto:jardinsdexception@ville-menton\">jardinsdexception@ville-menton<\/a> ou en appelant <a href=\"tel:33749182916\">+33 7 49 18 29 16<\/a>.<\/p>\n\n\n\n<div style=\"height:50px\" aria-hidden=\"true\" class=\"wp-block-spacer\"><\/div>\n\n\n\n<p><\/p>","protected":false},"excerpt":{"rendered":"<p>Classified as a historic monument and remarkable garden, Serre de la Madone is at its most captivating in the company of an expert guide. A self-guided tour of the garden [&hellip;]<\/p>","protected":false},"author":1,"featured_media":0,"parent":0,"menu_order":0,"comment_status":"closed","ping_status":"closed","template":"page-no-title","meta":{"_EventAllDay":false,"_EventTimezone":"","_EventStartDate":"","_EventEndDate":"","_EventStartDateUTC":"","_EventEndDateUTC":"","_EventShowMap":false,"_EventShowMapLink":false,"_EventURL":"","_EventCost":"","_EventCostDescription":"","_EventCurrencySymbol":"","_EventCurrencyCode":"","_EventCurrencyPosition":"","_EventDateTimeSeparator":"","_EventTimeRangeSeparator":"","_EventOrganizerID":[],"_EventVenueID":[],"_OrganizerEmail":"","_OrganizerPhone":"","_OrganizerWebsite":"","_VenueAddress":"","_VenueCity":"","_VenueCountry":"","_VenueProvince":"","_VenueState":"","_VenueZip":"","_VenuePhone":"","_VenueURL":"","_VenueStateProvince":"","_VenueLat":"","_VenueLng":"","_VenueShowMap":false,"_VenueShowMapLink":false,"footnotes":""},"class_list":["post-155","page","type-page","status-publish","hentry"],"_links":{"self":[{"href":"https:\/\/serredelamadone.fr\/fr\/wp-json\/wp\/v2\/pages\/155","targetHints":{"allow":["GET"]}}],"collection":[{"href":"https:\/\/serredelamadone.fr\/fr\/wp-json\/wp\/v2\/pages"}],"about":[{"href":"https:\/\/serredelamadone.fr\/fr\/wp-json\/wp\/v2\/types\/page"}],"author":[{"embeddable":true,"href":"https:\/\/serredelamadone.fr\/fr\/wp-json\/wp\/v2\/users\/1"}],"replies":[{"embeddable":true,"href":"https:\/\/serredelamadone.fr\/fr\/wp-json\/wp\/v2\/comments?post=155"}],"version-history":[{"count":72,"href":"https:\/\/serredelamadone.fr\/fr\/wp-json\/wp\/v2\/pages\/155\/revisions"}],"predecessor-version":[{"id":2456,"href":"https:\/\/serredelamadone.fr\/fr\/wp-json\/wp\/v2\/pages\/155\/revisions\/2456"}],"wp:attachment":[{"href":"https:\/\/serredelamadone.fr\/fr\/wp-json\/wp\/v2\/media?parent=155"}],"curies":[{"name":"wp","href":"https:\/\/api.w.org\/{rel}","templated":true}]}}