{"id":144,"date":"2025-05-16T12:06:03","date_gmt":"2025-05-16T10:06:03","guid":{"rendered":"https:\/\/serredelamadone.fr\/?page_id=144"},"modified":"2025-09-18T16:31:04","modified_gmt":"2025-09-18T14:31:04","slug":"vulnerability","status":"publish","type":"page","link":"https:\/\/serredelamadone.fr\/fr\/vulnerability\/","title":{"rendered":"Vulnerabilit\u00e9s"},"content":{"rendered":"<div class=\"wp-block-cover alignfull green-band wp-duotone-unset-1\" style=\"margin-top:0;margin-bottom:0;padding-top:var(--wp--preset--spacing--50);padding-right:var(--wp--preset--spacing--50);padding-bottom:var(--wp--preset--spacing--50);padding-left:var(--wp--preset--spacing--50);min-height:25vw;aspect-ratio:unset;\"><img loading=\"lazy\" decoding=\"async\" width=\"2000\" height=\"556\" class=\"wp-block-cover__image-background wp-image-865 size-full\" alt=\"\" src=\"https:\/\/serredelamadone.fr\/wp-content\/uploads\/2025\/07\/vulnerable-header.jpg\" data-object-fit=\"cover\" srcset=\"https:\/\/serredelamadone.fr\/wp-content\/uploads\/2025\/07\/vulnerable-header.jpg 2000w, https:\/\/serredelamadone.fr\/wp-content\/uploads\/2025\/07\/vulnerable-header-768x214.jpg 768w, https:\/\/serredelamadone.fr\/wp-content\/uploads\/2025\/07\/vulnerable-header-1536x427.jpg 1536w, https:\/\/serredelamadone.fr\/wp-content\/uploads\/2025\/07\/vulnerable-header-18x5.jpg 18w\" sizes=\"auto, (max-width: 2000px) 100vw, 2000px\" \/><span aria-hidden=\"true\" class=\"wp-block-cover__background has-black-background-color has-background-dim-20 has-background-dim\"><\/span><div class=\"wp-block-cover__inner-container has-global-padding is-layout-constrained wp-container-core-cover-is-layout-d89aad35 wp-block-cover-is-layout-constrained\">\n<div class=\"wp-block-group alignwide has-global-padding is-content-justification-left is-layout-constrained wp-container-core-group-is-layout-12dd3699 wp-block-group-is-layout-constrained\">\n<h2 class=\"wp-block-heading has-text-align-left shadow-text has-xx-large-font-size\">Vulnerabilit\u00e9s<\/h2>\n\n\n\n<p class=\"shadow-text header-subhead translation-block\">Le jardin Serre de la Madone fait face \u00e0 des menaces croissantes li\u00e9es aux al\u00e9as climatiques, aux maladies et \u00e0 l\u2019usure du temps.<\/p>\n<\/div>\n<\/div><\/div>\n\n\n\n<div style=\"height:30px\" aria-hidden=\"true\" class=\"wp-block-spacer spacer-20-no-margin\"><\/div>\n\n\n\n<div class=\"wp-block-columns alignwide is-style-default is-layout-flex wp-container-core-columns-is-layout-28f84493 wp-block-columns-is-layout-flex\">\n<div class=\"wp-block-column is-layout-flow wp-block-column-is-layout-flow\" style=\"flex-basis:50%\">\n<h2 class=\"wp-block-heading\">Ressusciter un jardin oubli\u00e9<\/h2>\n\n\n\n<p>Comme de nombreux jardins m\u00e9diterran\u00e9ens, Serre de la Madone est particuli\u00e8rement vuln\u00e9rable aux extr\u00eames climatiques : s\u00e9cheresses prolong\u00e9es, pluies intenses, mais aussi aux ravageurs et maladies, \u00e0 l\u2019image de la <strong>pyrale du buis<\/strong> (<em>Cydalima perspectalis<\/em>), plus pr\u00e9cis\u00e9ment la chenille de ce papillon nocturne invasif originaire d\u2019Asie de l\u2019Est, qui a durement ravag\u00e9 les haies historiques.<\/p>\n\n\n\n<p>Apr\u00e8s la disparition de Lawrence Johnston, la propri\u00e9t\u00e9 a connu plusieurs changements de propri\u00e9taire. Avec le temps et en l\u2019absence d\u2019un entretien structur\u00e9, le jardin a progressivement perdu de sa superbe. Certaines infrastructures se sont d\u00e9t\u00e9rior\u00e9es, et plusieurs b\u00e2timents n\u00e9cessitent aujourd\u2019hui une restauration en profondeur.<\/p>\n\n\n\n<p>Face \u00e0 ces d\u00e9fis, les efforts de conservation actuels visent \u00e0 introduire des esp\u00e8ces plus r\u00e9silientes, \u00e0 r\u00e9organiser les plantations tout en pr\u00e9servant l\u2019intention paysag\u00e8re originale de Johnston. Un <a href=\"https:\/\/serredelamadone.fr\/fr\/management-and-restoration\/#restoration-plan\" data-type=\"page\" data-id=\"431\">plan ambitieux de restauration<\/a> a \u00e9galement \u00e9t\u00e9 con\u00e7u pour consolider les infrastructures et s\u00e9curiser le site pour les visiteurs.<\/p>\n\n\n\n<p>Mais ce travail exige des ressources financi\u00e8res consid\u00e9rables. Pour nous aider, rendez-vous sur la page <a href=\"https:\/\/serredelamadone.fr\/fr\/donate\/\" data-type=\"page\" data-id=\"173\">Faire un don<\/a>.<\/p>\n<\/div>\n\n\n\n<div class=\"wp-block-column is-layout-flow wp-block-column-is-layout-flow\" style=\"flex-basis:50%\">\n<figure class=\"wp-block-image size-full\"><img loading=\"lazy\" decoding=\"async\" width=\"900\" height=\"700\" src=\"https:\/\/serredelamadone.fr\/wp-content\/uploads\/2025\/07\/vulnerable-ruin.jpg\" alt=\"\" class=\"wp-image-873\" srcset=\"https:\/\/serredelamadone.fr\/wp-content\/uploads\/2025\/07\/vulnerable-ruin.jpg 900w, https:\/\/serredelamadone.fr\/wp-content\/uploads\/2025\/07\/vulnerable-ruin-768x597.jpg 768w, https:\/\/serredelamadone.fr\/wp-content\/uploads\/2025\/07\/vulnerable-ruin-15x12.jpg 15w\" sizes=\"auto, (max-width: 900px) 100vw, 900px\" \/><\/figure>\n<\/div>\n<\/div>\n\n\n\n<div style=\"height:100px\" aria-hidden=\"true\" class=\"wp-block-spacer\"><\/div>","protected":false},"excerpt":{"rendered":"<p>Vanquishing neglect Like many Mediterranean gardens, Serre de la Madone is vulnerable to climate extremes, especially prolonged drought and intense rainfall. The garden also faces challenges from pests and diseases [&hellip;]<\/p>","protected":false},"author":1,"featured_media":0,"parent":0,"menu_order":0,"comment_status":"closed","ping_status":"closed","template":"page-no-title","meta":{"_EventAllDay":false,"_EventTimezone":"","_EventStartDate":"","_EventEndDate":"","_EventStartDateUTC":"","_EventEndDateUTC":"","_EventShowMap":false,"_EventShowMapLink":false,"_EventURL":"","_EventCost":"","_EventCostDescription":"","_EventCurrencySymbol":"","_EventCurrencyCode":"","_EventCurrencyPosition":"","_EventDateTimeSeparator":"","_EventTimeRangeSeparator":"","_EventOrganizerID":[],"_EventVenueID":[],"_OrganizerEmail":"","_OrganizerPhone":"","_OrganizerWebsite":"","_VenueAddress":"","_VenueCity":"","_VenueCountry":"","_VenueProvince":"","_VenueState":"","_VenueZip":"","_VenuePhone":"","_VenueURL":"","_VenueStateProvince":"","_VenueLat":"","_VenueLng":"","_VenueShowMap":false,"_VenueShowMapLink":false,"footnotes":""},"class_list":["post-144","page","type-page","status-publish","hentry"],"_links":{"self":[{"href":"https:\/\/serredelamadone.fr\/fr\/wp-json\/wp\/v2\/pages\/144","targetHints":{"allow":["GET"]}}],"collection":[{"href":"https:\/\/serredelamadone.fr\/fr\/wp-json\/wp\/v2\/pages"}],"about":[{"href":"https:\/\/serredelamadone.fr\/fr\/wp-json\/wp\/v2\/types\/page"}],"author":[{"embeddable":true,"href":"https:\/\/serredelamadone.fr\/fr\/wp-json\/wp\/v2\/users\/1"}],"replies":[{"embeddable":true,"href":"https:\/\/serredelamadone.fr\/fr\/wp-json\/wp\/v2\/comments?post=144"}],"version-history":[{"count":13,"href":"https:\/\/serredelamadone.fr\/fr\/wp-json\/wp\/v2\/pages\/144\/revisions"}],"predecessor-version":[{"id":2277,"href":"https:\/\/serredelamadone.fr\/fr\/wp-json\/wp\/v2\/pages\/144\/revisions\/2277"}],"wp:attachment":[{"href":"https:\/\/serredelamadone.fr\/fr\/wp-json\/wp\/v2\/media?parent=144"}],"curies":[{"name":"wp","href":"https:\/\/api.w.org\/{rel}","templated":true}]}}