{"id":142,"date":"2025-05-16T12:05:51","date_gmt":"2025-05-16T10:05:51","guid":{"rendered":"https:\/\/serredelamadone.fr\/?page_id=142"},"modified":"2025-09-18T16:10:20","modified_gmt":"2025-09-18T14:10:20","slug":"history","status":"publish","type":"page","link":"https:\/\/serredelamadone.fr\/fr\/history\/","title":{"rendered":"Histoire"},"content":{"rendered":"<div class=\"wp-block-cover alignfull green-band has-base-color has-text-color has-link-color wp-elements-e211734269bb99d58092446e1a4eeab3\" style=\"margin-top:0;margin-bottom:0;padding-top:var(--wp--preset--spacing--50);padding-right:var(--wp--preset--spacing--50);padding-bottom:var(--wp--preset--spacing--50);padding-left:var(--wp--preset--spacing--50);min-height:25vw;aspect-ratio:unset;\"><img loading=\"lazy\" decoding=\"async\" width=\"1024\" height=\"350\" class=\"wp-block-cover__image-background wp-image-332 size-large\" alt=\"\" src=\"https:\/\/serredelamadone.fr\/wp-content\/uploads\/2025\/06\/history-header-1024x350.jpg\" data-object-fit=\"cover\" srcset=\"https:\/\/serredelamadone.fr\/wp-content\/uploads\/2025\/06\/history-header-1024x350.jpg 1024w, https:\/\/serredelamadone.fr\/wp-content\/uploads\/2025\/06\/history-header-300x103.jpg 300w, https:\/\/serredelamadone.fr\/wp-content\/uploads\/2025\/06\/history-header-768x263.jpg 768w, https:\/\/serredelamadone.fr\/wp-content\/uploads\/2025\/06\/history-header-1536x525.jpg 1536w, https:\/\/serredelamadone.fr\/wp-content\/uploads\/2025\/06\/history-header.jpg 1900w\" sizes=\"auto, (max-width: 1024px) 100vw, 1024px\" \/><span aria-hidden=\"true\" class=\"wp-block-cover__background has-black-background-color has-background-dim-30 has-background-dim\"><\/span><div class=\"wp-block-cover__inner-container has-global-padding is-layout-constrained wp-container-core-cover-is-layout-d89aad35 wp-block-cover-is-layout-constrained\">\n<div class=\"wp-block-group alignwide has-global-padding is-content-justification-left is-layout-constrained wp-container-core-group-is-layout-12dd3699 wp-block-group-is-layout-constrained\">\n<h2 class=\"wp-block-heading has-text-align-left shadow-text has-xx-large-font-size\">Histoire de la Serre de la Madone<\/h2>\n\n\n\n<p class=\"shadow-text header-subhead\">Un chef-d\u2019\u0153uvre fa\u00e7onn\u00e9 en quinze ann\u00e9es de travail<\/p>\n<\/div>\n<\/div><\/div>\n\n\n\n<div style=\"height:20px\" aria-hidden=\"true\" class=\"wp-block-spacer spacer-no-spacer\"><\/div>\n\n\n\n<div class=\"wp-block-columns alignwide is-layout-flex wp-container-core-columns-is-layout-28f84493 wp-block-columns-is-layout-flex\">\n<div class=\"wp-block-column is-vertically-aligned-center is-layout-flow wp-block-column-is-layout-flow\" style=\"flex-basis:75%\">\n<p><p>Blottie dans les collines de Menton, la Serre de la Madone fut cr\u00e9\u00e9e entre 1924 et 1939 par Lawrence Waterbury Johnston (1871\u20131958), botaniste, explorateur et concepteur de jardins. <\/p><p>N\u00e9 en 1871 au sein d\u2019une famille am\u00e9ricaine ais\u00e9e, il obtient la nationalit\u00e9 britannique en 1900, avant de s\u2019engager dans l\u2019arm\u00e9e et de rejoindre les forces britanniques en Afrique du Sud lors de la guerre des Boers. C\u2019est dans ce contexte, au contact direct d\u2019une nature encore sauvage, qu\u2019il d\u00e9couvre une fascination durable pour le monde v\u00e9g\u00e9tal. De retour, il se plonge avec ardeur dans les ouvrages sp\u00e9cialis\u00e9s, passant des heures \u00e0 explorer les biblioth\u00e8ques, d\u00e9vorant trait\u00e9s botaniques et r\u00e9cits d\u2019exploration.<\/p><\/p>\n<\/div>\n\n\n\n<div class=\"wp-block-column is-layout-flow wp-block-column-is-layout-flow\" style=\"flex-basis:25%\">\n<figure class=\"wp-block-image alignright size-large is-resized align-center-mobile\"><img loading=\"lazy\" decoding=\"async\" width=\"686\" height=\"1024\" src=\"https:\/\/serredelamadone.fr\/wp-content\/uploads\/2025\/06\/lj-portrait-686x1024.jpg\" alt=\"\" class=\"wp-image-335\" style=\"width:246px\" srcset=\"https:\/\/serredelamadone.fr\/wp-content\/uploads\/2025\/06\/lj-portrait-686x1024.jpg 686w, https:\/\/serredelamadone.fr\/wp-content\/uploads\/2025\/06\/lj-portrait-201x300.jpg 201w, https:\/\/serredelamadone.fr\/wp-content\/uploads\/2025\/06\/lj-portrait-768x1147.jpg 768w, https:\/\/serredelamadone.fr\/wp-content\/uploads\/2025\/06\/lj-portrait.jpg 800w\" sizes=\"auto, (max-width: 686px) 100vw, 686px\" \/><\/figure>\n<\/div>\n<\/div>\n\n\n\n<div style=\"height:20px\" aria-hidden=\"true\" class=\"wp-block-spacer\"><\/div>\n\n\n\n<div class=\"wp-block-columns alignwide is-layout-flex wp-container-core-columns-is-layout-28f84493 wp-block-columns-is-layout-flex\">\n<div class=\"wp-block-column is-vertically-aligned-center is-layout-flow wp-block-column-is-layout-flow\" style=\"flex-basis:50%\">\n<p>Johnston est surtout connu pour son chef-d\u2019\u0153uvre de Hidcote Manor, dans le Gloucestershire, en Angleterre \u2014 l\u2019un des tout premiers exemples du style Arts and Crafts appliqu\u00e9 \u00e0 l\u2019art des jardins. Il acquiert la propri\u00e9t\u00e9 en 1907 et consacre les dix-sept ann\u00e9es suivantes \u00e0 en r\u00e9v\u00e9ler toute la richesse, jusqu\u2019\u00e0 en faire une r\u00e9f\u00e9rence mondiale. <a href=\"https:\/\/www.nationaltrust.org.uk\/visit\/gloucestershire-cotswolds\/hidcote\" data-type=\"link\" data-id=\"https:\/\/www.nationaltrust.org.uk\/visit\/gloucestershire-cotswolds\/hidcote\" target=\"_blank\" rel=\"noreferrer noopener\">sur ce lien<\/a>.<\/p>\n\n\n\n<p>Mais un seul chef-d\u2019\u0153uvre ne suffit pas \u00e0 cet homme anim\u00e9 par la recherche et l\u2019exp\u00e9rimentation. Il part alors en qu\u00eate d\u2019un site propice \u00e0 l\u2019acclimatation de plantes tropicales et subtropicales. C\u2019est \u00e0 Menton que son regard se pose, s\u00e9duit par la douceur exceptionnelle du climat et par un site encore vierge \u2014 un paysage de bois et de terres agricoles, jamais encore fa\u00e7onn\u00e9 par la main d\u2019un jardinier.<\/p>\n<\/div>\n\n\n\n<div class=\"wp-block-column is-layout-flow wp-block-column-is-layout-flow\" style=\"flex-basis:50%\">\n<figure class=\"wp-block-image size-full\"><img loading=\"lazy\" decoding=\"async\" width=\"676\" height=\"380\" src=\"https:\/\/serredelamadone.fr\/wp-content\/uploads\/2025\/06\/mirror-pool-james-dobson.jpg\" alt=\"\" class=\"wp-image-336\" style=\"object-fit:cover\" srcset=\"https:\/\/serredelamadone.fr\/wp-content\/uploads\/2025\/06\/mirror-pool-james-dobson.jpg 676w, https:\/\/serredelamadone.fr\/wp-content\/uploads\/2025\/06\/mirror-pool-james-dobson-300x169.jpg 300w\" sizes=\"auto, (max-width: 676px) 100vw, 676px\" \/><\/figure>\n<\/div>\n<\/div>\n\n\n\n<div style=\"height:20px\" aria-hidden=\"true\" class=\"wp-block-spacer\"><\/div>\n\n\n\n<div class=\"wp-block-columns alignwide is-layout-flex wp-container-core-columns-is-layout-28f84493 wp-block-columns-is-layout-flex\">\n<div class=\"wp-block-column is-vertically-aligned-center is-layout-flow wp-block-column-is-layout-flow\" style=\"flex-basis:50%\">\n<p>Entre 1924 et 1935, Johnston acquiert dix parcelles de terrain, certaines dot\u00e9es de b\u00e2tisses et de d\u00e9pendances, afin de constituer un domaine unifi\u00e9 occupant l\u2019ensemble du versant.<\/p>\n\n\n\n<p>Au fil des ann\u00e9es, il transforme les anciennes terrasses agricoles et les oliveraies en un refuge botanique raffin\u00e9, pens\u00e9 comme un lieu d\u2019acclimatation pour des plantes rares et exotiques rapport\u00e9es de ses exp\u00e9ditions \u00e0 travers le monde. Son ambition : les pr\u00e9senter dans des espaces intimes, sc\u00e9nographi\u00e9s, o\u00f9 l\u2019art des jardins m\u00e9diterran\u00e9ens dialogue avec la luxuriance subtropicale.<\/p>\n\n\n\n<p>Apr\u00e8s sa disparition en 1958, le jardin change plusieurs fois de propri\u00e9taire et sombre peu \u00e0 peu dans l\u2019oubli. Il faudra attendre 1999 pour que le Conservatoire du Littoral en fasse l\u2019acquisition. Depuis, avec le concours de la Ville de Menton et de l\u2019Association pour la Sauvegarde des Jardins d\u2019Exception du Mentonnais, un ambitieux programme de restauration a \u00e9t\u00e9 lanc\u00e9, avec pour objectif de retrouver l\u2019esprit fondateur imagin\u00e9 par Johnston.<\/p>\n<\/div>\n\n\n\n<div class=\"wp-block-column is-layout-flow wp-block-column-is-layout-flow\" style=\"flex-basis:50%\">\n<figure class=\"wp-block-image alignright size-full is-resized\"><img loading=\"lazy\" decoding=\"async\" width=\"441\" height=\"444\" src=\"https:\/\/serredelamadone.fr\/wp-content\/uploads\/2025\/06\/carte-achat-parcelles.jpg\" alt=\"\" class=\"wp-image-338\" style=\"width:461px\" srcset=\"https:\/\/serredelamadone.fr\/wp-content\/uploads\/2025\/06\/carte-achat-parcelles.jpg 441w, https:\/\/serredelamadone.fr\/wp-content\/uploads\/2025\/06\/carte-achat-parcelles-298x300.jpg 298w, https:\/\/serredelamadone.fr\/wp-content\/uploads\/2025\/06\/carte-achat-parcelles-150x150.jpg 150w\" sizes=\"auto, (max-width: 441px) 100vw, 441px\" \/><\/figure>\n<\/div>\n<\/div>\n\n\n\n<div style=\"height:20px\" aria-hidden=\"true\" class=\"wp-block-spacer\"><\/div>\n\n\n\n<hr class=\"wp-block-separator has-text-color has-accent-1-color has-alpha-channel-opacity has-accent-1-background-color has-background is-style-wide is-style-wide--1\" style=\"margin-top:var(--wp--preset--spacing--40);margin-bottom:50px\"\/>\n\n\n\n<figure class=\"wp-block-video sixties-video\"><video height=\"540\" style=\"aspect-ratio: 720 \/ 540;\" width=\"720\" controls muted preload=\"auto\" src=\"https:\/\/serredelamadone.fr\/wp-content\/uploads\/2025\/06\/footage_serre_60s.m4v\"><\/video><\/figure>\n\n\n\n<p class=\"has-text-align-center is-style-text-subtitle has-medium-font-size is-style-text-subtitle--2\"><em>Des rares s\u00e9quences de la Serre de la Madone des ann\u00e9es 50.<\/em><\/p>\n\n\n\n<hr class=\"wp-block-separator has-text-color has-accent-1-color has-alpha-channel-opacity has-accent-1-background-color has-background is-style-wide is-style-wide--3\" style=\"margin-top:50px;margin-bottom:50px\"\/>\n\n\n\n<div class=\"wp-block-columns alignwide is-layout-flex wp-container-core-columns-is-layout-28f84493 wp-block-columns-is-layout-flex\">\n<div class=\"wp-block-column is-vertically-aligned-center is-layout-flow wp-block-column-is-layout-flow\" style=\"flex-basis:33.33%\">\n<p>La vision de Johnston associait rigueur botanique et sensibilit\u00e9 artistique. Inspir\u00e9 par l\u2019architecture des jardins italiens, il introduit des pergolas, escaliers, fontaines et terrasses, int\u00e9grant jeux d\u2019eau et v\u00e9g\u00e9taux structurants pour composer un encha\u00eenement harmonieux de \u00ab\u00a0chambres de verdure\u00a0\u00bb, o\u00f9 chaque espace forme un monde en soi.<\/p>\n<\/div>\n\n\n\n<div class=\"wp-block-column is-layout-flow wp-block-column-is-layout-flow\" style=\"flex-basis:66.66%\"><div id=\"metaslider-id-364\" style=\"width: 100%;\" class=\"ml-slider-3-105-0 ml-slider-pro-2-46-0 metaslider metaslider-flex metaslider-364 ml-slider ms-theme-default-base nav-hidden\" role=\"region\" aria-label=\"History Slider 1\" data-height=\"666\" data-width=\"1000\">\n    <div id=\"metaslider_container_364\">\n        <div id=\"metaslider_364\">\n            <ul class='slides'>\n                <li style=\"display: block; width: 100%;\" class=\"slide-371 ms-image\" aria-roledescription=\"slide\" data-date=\"2025-06-02 12:37:51\" data-filename=\"history-ss11.jpg\" data-slide-type=\"image\"><img loading=\"lazy\" decoding=\"async\" src=\"https:\/\/serredelamadone.fr\/wp-content\/uploads\/2025\/06\/history-ss11.jpg\" height=\"666\" width=\"1000\" alt=\"\" class=\"slider-364 slide-371 msDefaultImage\" title=\"history-ss11\" \/><\/li>\n                <li style=\"display: none; width: 100%;\" class=\"slide-372 ms-image\" aria-roledescription=\"slide\" data-date=\"2025-06-02 12:37:51\" data-filename=\"history-ss12.jpg\" data-slide-type=\"image\"><img loading=\"lazy\" decoding=\"async\" src=\"https:\/\/serredelamadone.fr\/wp-content\/uploads\/2025\/06\/history-ss12.jpg\" height=\"666\" width=\"1000\" alt=\"\" class=\"slider-364 slide-372 msDefaultImage\" title=\"history-ss12\" \/><\/li>\n                <li style=\"display: none; width: 100%;\" class=\"slide-373 ms-image\" aria-roledescription=\"slide\" data-date=\"2025-06-02 12:37:51\" data-filename=\"history-ss13.jpg\" data-slide-type=\"image\"><img loading=\"lazy\" decoding=\"async\" src=\"https:\/\/serredelamadone.fr\/wp-content\/uploads\/2025\/06\/history-ss13.jpg\" height=\"666\" width=\"1000\" alt=\"\" class=\"slider-364 slide-373 msDefaultImage\" title=\"history-ss13\" \/><\/li>\n                <li style=\"display: none; width: 100%;\" class=\"slide-374 ms-image\" aria-roledescription=\"slide\" data-date=\"2025-06-02 12:37:52\" data-filename=\"history-ss14.jpg\" data-slide-type=\"image\"><img loading=\"lazy\" decoding=\"async\" src=\"https:\/\/serredelamadone.fr\/wp-content\/uploads\/2025\/06\/history-ss14.jpg\" height=\"666\" width=\"1000\" alt=\"\" class=\"slider-364 slide-374 msDefaultImage\" title=\"history-ss14\" \/><\/li>\n                <li style=\"display: none; width: 100%;\" class=\"slide-375 ms-image\" aria-roledescription=\"slide\" data-date=\"2025-06-02 12:37:52\" data-filename=\"history-ss15.jpg\" data-slide-type=\"image\"><img loading=\"lazy\" decoding=\"async\" src=\"https:\/\/serredelamadone.fr\/wp-content\/uploads\/2025\/06\/history-ss15.jpg\" height=\"666\" width=\"1000\" alt=\"\" class=\"slider-364 slide-375 msDefaultImage\" title=\"history-ss15\" \/><\/li>\n                <li style=\"display: none; width: 100%;\" class=\"slide-376 ms-image\" aria-roledescription=\"slide\" data-date=\"2025-06-02 12:37:52\" data-filename=\"history-ss16.jpg\" data-slide-type=\"image\"><img loading=\"lazy\" decoding=\"async\" src=\"https:\/\/serredelamadone.fr\/wp-content\/uploads\/2025\/06\/history-ss16.jpg\" height=\"666\" width=\"1000\" alt=\"\" class=\"slider-364 slide-376 msDefaultImage\" title=\"history-ss16\" \/><\/li>\n            <\/ul>\n        <\/div>\n        \n    <\/div>\n<\/div>\n<\/div>\n<\/div>\n\n\n\n<div style=\"height:50px\" aria-hidden=\"true\" class=\"wp-block-spacer spacer-20-no-margin\"><\/div>\n\n\n\n<div class=\"wp-block-columns alignwide is-layout-flex wp-container-core-columns-is-layout-28f84493 wp-block-columns-is-layout-flex\">\n<div class=\"wp-block-column is-vertically-aligned-center is-layout-flow wp-block-column-is-layout-flow\" style=\"flex-basis:33.33%\">\n<p>Chaque partie du jardin offrait une atmosph\u00e8re distincte, une palette de couleurs propre, ou un spectacle saisonnier singulier. Grand voyageur, Johnston parcourut les montagnes du Drakensberg, les pentes du Kilimandjaro, les fynbos du Cap ou encore les for\u00eats du Yunnan, ramenant de chacun de ses p\u00e9riples graines, boutures\u2026 et id\u00e9es nouvelles. Ses carnets, ses lettres et ses journaux de voyage t\u00e9moignent d\u2019un souci m\u00e9ticuleux des conditions de sol, des altitudes et des rythmes de floraison.<\/p>\n<\/div>\n\n\n\n<div class=\"wp-block-column is-layout-flow wp-block-column-is-layout-flow\" style=\"flex-basis:66.66%\"><div id=\"metaslider-id-382\" style=\"width: 100%;\" class=\"ml-slider-3-105-0 ml-slider-pro-2-46-0 metaslider metaslider-flex metaslider-382 ml-slider ms-theme-default-base nav-hidden nav-hidden\" role=\"region\" aria-label=\"History Slider 2\" data-height=\"666\" data-width=\"1000\">\n    <div id=\"metaslider_container_382\">\n        <div id=\"metaslider_382\">\n            <ul class='slides'>\n                <li style=\"display: block; width: 100%;\" class=\"slide-389 ms-image\" aria-roledescription=\"slide\" data-date=\"2025-06-02 13:01:44\" data-filename=\"history-ss21.jpg\" data-slide-type=\"image\"><img loading=\"lazy\" decoding=\"async\" src=\"https:\/\/serredelamadone.fr\/wp-content\/uploads\/2025\/06\/history-ss21.jpg\" height=\"666\" width=\"1000\" alt=\"\" class=\"slider-382 slide-389 msDefaultImage\" title=\"history-ss21\" \/><\/li>\n                <li style=\"display: none; width: 100%;\" class=\"slide-390 ms-image\" aria-roledescription=\"slide\" data-date=\"2025-06-02 13:01:44\" data-filename=\"history-ss22.jpg\" data-slide-type=\"image\"><img loading=\"lazy\" decoding=\"async\" src=\"https:\/\/serredelamadone.fr\/wp-content\/uploads\/2025\/06\/history-ss22.jpg\" height=\"666\" width=\"1000\" alt=\"\" class=\"slider-382 slide-390 msDefaultImage\" title=\"history-ss22\" \/><\/li>\n                <li style=\"display: none; width: 100%;\" class=\"slide-391 ms-image\" aria-roledescription=\"slide\" data-date=\"2025-06-02 13:01:44\" data-filename=\"history-ss23.jpg\" data-slide-type=\"image\"><img loading=\"lazy\" decoding=\"async\" src=\"https:\/\/serredelamadone.fr\/wp-content\/uploads\/2025\/06\/history-ss23.jpg\" height=\"666\" width=\"1000\" alt=\"\" class=\"slider-382 slide-391 msDefaultImage\" title=\"history-ss23\" \/><\/li>\n                <li style=\"display: none; width: 100%;\" class=\"slide-392 ms-image\" aria-roledescription=\"slide\" data-date=\"2025-06-02 13:01:44\" data-filename=\"history-ss24.jpg\" data-slide-type=\"image\"><img loading=\"lazy\" decoding=\"async\" src=\"https:\/\/serredelamadone.fr\/wp-content\/uploads\/2025\/06\/history-ss24.jpg\" height=\"666\" width=\"1000\" alt=\"\" class=\"slider-382 slide-392 msDefaultImage\" title=\"history-ss24\" \/><\/li>\n                <li style=\"display: none; width: 100%;\" class=\"slide-393 ms-image\" aria-roledescription=\"slide\" data-date=\"2025-06-02 13:01:44\" data-filename=\"history-ss25.jpg\" data-slide-type=\"image\"><img loading=\"lazy\" decoding=\"async\" src=\"https:\/\/serredelamadone.fr\/wp-content\/uploads\/2025\/06\/history-ss25.jpg\" height=\"666\" width=\"1000\" alt=\"\" class=\"slider-382 slide-393 msDefaultImage\" title=\"history-ss25\" \/><\/li>\n                <li style=\"display: none; width: 100%;\" class=\"slide-394 ms-image\" aria-roledescription=\"slide\" data-date=\"2025-06-02 13:01:44\" data-filename=\"history-ss26.jpg\" data-slide-type=\"image\"><img loading=\"lazy\" decoding=\"async\" src=\"https:\/\/serredelamadone.fr\/wp-content\/uploads\/2025\/06\/history-ss26.jpg\" height=\"666\" width=\"1000\" alt=\"\" class=\"slider-382 slide-394 msDefaultImage\" title=\"history-ss26\" \/><\/li>\n            <\/ul>\n        <\/div>\n        \n    <\/div>\n<\/div>\n<\/div>\n<\/div>\n\n\n\n<div style=\"height:50px\" aria-hidden=\"true\" class=\"wp-block-spacer\"><\/div>","protected":false},"excerpt":{"rendered":"<p>Nestled in the hills of Menton, Serre de la Madone was created between 1924 and 1939 by Lawrence Waterbury Johnston (1871\u20131958), a Franco-American botanist, explorer, and garden designer. He was [&hellip;]<\/p>","protected":false},"author":1,"featured_media":0,"parent":0,"menu_order":0,"comment_status":"closed","ping_status":"closed","template":"page-no-title","meta":{"_EventAllDay":false,"_EventTimezone":"","_EventStartDate":"","_EventEndDate":"","_EventStartDateUTC":"","_EventEndDateUTC":"","_EventShowMap":false,"_EventShowMapLink":false,"_EventURL":"","_EventCost":"","_EventCostDescription":"","_EventCurrencySymbol":"","_EventCurrencyCode":"","_EventCurrencyPosition":"","_EventDateTimeSeparator":"","_EventTimeRangeSeparator":"","_EventOrganizerID":[],"_EventVenueID":[],"_OrganizerEmail":"","_OrganizerPhone":"","_OrganizerWebsite":"","_VenueAddress":"","_VenueCity":"","_VenueCountry":"","_VenueProvince":"","_VenueState":"","_VenueZip":"","_VenuePhone":"","_VenueURL":"","_VenueStateProvince":"","_VenueLat":"","_VenueLng":"","_VenueShowMap":false,"_VenueShowMapLink":false,"footnotes":""},"class_list":["post-142","page","type-page","status-publish","hentry"],"_links":{"self":[{"href":"https:\/\/serredelamadone.fr\/fr\/wp-json\/wp\/v2\/pages\/142","targetHints":{"allow":["GET"]}}],"collection":[{"href":"https:\/\/serredelamadone.fr\/fr\/wp-json\/wp\/v2\/pages"}],"about":[{"href":"https:\/\/serredelamadone.fr\/fr\/wp-json\/wp\/v2\/types\/page"}],"author":[{"embeddable":true,"href":"https:\/\/serredelamadone.fr\/fr\/wp-json\/wp\/v2\/users\/1"}],"replies":[{"embeddable":true,"href":"https:\/\/serredelamadone.fr\/fr\/wp-json\/wp\/v2\/comments?post=142"}],"version-history":[{"count":52,"href":"https:\/\/serredelamadone.fr\/fr\/wp-json\/wp\/v2\/pages\/142\/revisions"}],"predecessor-version":[{"id":2268,"href":"https:\/\/serredelamadone.fr\/fr\/wp-json\/wp\/v2\/pages\/142\/revisions\/2268"}],"wp:attachment":[{"href":"https:\/\/serredelamadone.fr\/fr\/wp-json\/wp\/v2\/media?parent=142"}],"curies":[{"name":"wp","href":"https:\/\/api.w.org\/{rel}","templated":true}]}}