{"id":1170,"date":"2025-08-14T10:57:12","date_gmt":"2025-08-14T08:57:12","guid":{"rendered":"https:\/\/serredelamadone.fr\/?page_id=1170"},"modified":"2025-09-19T12:57:36","modified_gmt":"2025-09-19T10:57:36","slug":"boutique","status":"publish","type":"page","link":"https:\/\/serredelamadone.fr\/fr\/boutique\/","title":{"rendered":"Boutique"},"content":{"rendered":"<div class=\"wp-block-cover alignfull green-band wp-duotone-unset-1\" style=\"margin-top:0;margin-bottom:0;padding-top:var(--wp--preset--spacing--50);padding-right:var(--wp--preset--spacing--50);padding-bottom:var(--wp--preset--spacing--50);padding-left:var(--wp--preset--spacing--50);min-height:25vw;aspect-ratio:unset;\"><img loading=\"lazy\" decoding=\"async\" width=\"2000\" height=\"556\" class=\"wp-block-cover__image-background wp-image-1179 size-full\" alt=\"\" src=\"https:\/\/serredelamadone.fr\/wp-content\/uploads\/2025\/08\/boutique-header.jpg\" data-object-fit=\"cover\" srcset=\"https:\/\/serredelamadone.fr\/wp-content\/uploads\/2025\/08\/boutique-header.jpg 2000w, https:\/\/serredelamadone.fr\/wp-content\/uploads\/2025\/08\/boutique-header-768x214.jpg 768w, https:\/\/serredelamadone.fr\/wp-content\/uploads\/2025\/08\/boutique-header-1536x427.jpg 1536w, https:\/\/serredelamadone.fr\/wp-content\/uploads\/2025\/08\/boutique-header-18x5.jpg 18w\" sizes=\"auto, (max-width: 2000px) 100vw, 2000px\" \/><span aria-hidden=\"true\" class=\"wp-block-cover__background has-black-background-color has-background-dim-30 has-background-dim\"><\/span><div class=\"wp-block-cover__inner-container has-global-padding is-layout-constrained wp-container-core-cover-is-layout-d89aad35 wp-block-cover-is-layout-constrained\">\n<div class=\"wp-block-group alignwide has-global-padding is-content-justification-left is-layout-constrained wp-container-core-group-is-layout-12dd3699 wp-block-group-is-layout-constrained\">\n<h2 class=\"wp-block-heading has-text-align-left has-xx-large-font-size\">Boutique &amp; Tisanerie du jardin Serre de la Madone<\/h2>\n\n\n<\/div>\n<\/div><\/div>\n\n\n\n<div style=\"height:50px\" aria-hidden=\"true\" class=\"wp-block-spacer spacer-20-no-margin\"><\/div>\n\n\n\n<div class=\"wp-block-columns alignwide is-style-default is-layout-flex wp-container-core-columns-is-layout-28f84493 wp-block-columns-is-layout-flex\">\n<div class=\"wp-block-column is-layout-flow wp-block-column-is-layout-flow\" style=\"flex-basis:50%\">\n<h2 class=\"wp-block-heading\">Une entr\u00e9e en douceur dans l\u2019univers du jardin<\/h2>\n\n\n\n<p>D\u00e8s votre arriv\u00e9e au <strong>jardin Serre de la Madone<\/strong>, notre espace d\u2019accueil vous invite \u00e0 vivre une exp\u00e9rience compl\u00e8te, m\u00ealant <strong>d\u00e9couverte culturelle, pause gourmande et inspiration botanique<\/strong>.<\/p>\n\n\n\n<p>Vous y trouverez la <strong>billetterie<\/strong>, la <strong>boutique<\/strong>, et la <strong>tisanerie<\/strong>, dans une atmosph\u00e8re chaleureuse et intimiste, en parfaite harmonie avec l\u2019esprit du&nbsp;lieu.<\/p>\n<\/div>\n\n\n\n<div class=\"wp-block-column is-layout-flow wp-block-column-is-layout-flow\" style=\"flex-basis:50%\">\n<figure class=\"wp-block-image size-full\"><img loading=\"lazy\" decoding=\"async\" width=\"1200\" height=\"900\" src=\"https:\/\/serredelamadone.fr\/wp-content\/uploads\/2025\/08\/boutique-entry.jpg\" alt=\"\" class=\"wp-image-1180\" srcset=\"https:\/\/serredelamadone.fr\/wp-content\/uploads\/2025\/08\/boutique-entry.jpg 1200w, https:\/\/serredelamadone.fr\/wp-content\/uploads\/2025\/08\/boutique-entry-768x576.jpg 768w, https:\/\/serredelamadone.fr\/wp-content\/uploads\/2025\/08\/boutique-entry-16x12.jpg 16w\" sizes=\"auto, (max-width: 1200px) 100vw, 1200px\" \/><\/figure>\n<\/div>\n<\/div>\n\n\n\n<div style=\"height:30px\" aria-hidden=\"true\" class=\"wp-block-spacer spacer-20-no-margin\"><\/div>\n\n\n\n<div class=\"wp-block-columns alignwide is-style-default is-layout-flex wp-container-core-columns-is-layout-28f84493 wp-block-columns-is-layout-flex\">\n<div class=\"wp-block-column is-layout-flow wp-block-column-is-layout-flow\" style=\"flex-basis:50%\">\n<h2 class=\"wp-block-heading\">La boutique : \u00e9l\u00e9gance, nature et inspiration<\/h2>\n\n\n\n<p>Pens\u00e9e comme une extension du jardin, notre boutique est un espace o\u00f9 l\u2019on prend le temps de fl\u00e2ner et de s\u2019inspirer. Elle prolonge la visite \u00e0 travers une s\u00e9lection pointue, m\u00ealant art de vivre, nature et savoir-faire local.<\/p>\n\n\n\n<ul class=\"wp-block-list\">\n<li><strong>D\u00e9coration &amp; art de vivre :<\/strong> objets uniques pour la maison et le jardin<\/li>\n\n\n\n<li><strong>Jardinage :<\/strong> outils et accessoires de qualit\u00e9<\/li>\n\n\n\n<li><strong>Mode &amp; accessoires :<\/strong> pi\u00e8ces raffin\u00e9es inspir\u00e9es par la nature<\/li>\n\n\n\n<li><strong>Litt\u00e9rature botanique :<\/strong> beaux livres, guides et ouvrages sp\u00e9cialis\u00e9s<\/li>\n\n\n\n<li><strong>Papeterie :<\/strong> carnets, cartes et illustrations<\/li>\n\n\n\n<li><strong>Produits gourmands :<\/strong> saveurs issues de l\u2019agrumiculture locale<\/li>\n<\/ul>\n\n\n\n<p>Chaque article refl\u00e8te l\u2019\u00e2me du jardin : <strong>authenticit\u00e9, \u00e9l\u00e9gance et lien profond avec le monde v\u00e9g\u00e9tal.<\/strong>.<\/p>\n<\/div>\n\n\n\n<div class=\"wp-block-column is-layout-flow wp-block-column-is-layout-flow\" style=\"flex-basis:50%\">\n<figure class=\"wp-block-image size-full\"><img loading=\"lazy\" decoding=\"async\" width=\"1200\" height=\"900\" src=\"https:\/\/serredelamadone.fr\/wp-content\/uploads\/2025\/08\/boutique.jpg\" alt=\"\" class=\"wp-image-1181\" srcset=\"https:\/\/serredelamadone.fr\/wp-content\/uploads\/2025\/08\/boutique.jpg 1200w, https:\/\/serredelamadone.fr\/wp-content\/uploads\/2025\/08\/boutique-768x576.jpg 768w, https:\/\/serredelamadone.fr\/wp-content\/uploads\/2025\/08\/boutique-16x12.jpg 16w\" sizes=\"auto, (max-width: 1200px) 100vw, 1200px\" \/><\/figure>\n<\/div>\n<\/div>\n\n\n\n<div style=\"height:30px\" aria-hidden=\"true\" class=\"wp-block-spacer spacer-20-no-margin\"><\/div>\n\n\n\n<div class=\"wp-block-columns alignwide is-style-default is-layout-flex wp-container-core-columns-is-layout-28f84493 wp-block-columns-is-layout-flex\">\n<div class=\"wp-block-column is-layout-flow wp-block-column-is-layout-flow\" style=\"flex-basis:50%\">\n<h2 class=\"wp-block-heading\">La tisanerie : une pause de douceur<\/h2>\n\n\n\n<p>Nich\u00e9e dans un cadre apaisant, notre tisanerie invite \u00e0 savourer un moment hors du temps, entre nature et s\u00e9r\u00e9nit\u00e9.<\/p>\n\n\n\n<ul class=\"wp-block-list\">\n<li><strong>Boissons chaudes :<\/strong> th\u00e9s, infusions parfum\u00e9es, caf\u00e9s<\/li>\n\n\n\n<li><strong>Boissons fra\u00eeches :<\/strong> limonades et sirop citron issu de l\u2019agrumiculture locale<\/li>\n<\/ul>\n\n\n\n<p>C\u2019est l\u2019endroit id\u00e9al pour <strong>se d\u00e9tendre apr\u00e8s la visite<\/strong>, profiter d\u2019un instant pour soi ou simplement contempler la beaut\u00e9 des lieux.<\/p>\n<\/div>\n\n\n\n<div class=\"wp-block-column is-layout-flow wp-block-column-is-layout-flow\" style=\"flex-basis:50%\">\n<figure class=\"wp-block-image size-full\"><img loading=\"lazy\" decoding=\"async\" width=\"1200\" height=\"900\" src=\"https:\/\/serredelamadone.fr\/wp-content\/uploads\/2025\/08\/boutique-tisanerie.jpg\" alt=\"\" class=\"wp-image-1182\" srcset=\"https:\/\/serredelamadone.fr\/wp-content\/uploads\/2025\/08\/boutique-tisanerie.jpg 1200w, https:\/\/serredelamadone.fr\/wp-content\/uploads\/2025\/08\/boutique-tisanerie-768x576.jpg 768w, https:\/\/serredelamadone.fr\/wp-content\/uploads\/2025\/08\/boutique-tisanerie-16x12.jpg 16w\" sizes=\"auto, (max-width: 1200px) 100vw, 1200px\" \/><\/figure>\n<\/div>\n<\/div>\n\n\n\n<div style=\"height:30px\" aria-hidden=\"true\" class=\"wp-block-spacer spacer-20-no-margin\"><\/div>\n\n\n\n<div class=\"wp-block-columns alignwide is-style-default is-layout-flex wp-container-core-columns-is-layout-28f84493 wp-block-columns-is-layout-flex\">\n<div class=\"wp-block-column is-layout-flow wp-block-column-is-layout-flow\" style=\"flex-basis:50%\">\n<h2 class=\"wp-block-heading\">Informations pratiques<\/h2>\n\n\n\n<p><strong>Ouverture<\/strong> : tous les jours sauf le lundi<br><strong>Horaires<\/strong> :10h - 17h (hiver) \/ 10h - 18h (\u00e9t\u00e9)<br><strong>Acc\u00e8s libre<\/strong> \u00e0 la boutique et \u00e0 la tisanerie (hors billet d\u2019entr\u00e9e pour la visite du&nbsp;jardin)<\/p>\n\n\n<\/div>\n<\/div>\n\n\n\n<div style=\"height:50px\" aria-hidden=\"true\" class=\"wp-block-spacer\"><\/div>","protected":false},"excerpt":{"rendered":"<p>An immersive entry to the world of the garden Upon arrival at Serre de la Madone garden, our inviting reception area offers a complete experience, combining cultural discovery, a gourmet [&hellip;]<\/p>","protected":false},"author":1,"featured_media":0,"parent":0,"menu_order":0,"comment_status":"closed","ping_status":"closed","template":"page-no-title","meta":{"_EventAllDay":false,"_EventTimezone":"","_EventStartDate":"","_EventEndDate":"","_EventStartDateUTC":"","_EventEndDateUTC":"","_EventShowMap":false,"_EventShowMapLink":false,"_EventURL":"","_EventCost":"","_EventCostDescription":"","_EventCurrencySymbol":"","_EventCurrencyCode":"","_EventCurrencyPosition":"","_EventDateTimeSeparator":"","_EventTimeRangeSeparator":"","_EventOrganizerID":[],"_EventVenueID":[],"_OrganizerEmail":"","_OrganizerPhone":"","_OrganizerWebsite":"","_VenueAddress":"","_VenueCity":"","_VenueCountry":"","_VenueProvince":"","_VenueState":"","_VenueZip":"","_VenuePhone":"","_VenueURL":"","_VenueStateProvince":"","_VenueLat":"","_VenueLng":"","_VenueShowMap":false,"_VenueShowMapLink":false,"footnotes":""},"class_list":["post-1170","page","type-page","status-publish","hentry"],"_links":{"self":[{"href":"https:\/\/serredelamadone.fr\/fr\/wp-json\/wp\/v2\/pages\/1170","targetHints":{"allow":["GET"]}}],"collection":[{"href":"https:\/\/serredelamadone.fr\/fr\/wp-json\/wp\/v2\/pages"}],"about":[{"href":"https:\/\/serredelamadone.fr\/fr\/wp-json\/wp\/v2\/types\/page"}],"author":[{"embeddable":true,"href":"https:\/\/serredelamadone.fr\/fr\/wp-json\/wp\/v2\/users\/1"}],"replies":[{"embeddable":true,"href":"https:\/\/serredelamadone.fr\/fr\/wp-json\/wp\/v2\/comments?post=1170"}],"version-history":[{"count":18,"href":"https:\/\/serredelamadone.fr\/fr\/wp-json\/wp\/v2\/pages\/1170\/revisions"}],"predecessor-version":[{"id":2309,"href":"https:\/\/serredelamadone.fr\/fr\/wp-json\/wp\/v2\/pages\/1170\/revisions\/2309"}],"wp:attachment":[{"href":"https:\/\/serredelamadone.fr\/fr\/wp-json\/wp\/v2\/media?parent=1170"}],"curies":[{"name":"wp","href":"https:\/\/api.w.org\/{rel}","templated":true}]}}